{"id":418,"date":"2018-09-17T11:22:57","date_gmt":"2018-09-17T09:22:57","guid":{"rendered":"http:\/\/www.thehimalayantreasure.pl\/?post_type=product&#038;p=418"},"modified":"2025-11-08T11:35:41","modified_gmt":"2025-11-08T10:35:41","slug":"dal-soup","status":"publish","type":"product","link":"https:\/\/thehimalayantreasure.pl\/en\/product\/dal-soup\/","title":{"rendered":"Dal Soup"},"content":{"rendered":"<p><span>Dal soup also known as Indian lentil soup is a simple vegetarian soup dish bursting with flavor and truly delicious. With a hint of heat from chili flakes, the tang from lemon juice and the richness of lentils and veggies, you have a soul-nourishing soup. It is equal parts healthy and delicious!! Make it on the stove-top in a sauce pot or in the instant pot<\/span><\/p>\n<p>Zupa Dal, znana r\u00f3wnie\u017c jako indyjska zupa z soczewicy, to prosta wegetaria\u0144ska zupa pe\u0142na smaku i naprawd\u0119 pyszna. Z nut\u0105 ostro\u015bci p\u0142atk\u00f3w chili, kwaskowato\u015bci\u0105 soku z cytryny oraz bogactwem soczewicy i warzyw, masz po\u017cywn\u0105 zup\u0119 dla duszy. Jest w r\u00f3wnym stopniu zdrowa i pyszna! Przygotuj j\u0105 na kuchence w rondlu lub szybkowarze.<\/p>\n","protected":false},"excerpt":{"rendered":"<p>India&#8217;s national soup made delicately with yellow lentils and coriander leaf<\/p>\n<p>Narodowa zupa indyjska przyrz\u0105dzona delikatnie z \u017c\u00f3\u0142tej soczewicy i li\u015bci kolendry<\/p>\n","protected":false},"featured_media":5367,"comment_status":"open","ping_status":"closed","template":"","meta":[],"product_brand":[],"product_cat":[70],"product_tag":[],"class_list":{"0":"post-418","1":"product","2":"type-product","3":"status-publish","4":"has-post-thumbnail","6":"product_cat-zupy","8":"first","9":"instock","10":"taxable","11":"shipping-taxable","12":"purchasable","13":"product-type-simple"},"jetpack_sharing_enabled":true,"_links":{"self":[{"href":"https:\/\/thehimalayantreasure.pl\/en\/wp-json\/wp\/v2\/product\/418","targetHints":{"allow":["GET"]}}],"collection":[{"href":"https:\/\/thehimalayantreasure.pl\/en\/wp-json\/wp\/v2\/product"}],"about":[{"href":"https:\/\/thehimalayantreasure.pl\/en\/wp-json\/wp\/v2\/types\/product"}],"replies":[{"embeddable":true,"href":"https:\/\/thehimalayantreasure.pl\/en\/wp-json\/wp\/v2\/comments?post=418"}],"wp:featuredmedia":[{"embeddable":true,"href":"https:\/\/thehimalayantreasure.pl\/en\/wp-json\/wp\/v2\/media\/5367"}],"wp:attachment":[{"href":"https:\/\/thehimalayantreasure.pl\/en\/wp-json\/wp\/v2\/media?parent=418"}],"wp:term":[{"taxonomy":"product_brand","embeddable":true,"href":"https:\/\/thehimalayantreasure.pl\/en\/wp-json\/wp\/v2\/product_brand?post=418"},{"taxonomy":"product_cat","embeddable":true,"href":"https:\/\/thehimalayantreasure.pl\/en\/wp-json\/wp\/v2\/product_cat?post=418"},{"taxonomy":"product_tag","embeddable":true,"href":"https:\/\/thehimalayantreasure.pl\/en\/wp-json\/wp\/v2\/product_tag?post=418"}],"curies":[{"name":"wp","href":"https:\/\/api.w.org\/{rel}","templated":true}]}}