{"id":429,"date":"2018-09-27T17:06:17","date_gmt":"2018-09-27T15:06:17","guid":{"rendered":"http:\/\/www.thehimalayantreasure.pl\/?post_type=product&#038;p=429"},"modified":"2025-10-27T22:41:10","modified_gmt":"2025-10-27T21:41:10","slug":"tomato-soup","status":"publish","type":"product","link":"https:\/\/thehimalayantreasure.pl\/en\/product\/tomato-soup\/","title":{"rendered":"Tomato Shorba"},"content":{"rendered":"<p><span>Tomato shorba is<\/span><span><span class=\"Apple-converted-space\">&nbsp;<\/span><\/span><span><mark class=\"QVRyCf\" style=\"background-image;background-position-x;background-position-y;background-size:200% 100%;background-repeat;background-attachment;background-origin;background-clip;background-color;color:inherit;font-weight:500;border-radius:4px;padding:0px 2px\">a light, spiced Indian-style tomato soup originating from Mughlai cuisine<\/mark><\/span><span>, known for its aromatic spices like<\/span><span><span class=\"Apple-converted-space\">&nbsp;<\/span><\/span><span><u><a class=\"DTlJ6d\" href=\"https:\/\/www.google.com\/search?sca_esv=7550878c098e0420&amp;rlz=1CDGOYI_enPL993PL993&amp;hl=en-GB&amp;cs=1&amp;q=cumin&amp;sa=X&amp;ved=2ahUKEwj15bfz3r-PAxW_R_EDHWfXJscQxccNegQIBBAC&amp;mstk=AUtExfCQD7gzEJ497ZwMoFeJ9oVGnfRUUPbAruyYgsx4dEkKde5YEY0dX0CzjZSWrwX0mVmwpwahQT-GDHSc0LJP5EnGaly93QwisFyxdDDoQTM44zLo3JPQQWZBqn-D5cznXR2LWOSn9D0qbCG5tpihZph1oR0eRGzgyiFK412z2bH1HPvOHR2So7fr0HY5Eh0SHcTOHrr_Pii66LLcwZ0YIJRKIQ&amp;csui=3\" data-hveid=\"CAQQAg\" style=\"text-decoration: underline\">cumin<\/a><\/u><\/span><span><span class=\"Apple-converted-space\">&nbsp;<\/span><\/span><span>and ginger, the tanginess of ripe tomatoes, and the refreshing flavor of fresh coriander leaves and stems.<\/span><span><span class=\"Apple-converted-space\">&nbsp;<\/span><\/span><span>Unlike thick, creamy Western tomato soups, shorba is a thin, strained broth, often served as a comforting starter, particularly during colder months, and can be made vegan<\/span><\/p>\n<p>Kremowa zupa delikatnie przyrz\u0105dzona z pomidorami, li\u015b\u0107mi kolendry i indyjskimi przyprawami<\/p>\n","protected":false},"excerpt":{"rendered":"<p>Creamy soup made delicately with tomatoes, coriander leaf and indian spices<\/p>\n<p>Kremowa zupa delikatnie przyrz\u0105dzona z pomidorami, li\u015b\u0107mi kolendry i indyjskimi przyprawami<\/p>\n","protected":false},"featured_media":6425,"comment_status":"open","ping_status":"closed","template":"","meta":[],"product_brand":[],"product_cat":[70],"product_tag":[],"class_list":{"0":"post-429","1":"product","2":"type-product","3":"status-publish","4":"has-post-thumbnail","6":"product_cat-zupy","8":"first","9":"instock","10":"taxable","11":"shipping-taxable","12":"purchasable","13":"product-type-simple"},"jetpack_sharing_enabled":true,"_links":{"self":[{"href":"https:\/\/thehimalayantreasure.pl\/en\/wp-json\/wp\/v2\/product\/429","targetHints":{"allow":["GET"]}}],"collection":[{"href":"https:\/\/thehimalayantreasure.pl\/en\/wp-json\/wp\/v2\/product"}],"about":[{"href":"https:\/\/thehimalayantreasure.pl\/en\/wp-json\/wp\/v2\/types\/product"}],"replies":[{"embeddable":true,"href":"https:\/\/thehimalayantreasure.pl\/en\/wp-json\/wp\/v2\/comments?post=429"}],"wp:featuredmedia":[{"embeddable":true,"href":"https:\/\/thehimalayantreasure.pl\/en\/wp-json\/wp\/v2\/media\/6425"}],"wp:attachment":[{"href":"https:\/\/thehimalayantreasure.pl\/en\/wp-json\/wp\/v2\/media?parent=429"}],"wp:term":[{"taxonomy":"product_brand","embeddable":true,"href":"https:\/\/thehimalayantreasure.pl\/en\/wp-json\/wp\/v2\/product_brand?post=429"},{"taxonomy":"product_cat","embeddable":true,"href":"https:\/\/thehimalayantreasure.pl\/en\/wp-json\/wp\/v2\/product_cat?post=429"},{"taxonomy":"product_tag","embeddable":true,"href":"https:\/\/thehimalayantreasure.pl\/en\/wp-json\/wp\/v2\/product_tag?post=429"}],"curies":[{"name":"wp","href":"https:\/\/api.w.org\/{rel}","templated":true}]}}