{"id":435,"date":"2018-09-27T17:13:39","date_gmt":"2018-09-27T15:13:39","guid":{"rendered":"http:\/\/www.thehimalayantreasure.pl\/?post_type=product&#038;p=435"},"modified":"2025-11-08T11:32:41","modified_gmt":"2025-11-08T10:32:41","slug":"chicken-soup","status":"publish","type":"product","link":"https:\/\/thehimalayantreasure.pl\/en\/product\/chicken-soup\/","title":{"rendered":"Chicken Shorba"},"content":{"rendered":"<p>Chicken shorba. The utterly delicious combination of coriander (cilantro) leaves, chicken and spices make the flavors pop. Paired with tangy lemon slices, the flavor quotient is brought up a notch to delight your taste buds. Comfort, warmth, and deliciousness &#8211; all in one bowl. Out of all the delicious comfort foods, soups reign supreme. And shorba is soup. To be precise, flavored soup. Aromatic, warm, and comforting soups laden with spices. We love them! Obviously, there are countless ways to make flavored or spiced soups, here\u2019s the classic version to inspire your next culinary adventure. Chicken shorba. It\u2019s all about the flavored version of your favorite comforting chicken soup. Chicken, coriander (cilantro) leaves, and spices form the base of this amazing recipe, and the extra addition of lemon slices bring in striking pop of flavor.<\/p>\n<p>Kurczak shorba. Niesamowicie pyszne po\u0142\u0105czenie li\u015bci kolendry, kurczaka i przypraw sprawia, \u017ce smaki s\u0105 wyraziste. W po\u0142\u0105czeniu z pikantnymi plasterkami cytryny, iloraz smak\u00f3w zostaje podniesiony o poziom wy\u017cej, by zachwyci\u0107 Twoje kubki smakowe. Komfort, ciep\u0142o i pyszno\u015b\u0107 \u2013 wszystko w jednej misce. Spo\u015br\u00f3d wszystkich pysznych da\u0144 pocieszenia, zupy kr\u00f3luj\u0105. A shorba to zupa. A dok\u0142adniej, zupa smakowa. Aromatyczne, ciep\u0142e i rozgrzewaj\u0105ce zupy pe\u0142ne przypraw. Uwielbiamy je! Oczywi\u015bcie istnieje niezliczona ilo\u015b\u0107 sposob\u00f3w na przygotowanie zup smakowych lub pikantnych, oto klasyczna wersja, kt\u00f3ra zainspiruje Twoj\u0105 kolejn\u0105 kulinarn\u0105 przygod\u0119. Kurczak shorba. Chodzi o smakow\u0105 wersj\u0119 Twojej ulubionej, rozgrzewaj\u0105cej zupy z kurczaka. Kurczak, li\u015bcie kolendry i przyprawy stanowi\u0105 baz\u0119 tego niesamowitego przepisu, a dodatkowy dodatek plasterk\u00f3w cytryny dodaje wyrazistego smaku.<\/p>\n","protected":false},"excerpt":{"rendered":"<p>Creamy soup made of chicken stock and indian spices<\/p>\n<p>Kremowa zupa z bulionu drobiowego i indyjskich przypraw<\/p>\n","protected":false},"featured_media":5347,"comment_status":"open","ping_status":"closed","template":"","meta":[],"product_brand":[],"product_cat":[70],"product_tag":[],"class_list":{"0":"post-435","1":"product","2":"type-product","3":"status-publish","4":"has-post-thumbnail","6":"product_cat-zupy","8":"first","9":"instock","10":"taxable","11":"shipping-taxable","12":"purchasable","13":"product-type-simple"},"jetpack_sharing_enabled":true,"_links":{"self":[{"href":"https:\/\/thehimalayantreasure.pl\/en\/wp-json\/wp\/v2\/product\/435","targetHints":{"allow":["GET"]}}],"collection":[{"href":"https:\/\/thehimalayantreasure.pl\/en\/wp-json\/wp\/v2\/product"}],"about":[{"href":"https:\/\/thehimalayantreasure.pl\/en\/wp-json\/wp\/v2\/types\/product"}],"replies":[{"embeddable":true,"href":"https:\/\/thehimalayantreasure.pl\/en\/wp-json\/wp\/v2\/comments?post=435"}],"wp:featuredmedia":[{"embeddable":true,"href":"https:\/\/thehimalayantreasure.pl\/en\/wp-json\/wp\/v2\/media\/5347"}],"wp:attachment":[{"href":"https:\/\/thehimalayantreasure.pl\/en\/wp-json\/wp\/v2\/media?parent=435"}],"wp:term":[{"taxonomy":"product_brand","embeddable":true,"href":"https:\/\/thehimalayantreasure.pl\/en\/wp-json\/wp\/v2\/product_brand?post=435"},{"taxonomy":"product_cat","embeddable":true,"href":"https:\/\/thehimalayantreasure.pl\/en\/wp-json\/wp\/v2\/product_cat?post=435"},{"taxonomy":"product_tag","embeddable":true,"href":"https:\/\/thehimalayantreasure.pl\/en\/wp-json\/wp\/v2\/product_tag?post=435"}],"curies":[{"name":"wp","href":"https:\/\/api.w.org\/{rel}","templated":true}]}}