{"id":437,"date":"2018-09-27T17:17:59","date_gmt":"2018-09-27T15:17:59","guid":{"rendered":"http:\/\/www.thehimalayantreasure.pl\/?post_type=product&#038;p=437"},"modified":"2025-10-27T22:41:39","modified_gmt":"2025-10-27T21:41:39","slug":"mushroom-soup","status":"publish","type":"product","link":"https:\/\/thehimalayantreasure.pl\/en\/product\/mushroom-soup\/","title":{"rendered":"Mushroom Palak Soup"},"content":{"rendered":"<p>Mushroom Palak soup is an Indian-inspired soup that combines earthy mushrooms with the leafy goodness of spinach (palak), often in a creamy, spiced broth. It shares similarities with traditional palak dishes like Palak Paneer but substitutes paneer with mushrooms. The soup can be made in various ways, from a clear broth to a creamy, comforting dish, and typically includes aromatics like garlic and onions, along with Indian spices, for a rich flavor.<\/p>\n<p>Zupa grzybowa Palak to inspirowana kuchni\u0105 indyjsk\u0105 zupa, kt\u00f3ra \u0142\u0105czy ziemiste grzyby z dobroczynnym smakiem li\u015bci szpinaku (palak), cz\u0119sto w kremowym, korzennym bulionie. Ma podobie\u0144stwa do tradycyjnych da\u0144 z palak, takich jak Palak Paneer, ale zamiast paneeru u\u017cywa si\u0119 grzyb\u00f3w. Zup\u0119 mo\u017cna przygotowa\u0107 na r\u00f3\u017cne sposoby, od klarownego bulionu po kremowe, rozgrzewaj\u0105ce danie, i zazwyczaj zawiera aromatyczne przyprawy, takie jak czosnek i cebula, a tak\u017ce indyjskie przyprawy, kt\u00f3re nadaj\u0105 jej bogaty smak.<\/p>\n","protected":false},"excerpt":{"rendered":"<p>Soup made of mushroom and spinach with indian spices<\/p>\n<p>Zupa grzybowo-szpinakowa z indyjskimi przyprawami<\/p>\n","protected":false},"featured_media":6370,"comment_status":"open","ping_status":"closed","template":"","meta":[],"product_brand":[],"product_cat":[70],"product_tag":[],"class_list":{"0":"post-437","1":"product","2":"type-product","3":"status-publish","4":"has-post-thumbnail","6":"product_cat-zupy","8":"first","9":"instock","10":"taxable","11":"shipping-taxable","12":"purchasable","13":"product-type-simple"},"jetpack_sharing_enabled":true,"_links":{"self":[{"href":"https:\/\/thehimalayantreasure.pl\/en\/wp-json\/wp\/v2\/product\/437","targetHints":{"allow":["GET"]}}],"collection":[{"href":"https:\/\/thehimalayantreasure.pl\/en\/wp-json\/wp\/v2\/product"}],"about":[{"href":"https:\/\/thehimalayantreasure.pl\/en\/wp-json\/wp\/v2\/types\/product"}],"replies":[{"embeddable":true,"href":"https:\/\/thehimalayantreasure.pl\/en\/wp-json\/wp\/v2\/comments?post=437"}],"wp:featuredmedia":[{"embeddable":true,"href":"https:\/\/thehimalayantreasure.pl\/en\/wp-json\/wp\/v2\/media\/6370"}],"wp:attachment":[{"href":"https:\/\/thehimalayantreasure.pl\/en\/wp-json\/wp\/v2\/media?parent=437"}],"wp:term":[{"taxonomy":"product_brand","embeddable":true,"href":"https:\/\/thehimalayantreasure.pl\/en\/wp-json\/wp\/v2\/product_brand?post=437"},{"taxonomy":"product_cat","embeddable":true,"href":"https:\/\/thehimalayantreasure.pl\/en\/wp-json\/wp\/v2\/product_cat?post=437"},{"taxonomy":"product_tag","embeddable":true,"href":"https:\/\/thehimalayantreasure.pl\/en\/wp-json\/wp\/v2\/product_tag?post=437"}],"curies":[{"name":"wp","href":"https:\/\/api.w.org\/{rel}","templated":true}]}}