{"id":439,"date":"2018-09-27T17:27:22","date_gmt":"2018-09-27T15:27:22","guid":{"rendered":"http:\/\/www.thehimalayantreasure.pl\/?post_type=product&#038;p=439"},"modified":"2025-11-27T15:58:44","modified_gmt":"2025-11-27T14:58:44","slug":"mixed-pakoras","status":"publish","type":"product","link":"https:\/\/thehimalayantreasure.pl\/en\/product\/mixed-pakoras\/","title":{"rendered":"Pakora"},"content":{"rendered":"<p>Pakoras are<span class=\"Apple-converted-space\">\u00a0<\/span><mark class=\"QVRyCf\" style=\"background-image;background-position-x;background-position-y;background-size: 200% 100%;background-repeat;background-attachment;background-origin;background-clip;background-color;color: inherit;font-weight: 500;border-radius: 4px;padding: 0px 2px\">deep-fried fritters originating from the Indian subcontinent, made by coating various ingredients like vegetables, paneer, or sometimes fish and chicken, in a seasoned gram (chickpea) flour batter and then frying them until golden and crispy<\/mark>.<span class=\"Apple-converted-space\">\u00a0<\/span>They are a popular snack or appetizer, enjoyed with various chutneys, and are a common street food and restaurant staple across South Asia.<\/p>\n<p>Warzywa lub mi\u0119so panierowane w m\u0105ce z ciecierzycy i sma\u017cone na oleju<\/p>\n","protected":false},"excerpt":{"rendered":"<p>Vegetables\/meat pieces battered with chickpeas flour and fried in oil<\/p>\n<p>Warzywa lub mi\u0119so panierowane w m\u0105ce z ciecierzycy i sma\u017cone na oleju<\/p>\n","protected":false},"featured_media":6497,"comment_status":"open","ping_status":"closed","template":"","meta":[],"product_brand":[],"product_cat":[71],"product_tag":[],"class_list":{"0":"post-439","1":"product","2":"type-product","3":"status-publish","4":"has-post-thumbnail","6":"product_cat-przystawki","8":"first","9":"instock","10":"taxable","11":"shipping-taxable","12":"purchasable","13":"product-type-variable"},"jetpack_sharing_enabled":true,"_links":{"self":[{"href":"https:\/\/thehimalayantreasure.pl\/en\/wp-json\/wp\/v2\/product\/439","targetHints":{"allow":["GET"]}}],"collection":[{"href":"https:\/\/thehimalayantreasure.pl\/en\/wp-json\/wp\/v2\/product"}],"about":[{"href":"https:\/\/thehimalayantreasure.pl\/en\/wp-json\/wp\/v2\/types\/product"}],"replies":[{"embeddable":true,"href":"https:\/\/thehimalayantreasure.pl\/en\/wp-json\/wp\/v2\/comments?post=439"}],"wp:featuredmedia":[{"embeddable":true,"href":"https:\/\/thehimalayantreasure.pl\/en\/wp-json\/wp\/v2\/media\/6497"}],"wp:attachment":[{"href":"https:\/\/thehimalayantreasure.pl\/en\/wp-json\/wp\/v2\/media?parent=439"}],"wp:term":[{"taxonomy":"product_brand","embeddable":true,"href":"https:\/\/thehimalayantreasure.pl\/en\/wp-json\/wp\/v2\/product_brand?post=439"},{"taxonomy":"product_cat","embeddable":true,"href":"https:\/\/thehimalayantreasure.pl\/en\/wp-json\/wp\/v2\/product_cat?post=439"},{"taxonomy":"product_tag","embeddable":true,"href":"https:\/\/thehimalayantreasure.pl\/en\/wp-json\/wp\/v2\/product_tag?post=439"}],"curies":[{"name":"wp","href":"https:\/\/api.w.org\/{rel}","templated":true}]}}