{"id":444,"date":"2018-09-27T17:34:59","date_gmt":"2018-09-27T15:34:59","guid":{"rendered":"http:\/\/www.thehimalayantreasure.pl\/?post_type=product&#038;p=444"},"modified":"2025-12-06T11:03:47","modified_gmt":"2025-12-06T10:03:47","slug":"onion-bhaji","status":"publish","type":"product","link":"https:\/\/thehimalayantreasure.pl\/en\/product\/onion-bhaji\/","title":{"rendered":"Onion Bhaji"},"content":{"rendered":"<p><span>An onion bhaji is<\/span><span><span class=\"Apple-converted-space\">&nbsp;<\/span><\/span><span><mark class=\"QVRyCf\" style=\"background-image;background-position-x;background-position-y;background-size:200% 100%;background-repeat;background-attachment;background-origin;background-clip;background-color;color:inherit;font-weight:500;border-radius:4px;padding:0px 2px\">a popular Indian and British Indian restaurant appetizer or snack, made from thinly sliced onions coated in a spiced batter of gram (chickpea) flour and deep-fried until golden and crispy<\/mark><\/span><span>.<\/span><span><span class=\"Apple-converted-space\">&nbsp;<\/span><\/span><span>The spices often include turmeric, cumin, coriander, and chili powder, and the fritter is typically served with a chutney like mint, tamarind, or a yogurt-based dip.<\/span><\/p>\n<p>Onion bhaji to popularna przystawka lub przek\u0105ska w indyjskich i brytyjskich restauracjach, przygotowywana z cienko pokrojonej cebuli panierowanej w pikantnym cie\u015bcie z m\u0105ki z ciecierzycy i sma\u017conej w g\u0142\u0119bokim t\u0142uszczu do uzyskania z\u0142ocistego i chrupi\u0105cego koloru. Przyprawy cz\u0119sto obejmuj\u0105 kurkum\u0119, kmin rzymski, kolendr\u0119 i chili w proszku, a sma\u017cone danie zazwyczaj podaje si\u0119 z chutneyem, np. mi\u0119towym, tamaryndowcem lub dipem na bazie jogurtu.<\/p>\n","protected":false},"excerpt":{"rendered":"<p>Onions dipped in flour, fried on deep oil<\/p>\n<p>Cebulka obtoczona w m\u0105ce i sma\u017cona na g\u0142\u0119bokim oleju<\/p>\n","protected":false},"featured_media":445,"comment_status":"open","ping_status":"closed","template":"","meta":[],"product_brand":[],"product_cat":[71],"product_tag":[],"class_list":{"0":"post-444","1":"product","2":"type-product","3":"status-publish","4":"has-post-thumbnail","6":"product_cat-przystawki","8":"first","9":"instock","10":"taxable","11":"shipping-taxable","12":"purchasable","13":"product-type-simple"},"jetpack_sharing_enabled":true,"_links":{"self":[{"href":"https:\/\/thehimalayantreasure.pl\/en\/wp-json\/wp\/v2\/product\/444","targetHints":{"allow":["GET"]}}],"collection":[{"href":"https:\/\/thehimalayantreasure.pl\/en\/wp-json\/wp\/v2\/product"}],"about":[{"href":"https:\/\/thehimalayantreasure.pl\/en\/wp-json\/wp\/v2\/types\/product"}],"replies":[{"embeddable":true,"href":"https:\/\/thehimalayantreasure.pl\/en\/wp-json\/wp\/v2\/comments?post=444"}],"wp:featuredmedia":[{"embeddable":true,"href":"https:\/\/thehimalayantreasure.pl\/en\/wp-json\/wp\/v2\/media\/445"}],"wp:attachment":[{"href":"https:\/\/thehimalayantreasure.pl\/en\/wp-json\/wp\/v2\/media?parent=444"}],"wp:term":[{"taxonomy":"product_brand","embeddable":true,"href":"https:\/\/thehimalayantreasure.pl\/en\/wp-json\/wp\/v2\/product_brand?post=444"},{"taxonomy":"product_cat","embeddable":true,"href":"https:\/\/thehimalayantreasure.pl\/en\/wp-json\/wp\/v2\/product_cat?post=444"},{"taxonomy":"product_tag","embeddable":true,"href":"https:\/\/thehimalayantreasure.pl\/en\/wp-json\/wp\/v2\/product_tag?post=444"}],"curies":[{"name":"wp","href":"https:\/\/api.w.org\/{rel}","templated":true}]}}