{"id":458,"date":"2018-09-27T17:51:50","date_gmt":"2018-09-27T15:51:50","guid":{"rendered":"http:\/\/www.thehimalayantreasure.pl\/?post_type=product&#038;p=458"},"modified":"2025-12-27T16:49:58","modified_gmt":"2025-12-27T15:49:58","slug":"chicken-samosa-2-pcs","status":"publish","type":"product","link":"https:\/\/thehimalayantreasure.pl\/en\/product\/chicken-samosa-2-pcs\/","title":{"rendered":"Samosa"},"content":{"rendered":"<p><span>A samosa is a fried South Asian and West Asian snack. It is a pastry with a savory filling that mostly consists of vegetables like spiced potatoes, onions, and peas, but can also include meat , or even cheese.<\/span><\/p>\n<p>Tr\u00f3jk\u0105tne piero\u017cki nadziewane ziemniakami i zielonym groszkiem sma\u017cone na oleju<\/p>\n","protected":false},"excerpt":{"rendered":"<p>Triangular dumpling, stuffed with green peas, potatoes and deeply frieded in oil<\/p>\n<p>Tr\u00f3jk\u0105tne piero\u017cki nadziewane ziemniakami i zielonym groszkiem sma\u017cone na oleju<\/p>\n","protected":false},"featured_media":5527,"comment_status":"open","ping_status":"closed","template":"","meta":[],"product_brand":[],"product_cat":[71],"product_tag":[],"class_list":{"0":"post-458","1":"product","2":"type-product","3":"status-publish","4":"has-post-thumbnail","6":"product_cat-przystawki","8":"first","9":"instock","10":"taxable","11":"shipping-taxable","12":"purchasable","13":"product-type-variable"},"jetpack_sharing_enabled":true,"_links":{"self":[{"href":"https:\/\/thehimalayantreasure.pl\/en\/wp-json\/wp\/v2\/product\/458","targetHints":{"allow":["GET"]}}],"collection":[{"href":"https:\/\/thehimalayantreasure.pl\/en\/wp-json\/wp\/v2\/product"}],"about":[{"href":"https:\/\/thehimalayantreasure.pl\/en\/wp-json\/wp\/v2\/types\/product"}],"replies":[{"embeddable":true,"href":"https:\/\/thehimalayantreasure.pl\/en\/wp-json\/wp\/v2\/comments?post=458"}],"wp:featuredmedia":[{"embeddable":true,"href":"https:\/\/thehimalayantreasure.pl\/en\/wp-json\/wp\/v2\/media\/5527"}],"wp:attachment":[{"href":"https:\/\/thehimalayantreasure.pl\/en\/wp-json\/wp\/v2\/media?parent=458"}],"wp:term":[{"taxonomy":"product_brand","embeddable":true,"href":"https:\/\/thehimalayantreasure.pl\/en\/wp-json\/wp\/v2\/product_brand?post=458"},{"taxonomy":"product_cat","embeddable":true,"href":"https:\/\/thehimalayantreasure.pl\/en\/wp-json\/wp\/v2\/product_cat?post=458"},{"taxonomy":"product_tag","embeddable":true,"href":"https:\/\/thehimalayantreasure.pl\/en\/wp-json\/wp\/v2\/product_tag?post=458"}],"curies":[{"name":"wp","href":"https:\/\/api.w.org\/{rel}","templated":true}]}}