{"id":466,"date":"2018-09-27T18:00:48","date_gmt":"2018-09-27T16:00:48","guid":{"rendered":"http:\/\/www.thehimalayantreasure.pl\/?post_type=product&#038;p=466"},"modified":"2026-01-16T16:39:06","modified_gmt":"2026-01-16T15:39:06","slug":"aloo-tikki","status":"publish","type":"product","link":"https:\/\/thehimalayantreasure.pl\/en\/product\/aloo-tikki\/","title":{"rendered":"Aloo Tikki (4Pcs.)"},"content":{"rendered":"<p>Aloo Tikki is a very popular snack indigenous to the Indian subcontinent. In Hindi, Aloo means \u201cpotato\u201d and tikki means \u201cpatties or cutlet\u201d. Made with boiled &amp; mashed potatoes, spices and herbs, these Indian style potato patties are shallow fried or pan fried to perfection until crisp.<\/p>\n<p>Aloo Tikki is considered to be the Indian version of the hash brown although there are multiple variations to this snack, owing to the changes in the regional cuisine. You will find them with plenty of customizations like a stuffed aloo tikki or simply a spicier, thinner and more flavorful one.<\/p>\n<p><span><\/span><\/p>\n<p>Aloo Tikki to bardzo popularna przek\u0105ska pochodz\u0105ca z subkontynentu indyjskiego. W j\u0119zyku hindi Aloo oznacza \u201eziemniak\u201d, a tikki \u201eplacki lub kotlet\u201d. Te indyjskie placki ziemniaczane, przygotowywane z gotowanych i puree ziemniaczanego, przypraw i zi\u00f3\u0142, s\u0105 sma\u017cone na ma\u0142ej ilo\u015bci t\u0142uszczu lub na patelni, a\u017c do uzyskania idealnej chrupko\u015bci.<\/p>\n<p>Aloo Tikki jest uwa\u017cane za indyjsk\u0105 wersj\u0119 plack\u00f3w ziemniaczanych, cho\u0107 ze wzgl\u0119du na zmiany w kuchni regionalnej istnieje wiele odmian tej przek\u0105ski. Znajdziesz je w wielu wariantach, takich jak nadziewane aloo tikki lub po prostu w wersji ostrzejszej, cie\u0144szej i bardziej aromatycznej.<\/p>\n","protected":false},"excerpt":{"rendered":"<p>Mashed potatoes battered in indian spice and deep fried in oil<\/p>\n<p>Puree ziemniaczane panierowane w indyjskiej przyprawie i sma\u017cone na oleju<\/p>\n","protected":false},"featured_media":6321,"comment_status":"open","ping_status":"closed","template":"","meta":[],"product_brand":[],"product_cat":[71],"product_tag":[],"class_list":{"0":"post-466","1":"product","2":"type-product","3":"status-publish","4":"has-post-thumbnail","6":"product_cat-przystawki","8":"first","9":"instock","10":"taxable","11":"shipping-taxable","12":"purchasable","13":"product-type-simple"},"jetpack_sharing_enabled":true,"_links":{"self":[{"href":"https:\/\/thehimalayantreasure.pl\/en\/wp-json\/wp\/v2\/product\/466","targetHints":{"allow":["GET"]}}],"collection":[{"href":"https:\/\/thehimalayantreasure.pl\/en\/wp-json\/wp\/v2\/product"}],"about":[{"href":"https:\/\/thehimalayantreasure.pl\/en\/wp-json\/wp\/v2\/types\/product"}],"replies":[{"embeddable":true,"href":"https:\/\/thehimalayantreasure.pl\/en\/wp-json\/wp\/v2\/comments?post=466"}],"wp:featuredmedia":[{"embeddable":true,"href":"https:\/\/thehimalayantreasure.pl\/en\/wp-json\/wp\/v2\/media\/6321"}],"wp:attachment":[{"href":"https:\/\/thehimalayantreasure.pl\/en\/wp-json\/wp\/v2\/media?parent=466"}],"wp:term":[{"taxonomy":"product_brand","embeddable":true,"href":"https:\/\/thehimalayantreasure.pl\/en\/wp-json\/wp\/v2\/product_brand?post=466"},{"taxonomy":"product_cat","embeddable":true,"href":"https:\/\/thehimalayantreasure.pl\/en\/wp-json\/wp\/v2\/product_cat?post=466"},{"taxonomy":"product_tag","embeddable":true,"href":"https:\/\/thehimalayantreasure.pl\/en\/wp-json\/wp\/v2\/product_tag?post=466"}],"curies":[{"name":"wp","href":"https:\/\/api.w.org\/{rel}","templated":true}]}}