{"id":476,"date":"2018-09-27T18:13:41","date_gmt":"2018-09-27T16:13:41","guid":{"rendered":"http:\/\/www.thehimalayantreasure.pl\/?post_type=product&#038;p=476"},"modified":"2025-11-08T11:33:18","modified_gmt":"2025-11-08T10:33:18","slug":"chicken-tikka","status":"publish","type":"product","link":"https:\/\/thehimalayantreasure.pl\/en\/product\/chicken-tikka\/","title":{"rendered":"Chicken Tikka"},"content":{"rendered":"<p><span>Chicken Tikka are boneless pieces of chicken, marinated in spiced yogurt, threaded on a metal skewer and cooked on live charcoal. The term \u201cTikka\u201d translates to a piece or chu<\/span><span>nk.<\/span>Undoubtedly Tandoori chicken is the king of all tikkas in the tandoor repertoire. Amidst all the street food, kebabs, tikkas, biryanis and grilled meats I\u2019ve scoffed down over the years in India and the UK; this dish is a firm fixture on every restaurant and street cart menu. There is an array of tandoori chicken dishes on offer and a few I have covered on the blog as well including&nbsp;Kali Mirch Murgh Tikka cooked with crushed black pepper&nbsp;and also my favorite recipe&nbsp;Kandhari Murgh Tikka cooked in pomegranate molasses and spices.<\/p>\n<p><span><\/span><\/p>\n<p>Niew\u0105tpliwie kurczak Tandoori jest kr\u00f3lem wszystkich tikka w repertuarze tandoor. Po\u015br\u00f3d ca\u0142ego jedzenia ulicznego, kebab\u00f3w, tikka, biryani i grillowanego mi\u0119sa, kt\u00f3re poch\u0142ania\u0142em przez lata w Indiach i Wielkiej Brytanii; danie to jest sta\u0142ym elementem menu ka\u017cdej restauracji i w\u00f3zka ulicznego. W ofercie jest ca\u0142a gama da\u0144 z kurczakiem tandoori, a kilka z nich opisa\u0142em r\u00f3wnie\u017c na blogu, w tym Kali Mirch Murgh Tikka gotowane z kruszonym czarnym pieprzem, a tak\u017ce m\u00f3j ulubiony przepis Kandhari Murgh Tikka gotowane w melasie z granat\u00f3w i przyprawach.<\/p>\n","protected":false},"excerpt":{"rendered":"<p>Chicken marinated with yoghurt and indian sice than baked in tandoor<\/p>\n<p>Kurczak marynowany w jogurcie i przyprawach indyjskich, a nast\u0119pnie pieczony w piecu tandoor<\/p>\n","protected":false},"featured_media":6491,"comment_status":"open","ping_status":"closed","template":"","meta":[],"product_brand":[],"product_cat":[72],"product_tag":[],"class_list":{"0":"post-476","1":"product","2":"type-product","3":"status-publish","4":"has-post-thumbnail","6":"product_cat-przystawki-tandoori","8":"first","9":"instock","10":"taxable","11":"shipping-taxable","12":"purchasable","13":"product-type-simple"},"jetpack_sharing_enabled":true,"_links":{"self":[{"href":"https:\/\/thehimalayantreasure.pl\/en\/wp-json\/wp\/v2\/product\/476","targetHints":{"allow":["GET"]}}],"collection":[{"href":"https:\/\/thehimalayantreasure.pl\/en\/wp-json\/wp\/v2\/product"}],"about":[{"href":"https:\/\/thehimalayantreasure.pl\/en\/wp-json\/wp\/v2\/types\/product"}],"replies":[{"embeddable":true,"href":"https:\/\/thehimalayantreasure.pl\/en\/wp-json\/wp\/v2\/comments?post=476"}],"wp:featuredmedia":[{"embeddable":true,"href":"https:\/\/thehimalayantreasure.pl\/en\/wp-json\/wp\/v2\/media\/6491"}],"wp:attachment":[{"href":"https:\/\/thehimalayantreasure.pl\/en\/wp-json\/wp\/v2\/media?parent=476"}],"wp:term":[{"taxonomy":"product_brand","embeddable":true,"href":"https:\/\/thehimalayantreasure.pl\/en\/wp-json\/wp\/v2\/product_brand?post=476"},{"taxonomy":"product_cat","embeddable":true,"href":"https:\/\/thehimalayantreasure.pl\/en\/wp-json\/wp\/v2\/product_cat?post=476"},{"taxonomy":"product_tag","embeddable":true,"href":"https:\/\/thehimalayantreasure.pl\/en\/wp-json\/wp\/v2\/product_tag?post=476"}],"curies":[{"name":"wp","href":"https:\/\/api.w.org\/{rel}","templated":true}]}}