{"id":479,"date":"2018-09-27T18:16:03","date_gmt":"2018-09-27T16:16:03","guid":{"rendered":"http:\/\/www.thehimalayantreasure.pl\/?post_type=product&#038;p=479"},"modified":"2025-11-08T11:32:11","modified_gmt":"2025-11-08T10:32:11","slug":"chicken-malai-tikka","status":"publish","type":"product","link":"https:\/\/thehimalayantreasure.pl\/en\/product\/chicken-malai-tikka\/","title":{"rendered":"Chicken Malai Tikka"},"content":{"rendered":"<p>Murgh Malai Tikkas to bring in some much needed sunshine! I long for spring and of course a gorgeous bright summer. It\u2019s April and still cold, dreary with a chill in the air. Most days I feel like a hearty one pot steaming bowl of curry and some roti but even in this weather you can\u2019t go amiss with warm creamy tikkas stuffed in fluffy naan with chutney.<\/p>\n<p>Murgh Malai Tikkas are bite size pieces of chicken cooked in a creamy marinade with yoghurt, cheese, ginger, garlic and chilli. There is a balance of flavour from the creamy yoghurt along with the heat of the ground chilli paste and warmth from the garam masala powder. I use a little bit of corn flour to help bind the marinade; I find it clings to the chicken better. The marinating is done in two parts; first in vinegar, garlic and ginger which help tenderise the chicken pieces and then followed by adding the remaining ingredients.<\/p>\n<p>This is an easy recipe and definitely one for a mid week meal. I use boneless chicken thighs as they cook really quick and stay moist. Finished with a pinch of garam masala and chaat masala it is delicious served with a green chutney and some bread.<\/p>\n<p>Murgh Malai Tikkas, by przynie\u015b\u0107 troch\u0119 tak bardzo potrzebnego s\u0142o\u0144ca! T\u0119skni\u0119 za wiosn\u0105 i oczywi\u015bcie za pi\u0119knym, jasnym latem. Jest kwiecie\u0144, a wci\u0105\u017c zimno, ponuro, z ch\u0142odem w powietrzu. Wi\u0119kszo\u015b\u0107 dni mam ochot\u0119 na syc\u0105c\u0105, paruj\u0105c\u0105 misk\u0119 curry z jednego garnka i roti, ale nawet w tak\u0105 pogod\u0119 nie mo\u017cna si\u0119 pomyli\u0107 z ciep\u0142ymi, kremowymi tikkami nadziewanymi puszystym naanem z chutneyem.<\/p>\n<p>Murgh Malai Tikkas to kawa\u0142ki kurczaka wielko\u015bci k\u0119sa, gotowane w kremowej marynacie z jogurtem, serem, imbirem, czosnkiem i chili. Kremowy jogurt \u0142\u0105czy si\u0119 z ostro\u015bci\u0105 pasty z mielonego chili i ciep\u0142em garam masala. U\u017cywam odrobiny m\u0105ki kukurydzianej, aby pom\u00f3c w zwi\u0105zaniu marynaty; moim zdaniem lepiej przylega do kurczaka. Marynowanie odbywa si\u0119 w dw\u00f3ch etapach: najpierw w occie, czosnku i imbirze, kt\u00f3re pomagaj\u0105 zmi\u0119kczy\u0107 kawa\u0142ki kurczaka, a nast\u0119pnie dodaj\u0119 pozosta\u0142e sk\u0142adniki.<\/p>\n<p>To prosty przepis, idealny na posi\u0142ek w \u015brodku tygodnia. U\u017cywam bezkostnych ud kurczaka, poniewa\u017c gotuj\u0105 si\u0119 bardzo szybko i pozostaj\u0105 soczyste. Doprawione szczypt\u0105 garam masala i chaat masala, danie smakuje wy\u015bmienicie z zielonym chutneyem i pieczywem.<\/p>\n","protected":false},"excerpt":{"rendered":"<p>Chicken marinated with cashew nuts cream and indian sice than baked in tandoor<\/p>\n<p>Kurczak marynowany w kremie z orzech\u00f3w nerkowca i przyprawach indyjskich, a nast\u0119pnie pieczony w piecu tandoor<\/p>\n","protected":false},"featured_media":6360,"comment_status":"open","ping_status":"closed","template":"","meta":[],"product_brand":[],"product_cat":[72],"product_tag":[],"class_list":{"0":"post-479","1":"product","2":"type-product","3":"status-publish","4":"has-post-thumbnail","6":"product_cat-przystawki-tandoori","8":"first","9":"instock","10":"taxable","11":"shipping-taxable","12":"purchasable","13":"product-type-simple"},"jetpack_sharing_enabled":true,"_links":{"self":[{"href":"https:\/\/thehimalayantreasure.pl\/en\/wp-json\/wp\/v2\/product\/479","targetHints":{"allow":["GET"]}}],"collection":[{"href":"https:\/\/thehimalayantreasure.pl\/en\/wp-json\/wp\/v2\/product"}],"about":[{"href":"https:\/\/thehimalayantreasure.pl\/en\/wp-json\/wp\/v2\/types\/product"}],"replies":[{"embeddable":true,"href":"https:\/\/thehimalayantreasure.pl\/en\/wp-json\/wp\/v2\/comments?post=479"}],"wp:featuredmedia":[{"embeddable":true,"href":"https:\/\/thehimalayantreasure.pl\/en\/wp-json\/wp\/v2\/media\/6360"}],"wp:attachment":[{"href":"https:\/\/thehimalayantreasure.pl\/en\/wp-json\/wp\/v2\/media?parent=479"}],"wp:term":[{"taxonomy":"product_brand","embeddable":true,"href":"https:\/\/thehimalayantreasure.pl\/en\/wp-json\/wp\/v2\/product_brand?post=479"},{"taxonomy":"product_cat","embeddable":true,"href":"https:\/\/thehimalayantreasure.pl\/en\/wp-json\/wp\/v2\/product_cat?post=479"},{"taxonomy":"product_tag","embeddable":true,"href":"https:\/\/thehimalayantreasure.pl\/en\/wp-json\/wp\/v2\/product_tag?post=479"}],"curies":[{"name":"wp","href":"https:\/\/api.w.org\/{rel}","templated":true}]}}