{"id":482,"date":"2018-09-27T18:18:27","date_gmt":"2018-09-27T16:18:27","guid":{"rendered":"http:\/\/www.thehimalayantreasure.pl\/?post_type=product&#038;p=482"},"modified":"2025-12-04T12:33:03","modified_gmt":"2025-12-04T11:33:03","slug":"tandoori-chicken","status":"publish","type":"product","link":"https:\/\/thehimalayantreasure.pl\/en\/product\/tandoori-chicken\/","title":{"rendered":"Tandoori Chicken"},"content":{"rendered":"<p><span>Tandoori chicken is a dish made from chicken marinated in yogurt and spices and roasted in a tandoor, a cylindrical clay oven. The dish is now popular worldwide. The modern form of the dish was popularized by the Moti Mahal restaurant in New Delhi, India in the late 1940s.<\/span><\/p>\n<p>Kawa\u0142ki kurczaka z ko\u015bci\u0105 marynowane z jogurtem i indyjskimi przyprawami a nast\u0119pnie pieczone w piecu tandoor<\/p>\n","protected":false},"excerpt":{"rendered":"<p>Pieces of chicken with bone marinated with yoghurt and indian spices then baked in tandoor<\/p>\n<p>Kawa\u0142ki kurczaka z ko\u015bci\u0105 marynowane z jogurtem i indyjskimi przyprawami a nast\u0119pnie pieczone w piecu tandoor<\/p>\n","protected":false},"featured_media":6730,"comment_status":"open","ping_status":"closed","template":"","meta":[],"product_brand":[],"product_cat":[72],"product_tag":[],"class_list":{"0":"post-482","1":"product","2":"type-product","3":"status-publish","4":"has-post-thumbnail","6":"product_cat-przystawki-tandoori","8":"first","9":"instock","10":"taxable","11":"shipping-taxable","12":"purchasable","13":"product-type-simple"},"jetpack_sharing_enabled":true,"_links":{"self":[{"href":"https:\/\/thehimalayantreasure.pl\/en\/wp-json\/wp\/v2\/product\/482","targetHints":{"allow":["GET"]}}],"collection":[{"href":"https:\/\/thehimalayantreasure.pl\/en\/wp-json\/wp\/v2\/product"}],"about":[{"href":"https:\/\/thehimalayantreasure.pl\/en\/wp-json\/wp\/v2\/types\/product"}],"replies":[{"embeddable":true,"href":"https:\/\/thehimalayantreasure.pl\/en\/wp-json\/wp\/v2\/comments?post=482"}],"wp:featuredmedia":[{"embeddable":true,"href":"https:\/\/thehimalayantreasure.pl\/en\/wp-json\/wp\/v2\/media\/6730"}],"wp:attachment":[{"href":"https:\/\/thehimalayantreasure.pl\/en\/wp-json\/wp\/v2\/media?parent=482"}],"wp:term":[{"taxonomy":"product_brand","embeddable":true,"href":"https:\/\/thehimalayantreasure.pl\/en\/wp-json\/wp\/v2\/product_brand?post=482"},{"taxonomy":"product_cat","embeddable":true,"href":"https:\/\/thehimalayantreasure.pl\/en\/wp-json\/wp\/v2\/product_cat?post=482"},{"taxonomy":"product_tag","embeddable":true,"href":"https:\/\/thehimalayantreasure.pl\/en\/wp-json\/wp\/v2\/product_tag?post=482"}],"curies":[{"name":"wp","href":"https:\/\/api.w.org\/{rel}","templated":true}]}}