{"id":488,"date":"2018-09-27T18:25:14","date_gmt":"2018-09-27T16:25:14","guid":{"rendered":"http:\/\/www.thehimalayantreasure.pl\/?post_type=product&#038;p=488"},"modified":"2025-08-24T11:48:56","modified_gmt":"2025-08-24T09:48:56","slug":"mutton-sheek-kebab","status":"publish","type":"product","link":"https:\/\/thehimalayantreasure.pl\/en\/product\/mutton-sheek-kebab\/","title":{"rendered":"Lamb Sheek Kebab"},"content":{"rendered":"<p>Lamb Rara Gosht is&nbsp;a flavorful, North Indian mutton (or lamb) dish known for its unique combination of both mutton pieces and minced mutton (keema) cooked together in a rich, aromatic gravy of onions, tomatoes, and whole and powdered spices.&nbsp;This popular dish, originating from Northern India, features mutton that is first saut\u00e9ed or &#8220;bhunnaed&#8221; to build a robust flavor and then slow-cooked to tenderness, often with yogurt and fresh ginger and garlic, creating a melt-in-your-mouth texture.<\/p>\n<p>Lamb Rara Gosht to aromatyczne danie z baraniny (lub jagni\u0119ciny) z p\u00f3\u0142nocnych Indii, znane z unikalnego po\u0142\u0105czenia kawa\u0142k\u00f3w baraniny i mielonej baraniny (keema), gotowanych razem w bogatym, aromatycznym sosie z cebuli, pomidor\u00f3w oraz ca\u0142ych i sproszkowanych przypraw. To popularne danie, pochodz\u0105ce z p\u00f3\u0142nocnych Indii, sk\u0142ada si\u0119 z baraniny, kt\u00f3ra jest najpierw sma\u017cona lub \u201ebhunnaed\u201d, aby uzyska\u0107 wyrazisty smak, a nast\u0119pnie powoli gotowana do mi\u0119kko\u015bci, cz\u0119sto z jogurtem i \u015bwie\u017cym imbirem i czosnkiem, tworz\u0105c rozp\u0142ywaj\u0105c\u0105 si\u0119 w ustach konsystencj\u0119.<\/p>\n","protected":false},"excerpt":{"rendered":"<p>Minced meat of lamb with indian spice, coriander and juicy authentic flavor baked in tandoor<\/p>\n<p>Mielone mi\u0119so jagni\u0119ce z indyjsk\u0105 przypraw\u0105, kolendr\u0105 i soczystym autentycznym smakiem pieczone w piecu tandoor<\/p>\n","protected":false},"featured_media":5470,"comment_status":"open","ping_status":"closed","template":"","meta":[],"product_brand":[],"product_cat":[72],"product_tag":[],"class_list":{"0":"post-488","1":"product","2":"type-product","3":"status-publish","4":"has-post-thumbnail","6":"product_cat-przystawki-tandoori","8":"first","9":"instock","10":"taxable","11":"shipping-taxable","12":"purchasable","13":"product-type-simple"},"jetpack_sharing_enabled":true,"_links":{"self":[{"href":"https:\/\/thehimalayantreasure.pl\/en\/wp-json\/wp\/v2\/product\/488","targetHints":{"allow":["GET"]}}],"collection":[{"href":"https:\/\/thehimalayantreasure.pl\/en\/wp-json\/wp\/v2\/product"}],"about":[{"href":"https:\/\/thehimalayantreasure.pl\/en\/wp-json\/wp\/v2\/types\/product"}],"replies":[{"embeddable":true,"href":"https:\/\/thehimalayantreasure.pl\/en\/wp-json\/wp\/v2\/comments?post=488"}],"wp:featuredmedia":[{"embeddable":true,"href":"https:\/\/thehimalayantreasure.pl\/en\/wp-json\/wp\/v2\/media\/5470"}],"wp:attachment":[{"href":"https:\/\/thehimalayantreasure.pl\/en\/wp-json\/wp\/v2\/media?parent=488"}],"wp:term":[{"taxonomy":"product_brand","embeddable":true,"href":"https:\/\/thehimalayantreasure.pl\/en\/wp-json\/wp\/v2\/product_brand?post=488"},{"taxonomy":"product_cat","embeddable":true,"href":"https:\/\/thehimalayantreasure.pl\/en\/wp-json\/wp\/v2\/product_cat?post=488"},{"taxonomy":"product_tag","embeddable":true,"href":"https:\/\/thehimalayantreasure.pl\/en\/wp-json\/wp\/v2\/product_tag?post=488"}],"curies":[{"name":"wp","href":"https:\/\/api.w.org\/{rel}","templated":true}]}}