{"id":494,"date":"2018-09-27T18:31:46","date_gmt":"2018-09-27T16:31:46","guid":{"rendered":"http:\/\/www.thehimalayantreasure.pl\/?post_type=product&#038;p=494"},"modified":"2026-01-21T17:17:11","modified_gmt":"2026-01-21T16:17:11","slug":"chicken-chowmin","status":"publish","type":"product","link":"https:\/\/thehimalayantreasure.pl\/en\/product\/chicken-chowmin\/","title":{"rendered":"Chowmein"},"content":{"rendered":"<p>Chow Mein is a stir-fried noodle dish commonly found in Nepalese homes. It&#8217;s made with noodles, vegetables, and optional meat, all tossed in a tangy sauce. This dish is often enjoyed as a quick snack or meal.<\/p>\n<p>Chow Mein to sma\u017cony makaron, popularny w nepalskich domach. Przygotowuje si\u0119 go z makaronu, warzyw i opcjonalnie mi\u0119sa, a wszystko to polane jest pikantnym sosem. Danie to cz\u0119sto spo\u017cywa si\u0119 jako szybk\u0105 przek\u0105sk\u0119 lub posi\u0142ek.<\/p>\n","protected":false},"excerpt":{"rendered":"<p>Pasta Noodles (spaghetti) cooked with mixed vegetables\/meats\/eggs and nepalese herbs<\/p>\n<p>Makaron spaghetti gotowany z mieszank\u0105 warzyw\/mi\u0119sem\/jajkami i zio\u0142ami nepalskimi<\/p>\n","protected":false},"featured_media":6232,"comment_status":"open","ping_status":"closed","template":"","meta":[],"product_brand":[],"product_cat":[73],"product_tag":[],"class_list":{"0":"post-494","1":"product","2":"type-product","3":"status-publish","4":"has-post-thumbnail","6":"product_cat-nepali-tibetan-corner","8":"first","9":"instock","10":"taxable","11":"shipping-taxable","12":"purchasable","13":"product-type-variable"},"jetpack_sharing_enabled":true,"_links":{"self":[{"href":"https:\/\/thehimalayantreasure.pl\/en\/wp-json\/wp\/v2\/product\/494","targetHints":{"allow":["GET"]}}],"collection":[{"href":"https:\/\/thehimalayantreasure.pl\/en\/wp-json\/wp\/v2\/product"}],"about":[{"href":"https:\/\/thehimalayantreasure.pl\/en\/wp-json\/wp\/v2\/types\/product"}],"replies":[{"embeddable":true,"href":"https:\/\/thehimalayantreasure.pl\/en\/wp-json\/wp\/v2\/comments?post=494"}],"wp:featuredmedia":[{"embeddable":true,"href":"https:\/\/thehimalayantreasure.pl\/en\/wp-json\/wp\/v2\/media\/6232"}],"wp:attachment":[{"href":"https:\/\/thehimalayantreasure.pl\/en\/wp-json\/wp\/v2\/media?parent=494"}],"wp:term":[{"taxonomy":"product_brand","embeddable":true,"href":"https:\/\/thehimalayantreasure.pl\/en\/wp-json\/wp\/v2\/product_brand?post=494"},{"taxonomy":"product_cat","embeddable":true,"href":"https:\/\/thehimalayantreasure.pl\/en\/wp-json\/wp\/v2\/product_cat?post=494"},{"taxonomy":"product_tag","embeddable":true,"href":"https:\/\/thehimalayantreasure.pl\/en\/wp-json\/wp\/v2\/product_tag?post=494"}],"curies":[{"name":"wp","href":"https:\/\/api.w.org\/{rel}","templated":true}]}}