{"id":4945,"date":"2024-03-01T22:24:59","date_gmt":"2024-03-01T21:24:59","guid":{"rendered":"https:\/\/thehimalayantreasure.pl\/?post_type=product&#038;p=4945"},"modified":"2025-10-27T22:42:59","modified_gmt":"2025-10-27T21:42:59","slug":"masala-papad-1-pce","status":"publish","type":"product","link":"https:\/\/thehimalayantreasure.pl\/en\/product\/masala-papad-1-pce\/","title":{"rendered":"Masala Papad (1 pce)"},"content":{"rendered":"<p>Papad topped with spicy slads with tomato, red onions, cucumber and coriander<\/p>\n<p>Papad z pikantn\u0105 sa\u0142atk\u0105 z pomidora, czerwonej cebuli, og\u00f3rka i kolendry<\/p>\n","protected":false},"excerpt":{"rendered":"<p>Papad topped with spicy slads with tomato, red onions, cucumber and coriander<\/p>\n<p>Papad z pikantn\u0105 sa\u0142atk\u0105 z pomidora, czerwonej cebuli, og\u00f3rka i kolendry<\/p>\n","protected":false},"featured_media":4946,"comment_status":"open","ping_status":"closed","template":"","meta":[],"product_brand":[],"product_cat":[71],"product_tag":[],"class_list":{"0":"post-4945","1":"product","2":"type-product","3":"status-publish","4":"has-post-thumbnail","6":"product_cat-przystawki","8":"first","9":"instock","10":"taxable","11":"shipping-taxable","12":"purchasable","13":"product-type-simple"},"jetpack_sharing_enabled":true,"_links":{"self":[{"href":"https:\/\/thehimalayantreasure.pl\/en\/wp-json\/wp\/v2\/product\/4945","targetHints":{"allow":["GET"]}}],"collection":[{"href":"https:\/\/thehimalayantreasure.pl\/en\/wp-json\/wp\/v2\/product"}],"about":[{"href":"https:\/\/thehimalayantreasure.pl\/en\/wp-json\/wp\/v2\/types\/product"}],"replies":[{"embeddable":true,"href":"https:\/\/thehimalayantreasure.pl\/en\/wp-json\/wp\/v2\/comments?post=4945"}],"wp:featuredmedia":[{"embeddable":true,"href":"https:\/\/thehimalayantreasure.pl\/en\/wp-json\/wp\/v2\/media\/4946"}],"wp:attachment":[{"href":"https:\/\/thehimalayantreasure.pl\/en\/wp-json\/wp\/v2\/media?parent=4945"}],"wp:term":[{"taxonomy":"product_brand","embeddable":true,"href":"https:\/\/thehimalayantreasure.pl\/en\/wp-json\/wp\/v2\/product_brand?post=4945"},{"taxonomy":"product_cat","embeddable":true,"href":"https:\/\/thehimalayantreasure.pl\/en\/wp-json\/wp\/v2\/product_cat?post=4945"},{"taxonomy":"product_tag","embeddable":true,"href":"https:\/\/thehimalayantreasure.pl\/en\/wp-json\/wp\/v2\/product_tag?post=4945"}],"curies":[{"name":"wp","href":"https:\/\/api.w.org\/{rel}","templated":true}]}}