{"id":497,"date":"2018-09-27T18:34:07","date_gmt":"2018-09-27T16:34:07","guid":{"rendered":"http:\/\/www.thehimalayantreasure.pl\/?post_type=product&#038;p=497"},"modified":"2025-11-08T17:29:08","modified_gmt":"2025-11-08T16:29:08","slug":"veg-momo","status":"publish","type":"product","link":"https:\/\/thehimalayantreasure.pl\/en\/product\/veg-momo\/","title":{"rendered":"Vegetable momo"},"content":{"rendered":"<p><span>Veg momos are<\/span><span><span class=\"Apple-converted-space\">&nbsp;<\/span><\/span><span><mark class=\"QVRyCf\" style=\"background-image;background-position-x;background-position-y;background-size:200% 100%;background-repeat;background-attachment;background-origin;background-clip;background-color;color:inherit;font-weight:500;border-radius:4px;padding:0px 2px\">vegetarian dumplings originating from Tibet, made with a thin dough wrapper filled with finely chopped, seasoned vegetables like cabbage, carrots, and onions, and then typically steamed<\/mark><\/span><span>.<\/span><span><span class=\"Apple-converted-space\">&nbsp;<\/span><\/span><span>They are a popular street food in North India and other Asian countries, often served with a spicy chili chutney or momo sauce<\/span><\/p>\n<p>Nepalskie piero\u017cki faszerowane mielon\u0105 mieszank\u0105 warzyw, cebul\u0105 i czosnkiem, gotowane na parze<\/p>\n","protected":false},"excerpt":{"rendered":"<p>Nepalease steamed dumplings stuffed with minced mixed vegetables, onion and garlic<\/p>\n<p>Nepalskie piero\u017cki faszerowane mielon\u0105 mieszank\u0105 warzyw, cebul\u0105 i czosnkiem, gotowane na parze<\/p>\n","protected":false},"featured_media":6257,"comment_status":"open","ping_status":"closed","template":"","meta":[],"product_brand":[],"product_cat":[73],"product_tag":[],"class_list":{"0":"post-497","1":"product","2":"type-product","3":"status-publish","4":"has-post-thumbnail","6":"product_cat-nepali-tibetan-corner","8":"first","9":"instock","10":"taxable","11":"shipping-taxable","12":"purchasable","13":"product-type-simple"},"jetpack_sharing_enabled":true,"_links":{"self":[{"href":"https:\/\/thehimalayantreasure.pl\/en\/wp-json\/wp\/v2\/product\/497","targetHints":{"allow":["GET"]}}],"collection":[{"href":"https:\/\/thehimalayantreasure.pl\/en\/wp-json\/wp\/v2\/product"}],"about":[{"href":"https:\/\/thehimalayantreasure.pl\/en\/wp-json\/wp\/v2\/types\/product"}],"replies":[{"embeddable":true,"href":"https:\/\/thehimalayantreasure.pl\/en\/wp-json\/wp\/v2\/comments?post=497"}],"wp:featuredmedia":[{"embeddable":true,"href":"https:\/\/thehimalayantreasure.pl\/en\/wp-json\/wp\/v2\/media\/6257"}],"wp:attachment":[{"href":"https:\/\/thehimalayantreasure.pl\/en\/wp-json\/wp\/v2\/media?parent=497"}],"wp:term":[{"taxonomy":"product_brand","embeddable":true,"href":"https:\/\/thehimalayantreasure.pl\/en\/wp-json\/wp\/v2\/product_brand?post=497"},{"taxonomy":"product_cat","embeddable":true,"href":"https:\/\/thehimalayantreasure.pl\/en\/wp-json\/wp\/v2\/product_cat?post=497"},{"taxonomy":"product_tag","embeddable":true,"href":"https:\/\/thehimalayantreasure.pl\/en\/wp-json\/wp\/v2\/product_tag?post=497"}],"curies":[{"name":"wp","href":"https:\/\/api.w.org\/{rel}","templated":true}]}}