{"id":4977,"date":"2024-03-01T23:52:51","date_gmt":"2024-03-01T22:52:51","guid":{"rendered":"https:\/\/thehimalayantreasure.pl\/?post_type=product&#038;p=4977"},"modified":"2026-01-21T17:16:53","modified_gmt":"2026-01-21T16:16:53","slug":"vegetable-fried-momo","status":"publish","type":"product","link":"https:\/\/thehimalayantreasure.pl\/en\/product\/vegetable-fried-momo\/","title":{"rendered":"Vegetable fried momo"},"content":{"rendered":"<p><span>Veg fried momos are<\/span><span><span class=\"Apple-converted-space\">&nbsp;<\/span><\/span><span><mark class=\"QVRyCf\" style=\"background-image;background-position-x;background-position-y;background-size:200% 100%;background-repeat;background-attachment;background-origin;background-clip;background-color;color:inherit;font-weight:500;border-radius:4px;padding:0px 2px\">a popular Tibetan and Nepalese dish consisting of thinly wrapped dumplings filled with a mixture of finely chopped vegetables like cabbage, carrots, and onions, then deep-fried or pan-fried until crispy<\/mark><\/span><span>.<\/span><span><span class=\"Apple-converted-space\">&nbsp;<\/span><\/span><span>They are often seasoned with spices, served with a dipping sauce, and enjoyed as a snack, appetizer, or street food.<\/span><\/p>\n<p>Sma\u017cone nepalskie pierogi faszerowane mieszank\u0105 warzyw, cebul\u0105 i czosnkiem<\/p>\n","protected":false},"excerpt":{"rendered":"<p>Nepalease fried dumplings stuffed with mixed vegetables, onion and garlic<\/p>\n<p>Sma\u017cone nepalskie pierogi faszerowane mieszank\u0105 warzyw, cebul\u0105 i czosnkiem<\/p>\n","protected":false},"featured_media":6429,"comment_status":"open","ping_status":"closed","template":"","meta":[],"product_brand":[],"product_cat":[73],"product_tag":[],"class_list":{"0":"post-4977","1":"product","2":"type-product","3":"status-publish","4":"has-post-thumbnail","6":"product_cat-nepali-tibetan-corner","8":"first","9":"instock","10":"taxable","11":"shipping-taxable","12":"purchasable","13":"product-type-simple"},"jetpack_sharing_enabled":true,"_links":{"self":[{"href":"https:\/\/thehimalayantreasure.pl\/en\/wp-json\/wp\/v2\/product\/4977","targetHints":{"allow":["GET"]}}],"collection":[{"href":"https:\/\/thehimalayantreasure.pl\/en\/wp-json\/wp\/v2\/product"}],"about":[{"href":"https:\/\/thehimalayantreasure.pl\/en\/wp-json\/wp\/v2\/types\/product"}],"replies":[{"embeddable":true,"href":"https:\/\/thehimalayantreasure.pl\/en\/wp-json\/wp\/v2\/comments?post=4977"}],"wp:featuredmedia":[{"embeddable":true,"href":"https:\/\/thehimalayantreasure.pl\/en\/wp-json\/wp\/v2\/media\/6429"}],"wp:attachment":[{"href":"https:\/\/thehimalayantreasure.pl\/en\/wp-json\/wp\/v2\/media?parent=4977"}],"wp:term":[{"taxonomy":"product_brand","embeddable":true,"href":"https:\/\/thehimalayantreasure.pl\/en\/wp-json\/wp\/v2\/product_brand?post=4977"},{"taxonomy":"product_cat","embeddable":true,"href":"https:\/\/thehimalayantreasure.pl\/en\/wp-json\/wp\/v2\/product_cat?post=4977"},{"taxonomy":"product_tag","embeddable":true,"href":"https:\/\/thehimalayantreasure.pl\/en\/wp-json\/wp\/v2\/product_tag?post=4977"}],"curies":[{"name":"wp","href":"https:\/\/api.w.org\/{rel}","templated":true}]}}