{"id":4980,"date":"2024-03-01T23:57:36","date_gmt":"2024-03-01T22:57:36","guid":{"rendered":"https:\/\/thehimalayantreasure.pl\/?post_type=product&#038;p=4980"},"modified":"2025-12-02T19:05:54","modified_gmt":"2025-12-02T18:05:54","slug":"vegetable-fried-chilly-momo","status":"publish","type":"product","link":"https:\/\/thehimalayantreasure.pl\/en\/product\/vegetable-fried-chilly-momo\/","title":{"rendered":"Vegetable fried chilly momo \ud83c\udf36\ufe0f"},"content":{"rendered":"<p><span>Veg Fried Chili Momo is<\/span><span><span class=\"Apple-converted-space\">&nbsp;<\/span><\/span><span><mark class=\"QVRyCf\" style=\"background-image;background-position-x;background-position-y;background-size:200% 100%;background-repeat;background-attachment;background-origin;background-clip;background-color;color:inherit;font-weight:500;border-radius:4px;padding:0px 2px\">a popular street food and dish from Nepal and Tibet, featuring vegetable-filled dumplings that are fried and then tossed in a spicy, tangy, and flavorful chili-based sauce, often with ingredients like soy sauce, garlic, ginger, and tomatoes<\/mark><\/span><span>.<\/span><span><span class=\"Apple-converted-space\">&nbsp;<\/span><\/span><span>The dish is known for its combination of textures from the crispy fried momos and the savory, slightly sweet sauce, making for a bold and satisfying snack or appetizer<\/span><\/p>\n<p>Nepalskie sma\u017cone piero\u017cki warzywne doprawione pikantno-s\u0142odkim sosie z czosnkiem, papryk\u0105 i pomidorami<\/p>\n","protected":false},"excerpt":{"rendered":"<p>Nepalease fried vegetable dumplings seasoned with spicy and sweet garlic sauce with paprica and tomatoes<\/p>\n<p>Nepalskie sma\u017cone piero\u017cki warzywne doprawione pikantno-s\u0142odkim sosie z czosnkiem, papryk\u0105 i pomidorami<\/p>\n","protected":false},"featured_media":5430,"comment_status":"open","ping_status":"closed","template":"","meta":[],"product_brand":[],"product_cat":[73],"product_tag":[],"class_list":{"0":"post-4980","1":"product","2":"type-product","3":"status-publish","4":"has-post-thumbnail","6":"product_cat-nepali-tibetan-corner","8":"first","9":"instock","10":"taxable","11":"shipping-taxable","12":"purchasable","13":"product-type-simple"},"jetpack_sharing_enabled":true,"_links":{"self":[{"href":"https:\/\/thehimalayantreasure.pl\/en\/wp-json\/wp\/v2\/product\/4980","targetHints":{"allow":["GET"]}}],"collection":[{"href":"https:\/\/thehimalayantreasure.pl\/en\/wp-json\/wp\/v2\/product"}],"about":[{"href":"https:\/\/thehimalayantreasure.pl\/en\/wp-json\/wp\/v2\/types\/product"}],"replies":[{"embeddable":true,"href":"https:\/\/thehimalayantreasure.pl\/en\/wp-json\/wp\/v2\/comments?post=4980"}],"wp:featuredmedia":[{"embeddable":true,"href":"https:\/\/thehimalayantreasure.pl\/en\/wp-json\/wp\/v2\/media\/5430"}],"wp:attachment":[{"href":"https:\/\/thehimalayantreasure.pl\/en\/wp-json\/wp\/v2\/media?parent=4980"}],"wp:term":[{"taxonomy":"product_brand","embeddable":true,"href":"https:\/\/thehimalayantreasure.pl\/en\/wp-json\/wp\/v2\/product_brand?post=4980"},{"taxonomy":"product_cat","embeddable":true,"href":"https:\/\/thehimalayantreasure.pl\/en\/wp-json\/wp\/v2\/product_cat?post=4980"},{"taxonomy":"product_tag","embeddable":true,"href":"https:\/\/thehimalayantreasure.pl\/en\/wp-json\/wp\/v2\/product_tag?post=4980"}],"curies":[{"name":"wp","href":"https:\/\/api.w.org\/{rel}","templated":true}]}}