{"id":4985,"date":"2024-03-02T00:01:04","date_gmt":"2024-03-01T23:01:04","guid":{"rendered":"https:\/\/thehimalayantreasure.pl\/?post_type=product&#038;p=4985"},"modified":"2025-12-06T11:00:17","modified_gmt":"2025-12-06T10:00:17","slug":"chicken-fried-momo","status":"publish","type":"product","link":"https:\/\/thehimalayantreasure.pl\/en\/product\/chicken-fried-momo\/","title":{"rendered":"Chicken fried momo"},"content":{"rendered":"<p><span>Chicken fried momos are<\/span><span><span class=\"Apple-converted-space\">&nbsp;<\/span><\/span><span><mark class=\"QVRyCf\" style=\"background-image;background-position-x;background-position-y;background-size:200% 100%;background-repeat;background-attachment;background-origin;background-clip;background-color;color:inherit;font-weight:500;border-radius:4px;padding:0px 2px\">a popular Nepalese and Indo-Tibetan street food consisting of dumplings filled with minced chicken, spices, and herbs, then steamed and subsequently deep-fried to achieve a crispy exterior<\/mark><\/span><span>.<\/span><span><span class=\"Apple-converted-space\">&nbsp;<\/span><\/span><span>These savory treats are a favorite snack or appetizer, originally from Tibet, that are now widely sold and adapted in various forms throughout India and other parts of Asia.<\/span><\/p>\n<p>Nepalskie piero\u017cki z mielonym kurczakiem, \u015bwie\u017c\u0105 cebul\u0105 i czosnkiem gotowane na parze a nast\u0119pnie sma\u017cone<\/p>\n","protected":false},"excerpt":{"rendered":"<p>Nepalease dumplings stuffed with minced chicken, fresh onion and garlic, steamed then fried<\/p>\n<p>Nepalskie piero\u017cki z mielonym kurczakiem, \u015bwie\u017c\u0105 cebul\u0105 i czosnkiem gotowane na parze a nast\u0119pnie sma\u017cone<\/p>\n","protected":false},"featured_media":6215,"comment_status":"open","ping_status":"closed","template":"","meta":[],"product_brand":[],"product_cat":[73],"product_tag":[],"class_list":{"0":"post-4985","1":"product","2":"type-product","3":"status-publish","4":"has-post-thumbnail","6":"product_cat-nepali-tibetan-corner","8":"first","9":"instock","10":"taxable","11":"shipping-taxable","12":"purchasable","13":"product-type-simple"},"jetpack_sharing_enabled":true,"_links":{"self":[{"href":"https:\/\/thehimalayantreasure.pl\/en\/wp-json\/wp\/v2\/product\/4985","targetHints":{"allow":["GET"]}}],"collection":[{"href":"https:\/\/thehimalayantreasure.pl\/en\/wp-json\/wp\/v2\/product"}],"about":[{"href":"https:\/\/thehimalayantreasure.pl\/en\/wp-json\/wp\/v2\/types\/product"}],"replies":[{"embeddable":true,"href":"https:\/\/thehimalayantreasure.pl\/en\/wp-json\/wp\/v2\/comments?post=4985"}],"wp:featuredmedia":[{"embeddable":true,"href":"https:\/\/thehimalayantreasure.pl\/en\/wp-json\/wp\/v2\/media\/6215"}],"wp:attachment":[{"href":"https:\/\/thehimalayantreasure.pl\/en\/wp-json\/wp\/v2\/media?parent=4985"}],"wp:term":[{"taxonomy":"product_brand","embeddable":true,"href":"https:\/\/thehimalayantreasure.pl\/en\/wp-json\/wp\/v2\/product_brand?post=4985"},{"taxonomy":"product_cat","embeddable":true,"href":"https:\/\/thehimalayantreasure.pl\/en\/wp-json\/wp\/v2\/product_cat?post=4985"},{"taxonomy":"product_tag","embeddable":true,"href":"https:\/\/thehimalayantreasure.pl\/en\/wp-json\/wp\/v2\/product_tag?post=4985"}],"curies":[{"name":"wp","href":"https:\/\/api.w.org\/{rel}","templated":true}]}}