{"id":4989,"date":"2024-03-02T00:03:45","date_gmt":"2024-03-01T23:03:45","guid":{"rendered":"https:\/\/thehimalayantreasure.pl\/?post_type=product&#038;p=4989"},"modified":"2025-12-06T11:00:05","modified_gmt":"2025-12-06T10:00:05","slug":"chicken-fried-chilli-momo","status":"publish","type":"product","link":"https:\/\/thehimalayantreasure.pl\/en\/product\/chicken-fried-chilli-momo\/","title":{"rendered":"Chicken fried chilli momo \ud83c\udf36\ufe0f"},"content":{"rendered":"<p><span>Chicken Fried Chili Momo is<\/span><span><span class=\"Apple-converted-space\">&nbsp;<\/span><\/span><span><mark class=\"QVRyCf\" style=\"background-image;background-position-x;background-position-y;background-size:200% 100%;background-repeat;background-attachment;background-origin;background-clip;background-color;color:inherit;font-weight:500;border-radius:4px;padding:0px 2px\">a popular Nepali and Indo-Tibetan dish consisting of deep-fried momos (dumplings) filled with minced chicken, then tossed in a spicy, sweet, and savory chili garlic sauce with onions and bell peppers<\/mark><\/span><span>.<\/span><span><span class=\"Apple-converted-space\">&nbsp;<\/span><\/span><span>It&#8217;s a flavorful and crunchy variation of traditional steamed momos, often served as a street food snack or appetizer.<\/span><\/p>\n<p>Nepalskie piero\u017cki z mielonym kurczakiem, \u015bwie\u017c\u0105 cebul\u0105 i czosnkiem, gotowane na parze a nast\u0119pnie sma\u017cone<\/p>\n","protected":false},"excerpt":{"rendered":"<p>Nepalease dumplings stuffed with minced chicken, onion and garlic, steamed then fried<\/p>\n<p>Nepalskie piero\u017cki z mielonym kurczakiem, \u015bwie\u017c\u0105 cebul\u0105 i czosnkiem, gotowane na parze a nast\u0119pnie sma\u017cone<\/p>\n","protected":false},"featured_media":6211,"comment_status":"open","ping_status":"closed","template":"","meta":[],"product_brand":[],"product_cat":[73],"product_tag":[],"class_list":{"0":"post-4989","1":"product","2":"type-product","3":"status-publish","4":"has-post-thumbnail","6":"product_cat-nepali-tibetan-corner","8":"first","9":"instock","10":"taxable","11":"shipping-taxable","12":"purchasable","13":"product-type-simple"},"jetpack_sharing_enabled":true,"_links":{"self":[{"href":"https:\/\/thehimalayantreasure.pl\/en\/wp-json\/wp\/v2\/product\/4989","targetHints":{"allow":["GET"]}}],"collection":[{"href":"https:\/\/thehimalayantreasure.pl\/en\/wp-json\/wp\/v2\/product"}],"about":[{"href":"https:\/\/thehimalayantreasure.pl\/en\/wp-json\/wp\/v2\/types\/product"}],"replies":[{"embeddable":true,"href":"https:\/\/thehimalayantreasure.pl\/en\/wp-json\/wp\/v2\/comments?post=4989"}],"wp:featuredmedia":[{"embeddable":true,"href":"https:\/\/thehimalayantreasure.pl\/en\/wp-json\/wp\/v2\/media\/6211"}],"wp:attachment":[{"href":"https:\/\/thehimalayantreasure.pl\/en\/wp-json\/wp\/v2\/media?parent=4989"}],"wp:term":[{"taxonomy":"product_brand","embeddable":true,"href":"https:\/\/thehimalayantreasure.pl\/en\/wp-json\/wp\/v2\/product_brand?post=4989"},{"taxonomy":"product_cat","embeddable":true,"href":"https:\/\/thehimalayantreasure.pl\/en\/wp-json\/wp\/v2\/product_cat?post=4989"},{"taxonomy":"product_tag","embeddable":true,"href":"https:\/\/thehimalayantreasure.pl\/en\/wp-json\/wp\/v2\/product_tag?post=4989"}],"curies":[{"name":"wp","href":"https:\/\/api.w.org\/{rel}","templated":true}]}}