{"id":4997,"date":"2024-03-02T00:10:48","date_gmt":"2024-03-01T23:10:48","guid":{"rendered":"https:\/\/thehimalayantreasure.pl\/?post_type=product&#038;p=4997"},"modified":"2025-12-06T11:01:37","modified_gmt":"2025-12-06T10:01:37","slug":"honey-chilly-potatoes","status":"publish","type":"product","link":"https:\/\/thehimalayantreasure.pl\/en\/product\/honey-chilly-potatoes\/","title":{"rendered":"Honey chilly potatoes \ud83c\udf36\ufe0f"},"content":{"rendered":"<p><span>Honey Chili Potatoes are<\/span><span><span class=\"Apple-converted-space\">&nbsp;<\/span><\/span><span><mark class=\"QVRyCf\" style=\"background-image;background-position-x;background-position-y;background-size:200% 100%;background-repeat;background-attachment;background-origin;background-clip;background-color;color:inherit;font-weight:500;border-radius:4px;padding:0px 2px\">a popular Indo-<\/mark><\/span><mark class=\"QVRyCf\" style=\"background-image;background-position-x;background-position-y;background-size:200% 100%;background-repeat;background-attachment;background-origin;background-clip;background-color;color:inherit;font-weight:500;border-radius:4px;padding:0px 2px\">Nepalese<span> appetizer made from crispy, deep-fried potato fingers tossed in a sweet and spicy honey-chili sauce, often garnished with sesame seeds and spring onions<\/span><\/mark><span>.<\/span><span><span class=\"Apple-converted-space\">&nbsp;<\/span><\/span><span>The dish is known for its irresistible sweet, spicy, and savory flavors, with a texture contrast between the crunchy exterior and soft interior of the potatoes.<\/span><span><span class=\"Apple-converted-space\">&nbsp;<\/span><\/span><span>It&#8217;s a common street food and starter in Indian restaurants and is popular at parties and social gatherings.<\/span><\/p>\n<p>Pikantne i chrupi\u0105ce z ziemniakami sma\u017conymi w g\u0142\u0119bokim t\u0142uszczu i duszone w pikantnym sosie s\u0142odko-miodowym z cebul\u0105 i papryk\u0105<\/p>\n","protected":false},"excerpt":{"rendered":"<p>Spicy and crunchy with deep fried potatoes and stewed in a spicy sweet honey sauce with onion and pepper<\/p>\n<p>Pikantne i chrupi\u0105ce z ziemniakami sma\u017conymi w g\u0142\u0119bokim t\u0142uszczu i duszone w pikantnym sosie s\u0142odko-miodowym z cebul\u0105 i papryk\u0105<\/p>\n","protected":false},"featured_media":6407,"comment_status":"open","ping_status":"closed","template":"","meta":[],"product_brand":[],"product_cat":[73],"product_tag":[],"class_list":{"0":"post-4997","1":"product","2":"type-product","3":"status-publish","4":"has-post-thumbnail","6":"product_cat-nepali-tibetan-corner","8":"first","9":"instock","10":"taxable","11":"shipping-taxable","12":"purchasable","13":"product-type-simple"},"jetpack_sharing_enabled":true,"_links":{"self":[{"href":"https:\/\/thehimalayantreasure.pl\/en\/wp-json\/wp\/v2\/product\/4997","targetHints":{"allow":["GET"]}}],"collection":[{"href":"https:\/\/thehimalayantreasure.pl\/en\/wp-json\/wp\/v2\/product"}],"about":[{"href":"https:\/\/thehimalayantreasure.pl\/en\/wp-json\/wp\/v2\/types\/product"}],"replies":[{"embeddable":true,"href":"https:\/\/thehimalayantreasure.pl\/en\/wp-json\/wp\/v2\/comments?post=4997"}],"wp:featuredmedia":[{"embeddable":true,"href":"https:\/\/thehimalayantreasure.pl\/en\/wp-json\/wp\/v2\/media\/6407"}],"wp:attachment":[{"href":"https:\/\/thehimalayantreasure.pl\/en\/wp-json\/wp\/v2\/media?parent=4997"}],"wp:term":[{"taxonomy":"product_brand","embeddable":true,"href":"https:\/\/thehimalayantreasure.pl\/en\/wp-json\/wp\/v2\/product_brand?post=4997"},{"taxonomy":"product_cat","embeddable":true,"href":"https:\/\/thehimalayantreasure.pl\/en\/wp-json\/wp\/v2\/product_cat?post=4997"},{"taxonomy":"product_tag","embeddable":true,"href":"https:\/\/thehimalayantreasure.pl\/en\/wp-json\/wp\/v2\/product_tag?post=4997"}],"curies":[{"name":"wp","href":"https:\/\/api.w.org\/{rel}","templated":true}]}}