{"id":5000,"date":"2024-03-02T00:13:46","date_gmt":"2024-03-01T23:13:46","guid":{"rendered":"https:\/\/thehimalayantreasure.pl\/?post_type=product&#038;p=5000"},"modified":"2026-01-21T17:13:17","modified_gmt":"2026-01-21T16:13:17","slug":"honey-chilly-cauliflower","status":"publish","type":"product","link":"https:\/\/thehimalayantreasure.pl\/en\/product\/honey-chilly-cauliflower\/","title":{"rendered":"Honey chilly cauliflower \ud83c\udf36\ufe0f"},"content":{"rendered":"<p><span>Honey Chili Cauliflower is<\/span><span><span class=\"Apple-converted-space\">&nbsp;<\/span><\/span><span><mark class=\"QVRyCf\" style=\"background-image;background-position-x;background-position-y;background-size:200% 100%;background-repeat;background-attachment;background-origin;background-clip;background-color;color:inherit;font-weight:500;border-radius:4px;padding:0px 2px\">a popular Asian-inspired dish featuring crispy cauliflower florets coated in a sweet and spicy sauce made with honey, chili, soy sauce, and other aromatics<\/mark><\/span><span>.<\/span><span><span class=\"Apple-converted-space\">&nbsp;<\/span><\/span><span>The cauliflower is often battered and fried, then tossed in the glaze, making it a flavorful and addictive appetizer or side dish perfect for parties<\/span><\/p>\n<p>Chrupi\u0105cy sma\u017cony kalafior duszony w pikantnym s\u0142odkim sosie miodowym z cebul\u0105 i papryk\u0105<\/p>\n","protected":false},"excerpt":{"rendered":"<p>Crunchy deep fried cauliflower stewed in a spicy sweet honey sauce with onion and pepper<\/p>\n<p>Chrupi\u0105cy sma\u017cony kalafior duszony w pikantnym s\u0142odkim sosie miodowym z cebul\u0105 i papryk\u0105<\/p>\n","protected":false},"featured_media":6241,"comment_status":"open","ping_status":"closed","template":"","meta":[],"product_brand":[],"product_cat":[73],"product_tag":[],"class_list":{"0":"post-5000","1":"product","2":"type-product","3":"status-publish","4":"has-post-thumbnail","6":"product_cat-nepali-tibetan-corner","8":"first","9":"instock","10":"taxable","11":"shipping-taxable","12":"purchasable","13":"product-type-simple"},"jetpack_sharing_enabled":true,"_links":{"self":[{"href":"https:\/\/thehimalayantreasure.pl\/en\/wp-json\/wp\/v2\/product\/5000","targetHints":{"allow":["GET"]}}],"collection":[{"href":"https:\/\/thehimalayantreasure.pl\/en\/wp-json\/wp\/v2\/product"}],"about":[{"href":"https:\/\/thehimalayantreasure.pl\/en\/wp-json\/wp\/v2\/types\/product"}],"replies":[{"embeddable":true,"href":"https:\/\/thehimalayantreasure.pl\/en\/wp-json\/wp\/v2\/comments?post=5000"}],"wp:featuredmedia":[{"embeddable":true,"href":"https:\/\/thehimalayantreasure.pl\/en\/wp-json\/wp\/v2\/media\/6241"}],"wp:attachment":[{"href":"https:\/\/thehimalayantreasure.pl\/en\/wp-json\/wp\/v2\/media?parent=5000"}],"wp:term":[{"taxonomy":"product_brand","embeddable":true,"href":"https:\/\/thehimalayantreasure.pl\/en\/wp-json\/wp\/v2\/product_brand?post=5000"},{"taxonomy":"product_cat","embeddable":true,"href":"https:\/\/thehimalayantreasure.pl\/en\/wp-json\/wp\/v2\/product_cat?post=5000"},{"taxonomy":"product_tag","embeddable":true,"href":"https:\/\/thehimalayantreasure.pl\/en\/wp-json\/wp\/v2\/product_tag?post=5000"}],"curies":[{"name":"wp","href":"https:\/\/api.w.org\/{rel}","templated":true}]}}