{"id":5008,"date":"2024-03-02T00:23:59","date_gmt":"2024-03-01T23:23:59","guid":{"rendered":"https:\/\/thehimalayantreasure.pl\/?post_type=product&#038;p=5008"},"modified":"2025-10-27T22:54:15","modified_gmt":"2025-10-27T21:54:15","slug":"daal-bhat","status":"publish","type":"product","link":"https:\/\/thehimalayantreasure.pl\/en\/product\/daal-bhat\/","title":{"rendered":"Daal Bhat"},"content":{"rendered":"<p>Nepali national dish, it consists of lentil soup (dal) and steamed rice (bhat) served with a variety of side dishes like vegetable curries, achar, yoghurt, and papadam<\/p>\n<p>Nepalskie danie narodowe sk\u0142adaj\u0105ce si\u0119 z zupy z soczewicy (dal) i ry\u017cu gotowanego na parze (bhat) podawanego z r\u00f3\u017cnymi dodatkami, takimi jak curry warzywne, achar, jogurt i papadam<\/p>\n","protected":false},"excerpt":{"rendered":"<p>Nepali national dish, it consists of lentil soup (dal) and steamed rice (bhat) served with a variety of side dishes like vegetable curries, achar, yoghurt, and papadam<\/p>\n<p>Nepalskie danie narodowe sk\u0142adaj\u0105ce si\u0119 z zupy z soczewicy (dal) i ry\u017cu gotowanego na parze (bhat) podawanego z r\u00f3\u017cnymi dodatkami, takimi jak curry warzywne, achar, jogurt i papadam<\/p>\n","protected":false},"featured_media":6399,"comment_status":"open","ping_status":"closed","template":"","meta":[],"product_brand":[],"product_cat":[73],"product_tag":[],"class_list":{"0":"post-5008","1":"product","2":"type-product","3":"status-publish","4":"has-post-thumbnail","6":"product_cat-nepali-tibetan-corner","8":"first","9":"instock","10":"taxable","11":"shipping-taxable","12":"purchasable","13":"product-type-variable"},"jetpack_sharing_enabled":true,"_links":{"self":[{"href":"https:\/\/thehimalayantreasure.pl\/en\/wp-json\/wp\/v2\/product\/5008","targetHints":{"allow":["GET"]}}],"collection":[{"href":"https:\/\/thehimalayantreasure.pl\/en\/wp-json\/wp\/v2\/product"}],"about":[{"href":"https:\/\/thehimalayantreasure.pl\/en\/wp-json\/wp\/v2\/types\/product"}],"replies":[{"embeddable":true,"href":"https:\/\/thehimalayantreasure.pl\/en\/wp-json\/wp\/v2\/comments?post=5008"}],"wp:featuredmedia":[{"embeddable":true,"href":"https:\/\/thehimalayantreasure.pl\/en\/wp-json\/wp\/v2\/media\/6399"}],"wp:attachment":[{"href":"https:\/\/thehimalayantreasure.pl\/en\/wp-json\/wp\/v2\/media?parent=5008"}],"wp:term":[{"taxonomy":"product_brand","embeddable":true,"href":"https:\/\/thehimalayantreasure.pl\/en\/wp-json\/wp\/v2\/product_brand?post=5008"},{"taxonomy":"product_cat","embeddable":true,"href":"https:\/\/thehimalayantreasure.pl\/en\/wp-json\/wp\/v2\/product_cat?post=5008"},{"taxonomy":"product_tag","embeddable":true,"href":"https:\/\/thehimalayantreasure.pl\/en\/wp-json\/wp\/v2\/product_tag?post=5008"}],"curies":[{"name":"wp","href":"https:\/\/api.w.org\/{rel}","templated":true}]}}