{"id":506,"date":"2018-09-27T18:45:07","date_gmt":"2018-09-27T16:45:07","guid":{"rendered":"http:\/\/www.thehimalayantreasure.pl\/?post_type=product&#038;p=506"},"modified":"2025-11-08T11:32:51","modified_gmt":"2025-11-08T10:32:51","slug":"chicken-thukpa","status":"publish","type":"product","link":"https:\/\/thehimalayantreasure.pl\/en\/product\/chicken-thukpa\/","title":{"rendered":"Chicken Thukpa"},"content":{"rendered":"<p>Thukpa also known as Tibetan\/Nepali chicken noodle soup. A combination of chicken, ginger, garlic, spices, coriander leaves and stems, lemon juice, vegetables and soy sauce that\u2019s beyond delicious. While boneless chicken is poached, shredded and added to the soup, vegetables are thinly sliced and cooked in the broth for ultimate deliciousness. The final addition of fresh herbs like spring onions (scallions) and coriander (cilantro) leaves take it to the next level.<\/p>\n<p>Thukpa, znana r\u00f3wnie\u017c jako tybeta\u0144ska\/nepalska zupa z kurczakiem i makaronem. Po\u0142\u0105czenie kurczaka, imbiru, czosnku, przypraw, li\u015bci i \u0142odyg kolendry, soku z cytryny, warzyw i sosu sojowego jest przepyszne. Kurczak bez ko\u015bci jest gotowany, rozdrabniany i dodawany do zupy, a warzywa s\u0105 cienko krojone i gotowane w bulionie, co zapewnia im niepowtarzalny smak. Dodatek \u015bwie\u017cych zi\u00f3\u0142, takich jak dymka i li\u015bcie kolendry, podnosi smak na wy\u017cszy poziom.<\/p>\n","protected":false},"excerpt":{"rendered":"<p>Traditional Nepali chicken soup with green vegetable, noodles and other spices<\/p>\n<p>Tradycyjna nepalska zupa z kurczaka z zielonymi warzywami, makaronem i innymi przyprawami<\/p>\n","protected":false},"featured_media":6489,"comment_status":"open","ping_status":"closed","template":"","meta":[],"product_brand":[],"product_cat":[70],"product_tag":[],"class_list":{"0":"post-506","1":"product","2":"type-product","3":"status-publish","4":"has-post-thumbnail","6":"product_cat-zupy","8":"first","9":"instock","10":"taxable","11":"shipping-taxable","12":"purchasable","13":"product-type-simple"},"jetpack_sharing_enabled":true,"_links":{"self":[{"href":"https:\/\/thehimalayantreasure.pl\/en\/wp-json\/wp\/v2\/product\/506","targetHints":{"allow":["GET"]}}],"collection":[{"href":"https:\/\/thehimalayantreasure.pl\/en\/wp-json\/wp\/v2\/product"}],"about":[{"href":"https:\/\/thehimalayantreasure.pl\/en\/wp-json\/wp\/v2\/types\/product"}],"replies":[{"embeddable":true,"href":"https:\/\/thehimalayantreasure.pl\/en\/wp-json\/wp\/v2\/comments?post=506"}],"wp:featuredmedia":[{"embeddable":true,"href":"https:\/\/thehimalayantreasure.pl\/en\/wp-json\/wp\/v2\/media\/6489"}],"wp:attachment":[{"href":"https:\/\/thehimalayantreasure.pl\/en\/wp-json\/wp\/v2\/media?parent=506"}],"wp:term":[{"taxonomy":"product_brand","embeddable":true,"href":"https:\/\/thehimalayantreasure.pl\/en\/wp-json\/wp\/v2\/product_brand?post=506"},{"taxonomy":"product_cat","embeddable":true,"href":"https:\/\/thehimalayantreasure.pl\/en\/wp-json\/wp\/v2\/product_cat?post=506"},{"taxonomy":"product_tag","embeddable":true,"href":"https:\/\/thehimalayantreasure.pl\/en\/wp-json\/wp\/v2\/product_tag?post=506"}],"curies":[{"name":"wp","href":"https:\/\/api.w.org\/{rel}","templated":true}]}}