{"id":509,"date":"2018-09-27T18:48:38","date_gmt":"2018-09-27T16:48:38","guid":{"rendered":"http:\/\/www.thehimalayantreasure.pl\/?post_type=product&#038;p=509"},"modified":"2025-12-24T15:52:14","modified_gmt":"2025-12-24T14:52:14","slug":"chili-paneer","status":"publish","type":"product","link":"https:\/\/thehimalayantreasure.pl\/en\/product\/chili-paneer\/","title":{"rendered":"Chili Paneer\ud83c\udf36\ufe0f"},"content":{"rendered":"<p><span>Chilli Paneer is<\/span><span><span class=\"Apple-converted-space\">&nbsp;<\/span><\/span><span><mark class=\"QVRyCf\" style=\"background-image;background-position-x;background-position-y;background-size:200% 100%;background-repeat;background-attachment;background-origin;background-clip;background-color;color:inherit;font-weight:500;border-radius:4px;padding:0px 2px\">a popular Indo-Chinese dish made from cubes of paneer (Indian cottage cheese) that are coated in batter, fried until crisp, and then tossed in a spicy, sweet, and savory sauce with flavors of soy sauce, vinegar, chili, ginger, garlic, and bell peppers<\/mark><\/span><span>.<\/span><span><span class=\"Apple-converted-space\">&nbsp;<\/span><\/span><span>It can be served dry, as an appetizer, or in a gravy (restaurant-style), and is often paired with fried rice or noodles<\/span><\/p>\n<p>Twar\u00f3g marynowany w m\u0105cznej pa\u015bcie, jajku i przygotowywany z typowym nepalskim ostrym sosem chili z papryk\u0105<\/p>\n","protected":false},"excerpt":{"rendered":"<p>Cottage cheese marinated with flour paste, egg and prepared with typical Nepali hot chili sauce, paprika<\/p>\n<p>Twar\u00f3g marynowany w m\u0105cznej pa\u015bcie, jajku i przygotowywany z typowym nepalskim ostrym sosem chili z papryk\u0105<\/p>\n","protected":false},"featured_media":6230,"comment_status":"open","ping_status":"closed","template":"","meta":[],"product_brand":[],"product_cat":[73],"product_tag":[],"class_list":{"0":"post-509","1":"product","2":"type-product","3":"status-publish","4":"has-post-thumbnail","6":"product_cat-nepali-tibetan-corner","8":"first","9":"instock","10":"taxable","11":"shipping-taxable","12":"purchasable","13":"product-type-simple"},"jetpack_sharing_enabled":true,"_links":{"self":[{"href":"https:\/\/thehimalayantreasure.pl\/en\/wp-json\/wp\/v2\/product\/509","targetHints":{"allow":["GET"]}}],"collection":[{"href":"https:\/\/thehimalayantreasure.pl\/en\/wp-json\/wp\/v2\/product"}],"about":[{"href":"https:\/\/thehimalayantreasure.pl\/en\/wp-json\/wp\/v2\/types\/product"}],"replies":[{"embeddable":true,"href":"https:\/\/thehimalayantreasure.pl\/en\/wp-json\/wp\/v2\/comments?post=509"}],"wp:featuredmedia":[{"embeddable":true,"href":"https:\/\/thehimalayantreasure.pl\/en\/wp-json\/wp\/v2\/media\/6230"}],"wp:attachment":[{"href":"https:\/\/thehimalayantreasure.pl\/en\/wp-json\/wp\/v2\/media?parent=509"}],"wp:term":[{"taxonomy":"product_brand","embeddable":true,"href":"https:\/\/thehimalayantreasure.pl\/en\/wp-json\/wp\/v2\/product_brand?post=509"},{"taxonomy":"product_cat","embeddable":true,"href":"https:\/\/thehimalayantreasure.pl\/en\/wp-json\/wp\/v2\/product_cat?post=509"},{"taxonomy":"product_tag","embeddable":true,"href":"https:\/\/thehimalayantreasure.pl\/en\/wp-json\/wp\/v2\/product_tag?post=509"}],"curies":[{"name":"wp","href":"https:\/\/api.w.org\/{rel}","templated":true}]}}