{"id":5093,"date":"2024-03-02T02:22:34","date_gmt":"2024-03-02T01:22:34","guid":{"rendered":"https:\/\/thehimalayantreasure.pl\/?post_type=product&#038;p=5093"},"modified":"2025-12-06T11:13:24","modified_gmt":"2025-12-06T10:13:24","slug":"malai-methi-chicken-paneer","status":"publish","type":"product","link":"https:\/\/thehimalayantreasure.pl\/en\/product\/malai-methi-chicken-paneer\/","title":{"rendered":"Malai Methi"},"content":{"rendered":"<p>Mughlai dish prepared with chicken\/cottage cheese and fresh methi (fenugreek) simmered in a rich creamy curry.<span> Methi Malai is a<\/span><span><span class=\"Apple-converted-space\">&nbsp;<\/span><\/span><b>creamy, mildly sweet gravy with hints of bitterness from fenugreek or methi leaves<\/b><\/p>\n<p>Danie Mughlai przygotowane z kurczaka\/sera Paneer i \u015bwie\u017cych nasion methi (kozieradki) w bogatym kremowym curry<\/p>\n<p>Methi Malai to kremowy, lekko s\u0142odki sos z nut\u0105 goryczki pochodz\u0105c\u0105 z li\u015bci kozieradki lub kozieradki<\/p>\n","protected":false},"excerpt":{"rendered":"<p>Mughlai dish prepared with chicken\/cottage cheese and fresh methi (fenugreek) simmered in a rich creamy curry<\/p>\n<p>Danie Mughlai przygotowane z kurczaka\/sera Paneer i \u015bwie\u017cych nasion methi (kozieradki) w bogatym kremowym curry<\/p>\n","protected":false},"featured_media":6709,"comment_status":"open","ping_status":"closed","template":"","meta":[],"product_brand":[],"product_cat":[124],"product_tag":[],"class_list":{"0":"post-5093","1":"product","2":"type-product","3":"status-publish","4":"has-post-thumbnail","6":"product_cat-main","8":"first","9":"instock","10":"taxable","11":"shipping-taxable","12":"purchasable","13":"product-type-variable"},"jetpack_sharing_enabled":true,"_links":{"self":[{"href":"https:\/\/thehimalayantreasure.pl\/en\/wp-json\/wp\/v2\/product\/5093","targetHints":{"allow":["GET"]}}],"collection":[{"href":"https:\/\/thehimalayantreasure.pl\/en\/wp-json\/wp\/v2\/product"}],"about":[{"href":"https:\/\/thehimalayantreasure.pl\/en\/wp-json\/wp\/v2\/types\/product"}],"replies":[{"embeddable":true,"href":"https:\/\/thehimalayantreasure.pl\/en\/wp-json\/wp\/v2\/comments?post=5093"}],"wp:featuredmedia":[{"embeddable":true,"href":"https:\/\/thehimalayantreasure.pl\/en\/wp-json\/wp\/v2\/media\/6709"}],"wp:attachment":[{"href":"https:\/\/thehimalayantreasure.pl\/en\/wp-json\/wp\/v2\/media?parent=5093"}],"wp:term":[{"taxonomy":"product_brand","embeddable":true,"href":"https:\/\/thehimalayantreasure.pl\/en\/wp-json\/wp\/v2\/product_brand?post=5093"},{"taxonomy":"product_cat","embeddable":true,"href":"https:\/\/thehimalayantreasure.pl\/en\/wp-json\/wp\/v2\/product_cat?post=5093"},{"taxonomy":"product_tag","embeddable":true,"href":"https:\/\/thehimalayantreasure.pl\/en\/wp-json\/wp\/v2\/product_tag?post=5093"}],"curies":[{"name":"wp","href":"https:\/\/api.w.org\/{rel}","templated":true}]}}