{"id":512,"date":"2018-09-27T18:51:39","date_gmt":"2018-09-27T16:51:39","guid":{"rendered":"http:\/\/www.thehimalayantreasure.pl\/?post_type=product&#038;p=512"},"modified":"2026-01-17T10:54:42","modified_gmt":"2026-01-17T09:54:42","slug":"chicken-chili","status":"publish","type":"product","link":"https:\/\/thehimalayantreasure.pl\/en\/product\/chicken-chili\/","title":{"rendered":"Chicken Chili \ud83c\udf36\ufe0f"},"content":{"rendered":"<p>Chilli Chicken is a popular Indo-Chinese appetizer, consisting of tender fried chicken bites tossed in a super aromatic sweet, spicy and slightly tangy chili sauce. It is usually accompanied with Hakka noodles, Fried rice, Schezwan fried rice or even plain steamed basmati rice.<\/p>\n<p>Kurczak chili to popularna indyjsko-chi\u0144ska przystawka, sk\u0142adaj\u0105ca si\u0119 z delikatnych, sma\u017conych kawa\u0142k\u00f3w kurczaka w niezwykle aromatycznym, s\u0142odko-pikantnym i lekko kwaskowatym sosie chili. Zazwyczaj podaje si\u0119 go z makaronem hakka, sma\u017conym ry\u017cem, sma\u017conym ry\u017cem schezwan, a nawet zwyk\u0142ym gotowanym na parze ry\u017cem basmati.<\/p>\n","protected":false},"excerpt":{"rendered":"<p>Fried crunchy dish of chicken stewed in a spicy sweet sauce with onion and pepper<\/p>\n<p>Sma\u017cone chrupi\u0105ce danie z kurczaka duszonego w pikantno-s\u0142odkim sosie z cebul\u0105 i papryk\u0105<\/p>\n","protected":false},"featured_media":6209,"comment_status":"open","ping_status":"closed","template":"","meta":[],"product_brand":[],"product_cat":[73],"product_tag":[],"class_list":{"0":"post-512","1":"product","2":"type-product","3":"status-publish","4":"has-post-thumbnail","6":"product_cat-nepali-tibetan-corner","8":"first","9":"instock","10":"taxable","11":"shipping-taxable","12":"purchasable","13":"product-type-simple"},"jetpack_sharing_enabled":true,"_links":{"self":[{"href":"https:\/\/thehimalayantreasure.pl\/en\/wp-json\/wp\/v2\/product\/512","targetHints":{"allow":["GET"]}}],"collection":[{"href":"https:\/\/thehimalayantreasure.pl\/en\/wp-json\/wp\/v2\/product"}],"about":[{"href":"https:\/\/thehimalayantreasure.pl\/en\/wp-json\/wp\/v2\/types\/product"}],"replies":[{"embeddable":true,"href":"https:\/\/thehimalayantreasure.pl\/en\/wp-json\/wp\/v2\/comments?post=512"}],"wp:featuredmedia":[{"embeddable":true,"href":"https:\/\/thehimalayantreasure.pl\/en\/wp-json\/wp\/v2\/media\/6209"}],"wp:attachment":[{"href":"https:\/\/thehimalayantreasure.pl\/en\/wp-json\/wp\/v2\/media?parent=512"}],"wp:term":[{"taxonomy":"product_brand","embeddable":true,"href":"https:\/\/thehimalayantreasure.pl\/en\/wp-json\/wp\/v2\/product_brand?post=512"},{"taxonomy":"product_cat","embeddable":true,"href":"https:\/\/thehimalayantreasure.pl\/en\/wp-json\/wp\/v2\/product_cat?post=512"},{"taxonomy":"product_tag","embeddable":true,"href":"https:\/\/thehimalayantreasure.pl\/en\/wp-json\/wp\/v2\/product_tag?post=512"}],"curies":[{"name":"wp","href":"https:\/\/api.w.org\/{rel}","templated":true}]}}