{"id":540,"date":"2018-09-27T19:42:56","date_gmt":"2018-09-27T17:42:56","guid":{"rendered":"http:\/\/www.thehimalayantreasure.pl\/?post_type=product&#038;p=540"},"modified":"2025-12-05T11:20:44","modified_gmt":"2025-12-05T10:20:44","slug":"kadhai-paneer","status":"publish","type":"product","link":"https:\/\/thehimalayantreasure.pl\/en\/product\/kadhai-paneer\/","title":{"rendered":"Kadhai \ud83c\udf36\ufe0f\ud83c\udf36\ufe0f"},"content":{"rendered":"<p class=\"preFlex flexIn\" style=\"margin: 0px 0px 1rem;line-height: var(--body-font-line-height);font-family: itc-avant-garde-gothic-pro;font-size: 14.9324px;font-style: normal;font-weight: 300;letter-spacing: 0.298648px;text-align: start;text-indent: 0px;text-transform: none;text-decoration: none\">Kadhai, also known as karai, is a popular South Asian curry dish that takes its name from the type of thick, circular cooking pot known as a &#8220;karahi&#8221; or &#8220;kadhai.&#8221; This dish is characterized by its rich and robust flavors, often cooked with a combination of meat, vegetables, and a blend of aromatic spices.<\/p>\n<p class=\"preFlex flexIn\" style=\"margin: 1rem 0px;line-height: var(--body-font-line-height);font-family: itc-avant-garde-gothic-pro;font-size: 14.9324px;font-style: normal;font-weight: 300;letter-spacing: 0.298648px;text-align: start;text-indent: 0px;text-transform: none;text-decoration: none\">History and Origins:<\/p>\n<p class=\"preFlex flexIn\" style=\"margin: 1rem 0px;line-height: var(--body-font-line-height);font-family: itc-avant-garde-gothic-pro;font-size: 14.9324px;font-style: normal;font-weight: 300;letter-spacing: 0.298648px;text-align: start;text-indent: 0px;text-transform: none;text-decoration: none\">kadhai is believed to have originated in the region of Punjab, which spans parts of both India and Pakistan. It draws influences from the traditional Punjabi cuisine known for its bold and hearty flavors. The dish was traditionally cooked in the karahi, a utensil widely used in the Indian subcontinent for preparing various curries and stir-fries.<\/p>\n<p>Kadhai, znane r\u00f3wnie\u017c jako karai, to popularne po\u0142udniowoazjatyckie danie curry, kt\u00f3rego nazwa wzi\u0119\u0142a si\u0119 od rodzaju grubego, okr\u0105g\u0142ego garnka znanego jako \u201ekarahi\u201d lub \u201ekadhai\u201d. Danie to charakteryzuje si\u0119 bogatym i mocnym smakiem, cz\u0119sto gotowane z po\u0142\u0105czeniem mi\u0119sa, warzyw i mieszanki aromatycznych przypraw. Historia i pochodzenie: Uwa\u017ca si\u0119, \u017ce kadhai pochodzi z regionu Pend\u017cabu, kt\u00f3ry obejmuje cz\u0119\u015bci Indii i Pakistanu. Czerpie inspiracje z tradycyjnej kuchni pend\u017cabskiej, znanej z odwa\u017cnych i obfitych smak\u00f3w. Danie tradycyjnie gotowano w karahi, naczyniu powszechnie u\u017cywanym na subkontynencie indyjskim do przygotowywania r\u00f3\u017cnych curry i frytek<\/p>\n","protected":false},"excerpt":{"rendered":"<p>Kadhai is prepared on the basis of oriental spices like paprika, fried chili, coriander seeds served with medium spiced creamy totato-onion gravy<\/p>\n<p>Kadhai przygotowywany jest na bazie orientalnych przypraw jak papryka, sma\u017cone chilli, nasiona kendry podawane z kremowym sosem cebulowo-pomidorowym<\/p>\n","protected":false},"featured_media":5420,"comment_status":"open","ping_status":"closed","template":"","meta":[],"product_brand":[],"product_cat":[124],"product_tag":[],"class_list":{"0":"post-540","1":"product","2":"type-product","3":"status-publish","4":"has-post-thumbnail","6":"product_cat-main","8":"first","9":"instock","10":"taxable","11":"shipping-taxable","12":"purchasable","13":"product-type-variable"},"jetpack_sharing_enabled":true,"_links":{"self":[{"href":"https:\/\/thehimalayantreasure.pl\/en\/wp-json\/wp\/v2\/product\/540","targetHints":{"allow":["GET"]}}],"collection":[{"href":"https:\/\/thehimalayantreasure.pl\/en\/wp-json\/wp\/v2\/product"}],"about":[{"href":"https:\/\/thehimalayantreasure.pl\/en\/wp-json\/wp\/v2\/types\/product"}],"replies":[{"embeddable":true,"href":"https:\/\/thehimalayantreasure.pl\/en\/wp-json\/wp\/v2\/comments?post=540"}],"wp:featuredmedia":[{"embeddable":true,"href":"https:\/\/thehimalayantreasure.pl\/en\/wp-json\/wp\/v2\/media\/5420"}],"wp:attachment":[{"href":"https:\/\/thehimalayantreasure.pl\/en\/wp-json\/wp\/v2\/media?parent=540"}],"wp:term":[{"taxonomy":"product_brand","embeddable":true,"href":"https:\/\/thehimalayantreasure.pl\/en\/wp-json\/wp\/v2\/product_brand?post=540"},{"taxonomy":"product_cat","embeddable":true,"href":"https:\/\/thehimalayantreasure.pl\/en\/wp-json\/wp\/v2\/product_cat?post=540"},{"taxonomy":"product_tag","embeddable":true,"href":"https:\/\/thehimalayantreasure.pl\/en\/wp-json\/wp\/v2\/product_tag?post=540"}],"curies":[{"name":"wp","href":"https:\/\/api.w.org\/{rel}","templated":true}]}}