{"id":544,"date":"2018-09-27T19:45:16","date_gmt":"2018-09-27T17:45:16","guid":{"rendered":"http:\/\/www.thehimalayantreasure.pl\/?post_type=product&#038;p=544"},"modified":"2025-11-27T15:57:56","modified_gmt":"2025-11-27T14:57:56","slug":"mango-paneer","status":"publish","type":"product","link":"https:\/\/thehimalayantreasure.pl\/en\/product\/mango-paneer\/","title":{"rendered":"Mango Dish"},"content":{"rendered":"<p>Mango paneer\/chicken is a dish featuring pieces of cottage cheese cooked with sweet, ripe mangoes in a flavorful sauce, which can range from a creamy coconut-based curry to a sweet, spicy, and tangy stir-fry. The specific preparation varies by cuisine, but the combination of sweet mango, juicy chicken, and a balanced sauce of spices<\/p>\n<p>Mango paneer\/Chicken to danie z kawa\u0142kami twarogu\/ Kurczaka gotowanymi ze s\u0142odkimi, dojrza\u0142ymi mango w aromatycznym sosie, kt\u00f3ry mo\u017ce przybiera\u0107 r\u00f3\u017cne formy \u2013 od kremowego curry na bazie kokosa po s\u0142odko-pikantne i pikantne stir-fry. Spos\u00f3b przygotowania r\u00f3\u017cni si\u0119 w zale\u017cno\u015bci od kuchni, ale po\u0142\u0105czenie s\u0142odkiego mango, soczystego kurczaka i zr\u00f3wnowa\u017conego sosu z przyprawami to gwarancja&#8230;<\/p>\n","protected":false},"excerpt":{"rendered":"<p>Cottage cheese \/ chicken cooked in mild mango sauce<\/p>\n<p>Twar\u00f3g\/kurczak ugotowany w \u0142agodnym sosie z mango<\/p>\n","protected":false},"featured_media":6417,"comment_status":"open","ping_status":"closed","template":"","meta":[],"product_brand":[],"product_cat":[124],"product_tag":[],"class_list":{"0":"post-544","1":"product","2":"type-product","3":"status-publish","4":"has-post-thumbnail","6":"product_cat-main","8":"first","9":"instock","10":"taxable","11":"shipping-taxable","12":"product-type-variable"},"jetpack_sharing_enabled":true,"_links":{"self":[{"href":"https:\/\/thehimalayantreasure.pl\/en\/wp-json\/wp\/v2\/product\/544","targetHints":{"allow":["GET"]}}],"collection":[{"href":"https:\/\/thehimalayantreasure.pl\/en\/wp-json\/wp\/v2\/product"}],"about":[{"href":"https:\/\/thehimalayantreasure.pl\/en\/wp-json\/wp\/v2\/types\/product"}],"replies":[{"embeddable":true,"href":"https:\/\/thehimalayantreasure.pl\/en\/wp-json\/wp\/v2\/comments?post=544"}],"wp:featuredmedia":[{"embeddable":true,"href":"https:\/\/thehimalayantreasure.pl\/en\/wp-json\/wp\/v2\/media\/6417"}],"wp:attachment":[{"href":"https:\/\/thehimalayantreasure.pl\/en\/wp-json\/wp\/v2\/media?parent=544"}],"wp:term":[{"taxonomy":"product_brand","embeddable":true,"href":"https:\/\/thehimalayantreasure.pl\/en\/wp-json\/wp\/v2\/product_brand?post=544"},{"taxonomy":"product_cat","embeddable":true,"href":"https:\/\/thehimalayantreasure.pl\/en\/wp-json\/wp\/v2\/product_cat?post=544"},{"taxonomy":"product_tag","embeddable":true,"href":"https:\/\/thehimalayantreasure.pl\/en\/wp-json\/wp\/v2\/product_tag?post=544"}],"curies":[{"name":"wp","href":"https:\/\/api.w.org\/{rel}","templated":true}]}}