{"id":547,"date":"2018-09-27T19:47:17","date_gmt":"2018-09-27T17:47:17","guid":{"rendered":"http:\/\/www.thehimalayantreasure.pl\/?post_type=product&#038;p=547"},"modified":"2026-04-14T12:09:49","modified_gmt":"2026-04-14T10:09:49","slug":"paneer-jaalfraji","status":"publish","type":"product","link":"https:\/\/thehimalayantreasure.pl\/en\/product\/paneer-jaalfraji\/","title":{"rendered":"Jalfrezi \ud83c\udf36\ufe0f"},"content":{"rendered":"<p class=\"preFlex flexIn\" style=\"margin: 0px 0px 1rem;line-height: var(--body-font-line-height);font-family: itc-avant-garde-gothic-pro;font-size: 14.9324px;font-style: normal;font-weight: 300;letter-spacing: 0.298648px;text-align: start;text-indent: 0px;text-transform: none;text-decoration: none\">Jalfrezi is a popular Indian curry dish that has its origins in the Indian subcontinent. The name &#8220;jalfrezi&#8221; is derived from the Bengali words &#8220;jal&#8221; meaning spicy and &#8220;frezi&#8221; meaning stir-fry. It is believed that jalfrezi was created during the British Raj in India when leftover meats were transformed into a spicy and flavorful dish by stir-frying them with onions, peppers, and spices.<\/p>\n<p class=\"preFlex flexIn\" style=\"margin: 1rem 0px;line-height: var(--body-font-line-height);font-family: itc-avant-garde-gothic-pro;font-size: 14.9324px;font-style: normal;font-weight: 300;letter-spacing: 0.298648px;text-align: start;text-indent: 0px;text-transform: none;text-decoration: none\">Jalfrezi is known for its vibrant flavors and generous use of vegetables. It is typically made with marinated meat, such as chicken, lamb, or prawns, along with a variety of colorful bell peppers, onions, tomatoes, and a combination of aromatic spices. The dish is characterized by its thick and spicy gravy, which coats the meat and vegetables.<\/p>\n<p>Jalfrezi to popularne indyjskie danie curry, kt\u00f3re ma swoje korzenie na subkontynencie indyjskim. Nazwa \u201ejalfrezi\u201d pochodzi od bengalskich s\u0142\u00f3w \u201ejal\u201d oznaczaj\u0105cych pikantny i \u201efrezi\u201d oznaczaj\u0105cych sma\u017cone danie. Uwa\u017ca si\u0119, \u017ce jalfrezi powsta\u0142o podczas Raju Brytyjskiego w Indiach, kiedy resztki mi\u0119sa zamieniono w pikantne i aromatyczne danie, sma\u017c\u0105c je z cebul\u0105, papryk\u0105 i przyprawami.<\/p>\n<p>Jalfrezi s\u0142ynie z \u017cywych smak\u00f3w i obfitego wykorzystania warzyw. Zwykle przyrz\u0105dza si\u0119 go z marynowanego mi\u0119sa, takiego jak kurczak, jagni\u0119cina lub krewetki, wraz z r\u00f3\u017cnorodn\u0105 kolorow\u0105 papryk\u0105, cebul\u0105, pomidorami i kombinacj\u0105 aromatycznych przypraw. Danie charakteryzuje si\u0119 g\u0119stym i pikantnym sosem, kt\u00f3ry pokrywa mi\u0119so i warzywa<\/p>\n","protected":false},"excerpt":{"rendered":"<p>Curry with paprika, cabbage prepared in spicy onion-tomato gravy<\/p>\n<p>Curry z papryk\u0105 i kapust\u0105 przygotowane w pikantnym sosie cebulowo-pomidorowym<\/p>\n","protected":false},"featured_media":6243,"comment_status":"open","ping_status":"closed","template":"","meta":[],"product_brand":[],"product_cat":[124],"product_tag":[],"class_list":{"0":"post-547","1":"product","2":"type-product","3":"status-publish","4":"has-post-thumbnail","6":"product_cat-main","8":"first","9":"instock","10":"taxable","11":"shipping-taxable","12":"purchasable","13":"product-type-variable"},"jetpack_sharing_enabled":true,"_links":{"self":[{"href":"https:\/\/thehimalayantreasure.pl\/en\/wp-json\/wp\/v2\/product\/547","targetHints":{"allow":["GET"]}}],"collection":[{"href":"https:\/\/thehimalayantreasure.pl\/en\/wp-json\/wp\/v2\/product"}],"about":[{"href":"https:\/\/thehimalayantreasure.pl\/en\/wp-json\/wp\/v2\/types\/product"}],"replies":[{"embeddable":true,"href":"https:\/\/thehimalayantreasure.pl\/en\/wp-json\/wp\/v2\/comments?post=547"}],"wp:featuredmedia":[{"embeddable":true,"href":"https:\/\/thehimalayantreasure.pl\/en\/wp-json\/wp\/v2\/media\/6243"}],"wp:attachment":[{"href":"https:\/\/thehimalayantreasure.pl\/en\/wp-json\/wp\/v2\/media?parent=547"}],"wp:term":[{"taxonomy":"product_brand","embeddable":true,"href":"https:\/\/thehimalayantreasure.pl\/en\/wp-json\/wp\/v2\/product_brand?post=547"},{"taxonomy":"product_cat","embeddable":true,"href":"https:\/\/thehimalayantreasure.pl\/en\/wp-json\/wp\/v2\/product_cat?post=547"},{"taxonomy":"product_tag","embeddable":true,"href":"https:\/\/thehimalayantreasure.pl\/en\/wp-json\/wp\/v2\/product_tag?post=547"}],"curies":[{"name":"wp","href":"https:\/\/api.w.org\/{rel}","templated":true}]}}