{"id":5562,"date":"2024-05-01T09:37:29","date_gmt":"2024-05-01T07:37:29","guid":{"rendered":"https:\/\/thehimalayantreasure.pl\/?post_type=product&#038;p=5562"},"modified":"2026-04-11T08:48:14","modified_gmt":"2026-04-11T06:48:14","slug":"biryani","status":"publish","type":"product","link":"https:\/\/thehimalayantreasure.pl\/en\/product\/biryani\/","title":{"rendered":"Biryani"},"content":{"rendered":"<p class=\"preFlex flexIn\" style=\"margin: 0px 0px 1rem;line-height: var(--body-font-line-height);font-family: itc-avant-garde-gothic-pro;font-size: 14.9324px;font-style: normal;font-weight: 300;letter-spacing: 0.298648px;text-align: start;text-indent: 0px;text-transform: none;text-decoration: none\">Biryani is a popular and flavorful rice dish that originated in the Indian subcontinent. It is believed to have been introduced by the Mughals, who ruled parts of India from the 16th to the 19th century. Biryani is a perfect fusion of Indian and Persian culinary influences.<\/p>\n<p class=\"preFlex flexIn\" style=\"margin: 1rem 0px;line-height: var(--body-font-line-height);font-family: itc-avant-garde-gothic-pro;font-size: 14.9324px;font-style: normal;font-weight: 300;letter-spacing: 0.298648px;text-align: start;text-indent: 0px;text-transform: none;text-decoration: none\">The word &#8220;Biryani&#8221; is derived from the Persian word &#8220;birian,&#8221; which means &#8220;fried before cooking&#8221; or &#8220;roasted.&#8221; The dish was initially made with meat, such as mutton or chicken, and rice, flavored with aromatic spices and herbs. Over time, various regional variations of Biryani developed, each with its unique blend of spices and ingredients.<\/p>\n<p>Biryani to popularne i aromatyczne danie z ry\u017cu, kt\u00f3re pochodzi z subkontynentu indyjskiego. Uwa\u017ca si\u0119, \u017ce zosta\u0142 wprowadzony przez Mogo\u0142\u00f3w, kt\u00f3rzy rz\u0105dzili cz\u0119\u015bciami Indii od XVI do XIX wieku. Biryani to doskona\u0142e po\u0142\u0105czenie wp\u0142yw\u00f3w kulinarnych Indii i Persji.<\/p>\n<p>S\u0142owo \u201eBiryani\u201d pochodzi od perskiego s\u0142owa \u201ebirian\u201d, kt\u00f3re oznacza \u201esma\u017cone przed gotowaniem\u201d lub \u201epieczone\u201d. Danie pocz\u0105tkowo przyrz\u0105dzano z mi\u0119sa, np. baraniny czy kurczaka, oraz ry\u017cu, doprawianego aromatycznymi przyprawami i zio\u0142ami. Z biegiem czasu rozwin\u0119\u0142y si\u0119 r\u00f3\u017cne regionalne odmiany Biryani, ka\u017cda z unikaln\u0105 mieszank\u0105 przypraw i sk\u0142adnik\u00f3w.<\/p>\n","protected":false},"excerpt":{"rendered":"<p>Boiled rice cooked with vegetable\/meat stock in tomato onion sauce with aromatic taste of Indian spices, served with mix vegetables raita (yoghurt)<\/p>\n<p>Gotowany ry\u017c z warzywami przygotowany w pomidorowym sosie cebulowym z aromatycznym smakiem indyjskich przypraw, podawany z rait\u0105 (indyjskim jogurtem z warzywami)<\/p>\n","protected":false},"featured_media":5574,"comment_status":"open","ping_status":"closed","template":"","meta":[],"product_brand":[],"product_cat":[79],"product_tag":[],"class_list":{"0":"post-5562","1":"product","2":"type-product","3":"status-publish","4":"has-post-thumbnail","6":"product_cat-biryani","8":"first","9":"instock","10":"taxable","11":"shipping-taxable","12":"purchasable","13":"product-type-variable"},"jetpack_sharing_enabled":true,"_links":{"self":[{"href":"https:\/\/thehimalayantreasure.pl\/en\/wp-json\/wp\/v2\/product\/5562","targetHints":{"allow":["GET"]}}],"collection":[{"href":"https:\/\/thehimalayantreasure.pl\/en\/wp-json\/wp\/v2\/product"}],"about":[{"href":"https:\/\/thehimalayantreasure.pl\/en\/wp-json\/wp\/v2\/types\/product"}],"replies":[{"embeddable":true,"href":"https:\/\/thehimalayantreasure.pl\/en\/wp-json\/wp\/v2\/comments?post=5562"}],"wp:featuredmedia":[{"embeddable":true,"href":"https:\/\/thehimalayantreasure.pl\/en\/wp-json\/wp\/v2\/media\/5574"}],"wp:attachment":[{"href":"https:\/\/thehimalayantreasure.pl\/en\/wp-json\/wp\/v2\/media?parent=5562"}],"wp:term":[{"taxonomy":"product_brand","embeddable":true,"href":"https:\/\/thehimalayantreasure.pl\/en\/wp-json\/wp\/v2\/product_brand?post=5562"},{"taxonomy":"product_cat","embeddable":true,"href":"https:\/\/thehimalayantreasure.pl\/en\/wp-json\/wp\/v2\/product_cat?post=5562"},{"taxonomy":"product_tag","embeddable":true,"href":"https:\/\/thehimalayantreasure.pl\/en\/wp-json\/wp\/v2\/product_tag?post=5562"}],"curies":[{"name":"wp","href":"https:\/\/api.w.org\/{rel}","templated":true}]}}