{"id":566,"date":"2018-09-27T20:09:57","date_gmt":"2018-09-27T18:09:57","guid":{"rendered":"http:\/\/www.thehimalayantreasure.pl\/?post_type=product&#038;p=566"},"modified":"2025-12-04T12:34:32","modified_gmt":"2025-12-04T11:34:32","slug":"paneer-tikka-masala","status":"publish","type":"product","link":"https:\/\/thehimalayantreasure.pl\/en\/product\/paneer-tikka-masala\/","title":{"rendered":"Masala"},"content":{"rendered":"<p>Indian cuisine is known for its rich flavors, vibrant colors, and aromatic spices. One of the most popular and delicious components of this cuisine is masala which is widely used in various Indian dishes. Masala is a term used to describe a mix of dry or wet spices that are commonly used in Indian cooking. It is an essential ingredient that adds depth, flavor, and complexity to a wide range of dishes. Chicken Masala Curry is a bold, spicy, and super flavorful Indian chicken curry made by cooking chicken in an onion-tomato-based gravy.<\/p>\n<p>Kuchnia indyjska znana jest z bogactwa smak\u00f3w, \u017cywych kolor\u00f3w i aromatycznych przypraw. Jednym z najpopularniejszych i najsmaczniejszych sk\u0142adnik\u00f3w tej kuchni jest masala, kt\u00f3ra jest szeroko stosowana w r\u00f3\u017cnych potrawach indyjskich. Masala to termin u\u017cywany do opisania mieszanki suchych lub mokrych przypraw powszechnie stosowanych w kuchni indyjskiej. Jest to niezb\u0119dny sk\u0142adnik, kt\u00f3ry dodaje g\u0142\u0119bi, smaku i z\u0142o\u017cono\u015bci szerokiej gamie potraw. Kurczak Masala Curry to odwa\u017cne, pikantne i niezwykle aromatyczne indyjskie curry z kurczaka przygotowywane przez gotowanie kurczaka w sosie na bazie cebuli i pomidor\u00f3w.<\/p>\n","protected":false},"excerpt":{"rendered":"<p>Masala is an authentic Punjabi dish of India. It is a dish flavored with Indian masala, with light creamy tomato and onion sauce. The dishes are characterized by mild, medium and spicy favor.<\/p>\n<p>Masala to autentyczne danie pend\u017cabskie z Indii. Jest to danie o smaku indyjskiej masali, z lekkim kremowym sosem pomidorowym i cebulowym. Potrawy charakteryzuj\u0105 si\u0119 \u0142agodnym, \u015brednim i pikantnym smakiem<\/p>\n","protected":false},"featured_media":6738,"comment_status":"open","ping_status":"closed","template":"","meta":[],"product_brand":[],"product_cat":[124],"product_tag":[],"class_list":{"0":"post-566","1":"product","2":"type-product","3":"status-publish","4":"has-post-thumbnail","6":"product_cat-main","8":"first","9":"instock","10":"taxable","11":"shipping-taxable","12":"purchasable","13":"product-type-variable"},"jetpack_sharing_enabled":true,"_links":{"self":[{"href":"https:\/\/thehimalayantreasure.pl\/en\/wp-json\/wp\/v2\/product\/566","targetHints":{"allow":["GET"]}}],"collection":[{"href":"https:\/\/thehimalayantreasure.pl\/en\/wp-json\/wp\/v2\/product"}],"about":[{"href":"https:\/\/thehimalayantreasure.pl\/en\/wp-json\/wp\/v2\/types\/product"}],"replies":[{"embeddable":true,"href":"https:\/\/thehimalayantreasure.pl\/en\/wp-json\/wp\/v2\/comments?post=566"}],"wp:featuredmedia":[{"embeddable":true,"href":"https:\/\/thehimalayantreasure.pl\/en\/wp-json\/wp\/v2\/media\/6738"}],"wp:attachment":[{"href":"https:\/\/thehimalayantreasure.pl\/en\/wp-json\/wp\/v2\/media?parent=566"}],"wp:term":[{"taxonomy":"product_brand","embeddable":true,"href":"https:\/\/thehimalayantreasure.pl\/en\/wp-json\/wp\/v2\/product_brand?post=566"},{"taxonomy":"product_cat","embeddable":true,"href":"https:\/\/thehimalayantreasure.pl\/en\/wp-json\/wp\/v2\/product_cat?post=566"},{"taxonomy":"product_tag","embeddable":true,"href":"https:\/\/thehimalayantreasure.pl\/en\/wp-json\/wp\/v2\/product_tag?post=566"}],"curies":[{"name":"wp","href":"https:\/\/api.w.org\/{rel}","templated":true}]}}