{"id":625,"date":"2018-09-27T21:13:13","date_gmt":"2018-09-27T19:13:13","guid":{"rendered":"http:\/\/www.thehimalayantreasure.pl\/?post_type=product&#038;p=625"},"modified":"2025-12-04T12:32:04","modified_gmt":"2025-12-04T11:32:04","slug":"lamb-vindaloo","status":"publish","type":"product","link":"https:\/\/thehimalayantreasure.pl\/en\/product\/lamb-vindaloo\/","title":{"rendered":"Vindaloo \ud83c\udf36\ufe0f\ud83c\udf36\ufe0f\ud83c\udf36\ufe0f"},"content":{"rendered":"<p class=\"preFlex flexIn\" style=\"margin: 0px 0px 1rem;line-height: var(--body-font-line-height);font-family: itc-avant-garde-gothic-pro;font-size: 14.9324px;font-style: normal;font-weight: 300;letter-spacing: 0.298648px;text-align: start;text-indent: 0px;text-transform: none;text-decoration: none\">Vindaloo is a popular and fiery curry dish that has its roots in Portuguese cuisine, particularly from the region of Goa in western India. The name &#8220;Vindaloo&#8221; is derived from the Portuguese dish &#8220;Carne de Vinha d&#8217;Alhos,&#8221; which translates to &#8220;meat marinated in wine and garlic.&#8221; Over time, the dish evolved with the addition of local Indian spices and ingredients.<\/p>\n<p class=\"preFlex flexIn\" style=\"margin: 1rem 0px;line-height: var(--body-font-line-height);font-family: itc-avant-garde-gothic-pro;font-size: 14.9324px;font-style: normal;font-weight: 300;letter-spacing: 0.298648px;text-align: start;text-indent: 0px;text-transform: none;text-decoration: none\">During the Portuguese colonial rule in Goa, they introduced the practice of marinating meat in wine and garlic. However, the Indian adaptation incorporated a variety of aromatic spices such as cumin, coriander, turmeric, and chili peppers. The dish also traditionally uses pork as the main protein, although variations with chicken, lamb, or paneer are commonly enjoyed today.<\/p>\n<p>Vindaloo to popularne i ogniste danie curry, kt\u00f3re ma swoje korzenie w kuchni portugalskiej, szczeg\u00f3lnie z regionu Goa w zachodnich Indiach. Nazwa \u201eVindaloo\u201d pochodzi od portugalskiej potrawy \u201eCarne de Vinha d&#8217;Alhos\u201d, co oznacza \u201emi\u0119so marynowane w winie i czosnku\u201d. Z biegiem czasu danie ewoluowa\u0142o wraz z dodatkiem lokalnych indyjskich przypraw i sk\u0142adnik\u00f3w.<\/p>\n<p>Podczas portugalskich rz\u0105d\u00f3w kolonialnych na Goa wprowadzono praktyk\u0119 marynowania mi\u0119sa w winie i czosnku. Jednak indyjska adaptacja obejmowa\u0142a r\u00f3\u017cnorodne aromatyczne przyprawy, takie jak kminek, kolendra, kurkuma i papryczki chili. Danie r\u00f3wnie\u017c tradycyjnie wykorzystuje wieprzowin\u0119 jako g\u0142\u00f3wne bia\u0142ko, chocia\u017c dzi\u015b powszechnie popularne s\u0105 odmiany z kurczakiem, jagni\u0119cin\u0105 lub ser indyjski<\/p>\n","protected":false},"excerpt":{"rendered":"<p>Vindaloo is one of the most popular and recognizable Indian spicy dishes. Vindaloo is prepared in tomato and onion sauce with potatoes, garlic, chili and black pepper. These dishes are medium and spicy in taste.<\/p>\n<p>Vindaloo to jedna z najpopularniejszych i najbardziej rozpoznawalnych indyjskich pikantnych potraw. Vindaloo przygotowywane jest w sosie pomidorowo-cebulowym z ziemniakami, czosnkiem, chilli i czarnym pieprzem. S\u0105 to dania o \u015brednim i ostrym smaku<\/p>\n","protected":false},"featured_media":6727,"comment_status":"open","ping_status":"closed","template":"","meta":[],"product_brand":[],"product_cat":[124],"product_tag":[],"class_list":{"0":"post-625","1":"product","2":"type-product","3":"status-publish","4":"has-post-thumbnail","6":"product_cat-main","8":"first","9":"instock","10":"taxable","11":"shipping-taxable","12":"purchasable","13":"product-type-variable"},"jetpack_sharing_enabled":true,"_links":{"self":[{"href":"https:\/\/thehimalayantreasure.pl\/en\/wp-json\/wp\/v2\/product\/625","targetHints":{"allow":["GET"]}}],"collection":[{"href":"https:\/\/thehimalayantreasure.pl\/en\/wp-json\/wp\/v2\/product"}],"about":[{"href":"https:\/\/thehimalayantreasure.pl\/en\/wp-json\/wp\/v2\/types\/product"}],"replies":[{"embeddable":true,"href":"https:\/\/thehimalayantreasure.pl\/en\/wp-json\/wp\/v2\/comments?post=625"}],"wp:featuredmedia":[{"embeddable":true,"href":"https:\/\/thehimalayantreasure.pl\/en\/wp-json\/wp\/v2\/media\/6727"}],"wp:attachment":[{"href":"https:\/\/thehimalayantreasure.pl\/en\/wp-json\/wp\/v2\/media?parent=625"}],"wp:term":[{"taxonomy":"product_brand","embeddable":true,"href":"https:\/\/thehimalayantreasure.pl\/en\/wp-json\/wp\/v2\/product_brand?post=625"},{"taxonomy":"product_cat","embeddable":true,"href":"https:\/\/thehimalayantreasure.pl\/en\/wp-json\/wp\/v2\/product_cat?post=625"},{"taxonomy":"product_tag","embeddable":true,"href":"https:\/\/thehimalayantreasure.pl\/en\/wp-json\/wp\/v2\/product_tag?post=625"}],"curies":[{"name":"wp","href":"https:\/\/api.w.org\/{rel}","templated":true}]}}