{"id":686,"date":"2018-09-28T15:11:55","date_gmt":"2018-09-28T13:11:55","guid":{"rendered":"http:\/\/www.thehimalayantreasure.pl\/?post_type=product&#038;p=686"},"modified":"2025-12-06T11:11:38","modified_gmt":"2025-12-06T10:11:38","slug":"prawn-korma","status":"publish","type":"product","link":"https:\/\/thehimalayantreasure.pl\/en\/product\/prawn-korma\/","title":{"rendered":"Korma"},"content":{"rendered":"<p class=\"preFlex flexIn\" style=\"margin: 0px 0px 1rem;line-height: var(--body-font-line-height);font-family: itc-avant-garde-gothic-pro;font-size: 14.9324px;font-style: normal;font-weight: 300;letter-spacing: 0.298648px;text-align: start;text-indent: 0px;text-transform: none;text-decoration: none\">Korma, also known as kurma, is a rich and creamy South Asian dish that is popular in Indian, Pakistani, and Mughlai cuisines. Its origins can be traced back to the Mughal era in the Indian subcontinent, where it was developed as a luxurious and flavorful curry.<\/p>\n<p class=\"preFlex flexIn\" style=\"margin: 1rem 0px;line-height: var(--body-font-line-height);font-family: itc-avant-garde-gothic-pro;font-size: 14.9324px;font-style: normal;font-weight: 300;letter-spacing: 0.298648px;text-align: start;text-indent: 0px;text-transform: none;text-decoration: none\">The word &#8220;Kurma&#8221; is derived from the Urdu language, meaning &#8220;braise&#8221; or &#8220;slow-cooked.&#8221; The dish typically consists of meat or vegetables cooked in a fragrant sauce made with a blend of spices, yogurt, and cream. The use of aromatic spices like cardamom, cinnamon, and cloves, along with the addition of nuts and dried fruits, contributes to the distinct flavors and richness of the dish.<\/p>\n<p><em>Korma, znana r\u00f3wnie\u017c jako kurma, to bogate i kremowe danie z Azji Po\u0142udniowej, popularne w kuchni indyjskiej, pakista\u0144skiej i mughlajskiej. Jego korzenie si\u0119gaj\u0105 epoki Mogo\u0142\u00f3w na subkontynencie indyjskim, gdzie zosta\u0142o opracowane jako luksusowe i aromatyczne curry. S\u0142owo \u201eKurma\u201d pochodzi z j\u0119zyka urdu i oznacza \u201edusi\u0107\u201d lub \u201ewolno gotowa\u0107\u201d. Danie zazwyczaj sk\u0142ada si\u0119 z mi\u0119sa lub warzyw gotowanych w pachn\u0105cym sosie z mieszanki przypraw, jogurtu i \u015bmietany. Zastosowanie aromatycznych przypraw, takich jak kardamon, cynamon i go\u017adziki, a tak\u017ce dodatek orzech\u00f3w i suszonych owoc\u00f3w nadaje daniu wyrazisty smak i bogactwo.<\/em><\/p>\n","protected":false},"excerpt":{"rendered":"<p>Korma is a creamy sauce made with cashew nuts, coconut milk, raisins, almond flakes with additional cardamom flavor gentle spices and served in sweet taste<\/p>\n<p>Korma to kremowy sos z orzech\u00f3w nerkowca, mleka kokosowego, rodzynek, p\u0142atk\u00f3w migda\u0142owych z dodatkiem delikatnych przypraw kardamonu i podawany w s\u0142odkim smaku<\/p>\n","protected":false},"featured_media":5387,"comment_status":"open","ping_status":"closed","template":"","meta":[],"product_brand":[],"product_cat":[124],"product_tag":[],"class_list":{"0":"post-686","1":"product","2":"type-product","3":"status-publish","4":"has-post-thumbnail","6":"product_cat-main","8":"first","9":"instock","10":"taxable","11":"shipping-taxable","12":"purchasable","13":"product-type-variable"},"jetpack_sharing_enabled":true,"_links":{"self":[{"href":"https:\/\/thehimalayantreasure.pl\/en\/wp-json\/wp\/v2\/product\/686","targetHints":{"allow":["GET"]}}],"collection":[{"href":"https:\/\/thehimalayantreasure.pl\/en\/wp-json\/wp\/v2\/product"}],"about":[{"href":"https:\/\/thehimalayantreasure.pl\/en\/wp-json\/wp\/v2\/types\/product"}],"replies":[{"embeddable":true,"href":"https:\/\/thehimalayantreasure.pl\/en\/wp-json\/wp\/v2\/comments?post=686"}],"wp:featuredmedia":[{"embeddable":true,"href":"https:\/\/thehimalayantreasure.pl\/en\/wp-json\/wp\/v2\/media\/5387"}],"wp:attachment":[{"href":"https:\/\/thehimalayantreasure.pl\/en\/wp-json\/wp\/v2\/media?parent=686"}],"wp:term":[{"taxonomy":"product_brand","embeddable":true,"href":"https:\/\/thehimalayantreasure.pl\/en\/wp-json\/wp\/v2\/product_brand?post=686"},{"taxonomy":"product_cat","embeddable":true,"href":"https:\/\/thehimalayantreasure.pl\/en\/wp-json\/wp\/v2\/product_cat?post=686"},{"taxonomy":"product_tag","embeddable":true,"href":"https:\/\/thehimalayantreasure.pl\/en\/wp-json\/wp\/v2\/product_tag?post=686"}],"curies":[{"name":"wp","href":"https:\/\/api.w.org\/{rel}","templated":true}]}}