{"id":716,"date":"2018-09-30T17:10:04","date_gmt":"2018-09-30T15:10:04","guid":{"rendered":"http:\/\/www.thehimalayantreasure.pl\/?post_type=product&#038;p=716"},"modified":"2025-09-20T18:56:07","modified_gmt":"2025-09-20T16:56:07","slug":"pulau-rice","status":"publish","type":"product","link":"https:\/\/thehimalayantreasure.pl\/en\/product\/pulau-rice\/","title":{"rendered":"Pulau Rice"},"content":{"rendered":"<p><span>Pilau rice, also known as&nbsp;pilaf,&nbsp;is&nbsp;a fragrant rice dish cooked in a flavorful broth or stock with whole spices like cardamom, cinnamon, and cloves, resulting in fluffy, loose grains.&nbsp;Originating from Persia and popular in the Middle East, India, and the UK, it&#8217;s often colored yellow with turmeric and served as an accompaniment to curries and other dishes rather than as a main meal.&nbsp;<\/span><\/p>\n","protected":false},"excerpt":{"rendered":"<p>Fried yellow rice<\/p>\n<p>Sma\u017cony \u017c\u00f3\u0142ty ry\u017c<\/p>\n","protected":false},"featured_media":6499,"comment_status":"open","ping_status":"closed","template":"","meta":[],"product_brand":[],"product_cat":[81],"product_tag":[],"class_list":{"0":"post-716","1":"product","2":"type-product","3":"status-publish","4":"has-post-thumbnail","6":"product_cat-ryz","8":"first","9":"instock","10":"taxable","11":"shipping-taxable","12":"purchasable","13":"product-type-simple"},"jetpack_sharing_enabled":true,"_links":{"self":[{"href":"https:\/\/thehimalayantreasure.pl\/en\/wp-json\/wp\/v2\/product\/716","targetHints":{"allow":["GET"]}}],"collection":[{"href":"https:\/\/thehimalayantreasure.pl\/en\/wp-json\/wp\/v2\/product"}],"about":[{"href":"https:\/\/thehimalayantreasure.pl\/en\/wp-json\/wp\/v2\/types\/product"}],"replies":[{"embeddable":true,"href":"https:\/\/thehimalayantreasure.pl\/en\/wp-json\/wp\/v2\/comments?post=716"}],"wp:featuredmedia":[{"embeddable":true,"href":"https:\/\/thehimalayantreasure.pl\/en\/wp-json\/wp\/v2\/media\/6499"}],"wp:attachment":[{"href":"https:\/\/thehimalayantreasure.pl\/en\/wp-json\/wp\/v2\/media?parent=716"}],"wp:term":[{"taxonomy":"product_brand","embeddable":true,"href":"https:\/\/thehimalayantreasure.pl\/en\/wp-json\/wp\/v2\/product_brand?post=716"},{"taxonomy":"product_cat","embeddable":true,"href":"https:\/\/thehimalayantreasure.pl\/en\/wp-json\/wp\/v2\/product_cat?post=716"},{"taxonomy":"product_tag","embeddable":true,"href":"https:\/\/thehimalayantreasure.pl\/en\/wp-json\/wp\/v2\/product_tag?post=716"}],"curies":[{"name":"wp","href":"https:\/\/api.w.org\/{rel}","templated":true}]}}