{"id":719,"date":"2018-09-30T17:12:25","date_gmt":"2018-09-30T15:12:25","guid":{"rendered":"http:\/\/www.thehimalayantreasure.pl\/?post_type=product&#038;p=719"},"modified":"2025-08-26T11:11:04","modified_gmt":"2025-08-26T09:11:04","slug":"matter-pulau","status":"publish","type":"product","link":"https:\/\/thehimalayantreasure.pl\/en\/product\/matter-pulau\/","title":{"rendered":"Matter Pulau"},"content":{"rendered":"<p>Matar Pulao is a classic South Asian rice dish made from basmati rice and green peas (matar), cooked with a fragrant blend of whole spices like cumin, cardamom, and cloves, and sometimes other vegetables like carrots. The name &#8220;Matar&#8221; is the Hindi word for &#8220;green peas,&#8221; and &#8220;pulao&#8221; refers to a type of pilaf, where rice is cooked in seasoned broth or water to absorb the flavors. It&#8217;s a simple, comforting, and versatile dish often served as a side with curries or dal.<\/p>\n<p>Matar Pulao to klasyczne po\u0142udniowoazjatyckie danie ry\u017cowe z ry\u017cu basmati i zielonego groszku (matar), gotowane z aromatyczn\u0105 mieszank\u0105 przypraw, takich jak kmin rzymski, kardamon i go\u017adziki, a czasem z innymi warzywami, takimi jak marchew. Nazwa \u201eMatar\u201d w j\u0119zyku hindi oznacza \u201ezielony groszek\u201d, a \u201epulao\u201d odnosi si\u0119 do rodzaju pilawu, w kt\u00f3rym ry\u017c gotuje si\u0119 w przyprawionym bulionie lub wodzie, aby wch\u0142on\u0105\u0107 smaki. To proste, syc\u0105ce i uniwersalne danie, cz\u0119sto podawane jako dodatek do curry lub dal.<\/p>\n","protected":false},"excerpt":{"rendered":"<p>Fried rice with green peas<\/p>\n<p>Sma\u017cony ry\u017c z zielonym groszkiem<\/p>\n","protected":false},"featured_media":6368,"comment_status":"open","ping_status":"closed","template":"","meta":[],"product_brand":[],"product_cat":[81],"product_tag":[],"class_list":{"0":"post-719","1":"product","2":"type-product","3":"status-publish","4":"has-post-thumbnail","6":"product_cat-ryz","8":"first","9":"instock","10":"taxable","11":"shipping-taxable","12":"purchasable","13":"product-type-simple"},"jetpack_sharing_enabled":true,"_links":{"self":[{"href":"https:\/\/thehimalayantreasure.pl\/en\/wp-json\/wp\/v2\/product\/719","targetHints":{"allow":["GET"]}}],"collection":[{"href":"https:\/\/thehimalayantreasure.pl\/en\/wp-json\/wp\/v2\/product"}],"about":[{"href":"https:\/\/thehimalayantreasure.pl\/en\/wp-json\/wp\/v2\/types\/product"}],"replies":[{"embeddable":true,"href":"https:\/\/thehimalayantreasure.pl\/en\/wp-json\/wp\/v2\/comments?post=719"}],"wp:featuredmedia":[{"embeddable":true,"href":"https:\/\/thehimalayantreasure.pl\/en\/wp-json\/wp\/v2\/media\/6368"}],"wp:attachment":[{"href":"https:\/\/thehimalayantreasure.pl\/en\/wp-json\/wp\/v2\/media?parent=719"}],"wp:term":[{"taxonomy":"product_brand","embeddable":true,"href":"https:\/\/thehimalayantreasure.pl\/en\/wp-json\/wp\/v2\/product_brand?post=719"},{"taxonomy":"product_cat","embeddable":true,"href":"https:\/\/thehimalayantreasure.pl\/en\/wp-json\/wp\/v2\/product_cat?post=719"},{"taxonomy":"product_tag","embeddable":true,"href":"https:\/\/thehimalayantreasure.pl\/en\/wp-json\/wp\/v2\/product_tag?post=719"}],"curies":[{"name":"wp","href":"https:\/\/api.w.org\/{rel}","templated":true}]}}