{"id":722,"date":"2018-09-30T17:14:35","date_gmt":"2018-09-30T15:14:35","guid":{"rendered":"http:\/\/www.thehimalayantreasure.pl\/?post_type=product&#038;p=722"},"modified":"2025-11-08T17:28:57","modified_gmt":"2025-11-08T16:28:57","slug":"vegetable-pulau","status":"publish","type":"product","link":"https:\/\/thehimalayantreasure.pl\/en\/product\/vegetable-pulau\/","title":{"rendered":"Vegetable Pulau"},"content":{"rendered":"<p><span>Vegetable pilau is&nbsp;a flavorful one-pot rice dish made with basmati rice, mixed vegetables, and aromatic whole spices, often cooked in a stock or broth for added flavor.&nbsp;It is known by variations of the name&nbsp;pilaf&nbsp;and is a popular dish across various cuisines, particularly in India.&nbsp;The dish is versatile, can be made with various vegetables, and is often enjoyed on its own or with a curry<\/span><\/p>\n<p>Sma\u017cony ry\u017c z \u015bwie\u017cymi warzywami I twarogiem<\/p>\n","protected":false},"excerpt":{"rendered":"<p>Fried rice with fresh vegetables and cottage cheese<\/p>\n<p>Sma\u017cony ry\u017c z \u015bwie\u017cymi warzywami I twarogiem<\/p>\n","protected":false},"featured_media":6259,"comment_status":"open","ping_status":"closed","template":"","meta":[],"product_brand":[],"product_cat":[81],"product_tag":[],"class_list":{"0":"post-722","1":"product","2":"type-product","3":"status-publish","4":"has-post-thumbnail","6":"product_cat-ryz","8":"first","9":"instock","10":"taxable","11":"shipping-taxable","12":"purchasable","13":"product-type-simple"},"jetpack_sharing_enabled":true,"_links":{"self":[{"href":"https:\/\/thehimalayantreasure.pl\/en\/wp-json\/wp\/v2\/product\/722","targetHints":{"allow":["GET"]}}],"collection":[{"href":"https:\/\/thehimalayantreasure.pl\/en\/wp-json\/wp\/v2\/product"}],"about":[{"href":"https:\/\/thehimalayantreasure.pl\/en\/wp-json\/wp\/v2\/types\/product"}],"replies":[{"embeddable":true,"href":"https:\/\/thehimalayantreasure.pl\/en\/wp-json\/wp\/v2\/comments?post=722"}],"wp:featuredmedia":[{"embeddable":true,"href":"https:\/\/thehimalayantreasure.pl\/en\/wp-json\/wp\/v2\/media\/6259"}],"wp:attachment":[{"href":"https:\/\/thehimalayantreasure.pl\/en\/wp-json\/wp\/v2\/media?parent=722"}],"wp:term":[{"taxonomy":"product_brand","embeddable":true,"href":"https:\/\/thehimalayantreasure.pl\/en\/wp-json\/wp\/v2\/product_brand?post=722"},{"taxonomy":"product_cat","embeddable":true,"href":"https:\/\/thehimalayantreasure.pl\/en\/wp-json\/wp\/v2\/product_cat?post=722"},{"taxonomy":"product_tag","embeddable":true,"href":"https:\/\/thehimalayantreasure.pl\/en\/wp-json\/wp\/v2\/product_tag?post=722"}],"curies":[{"name":"wp","href":"https:\/\/api.w.org\/{rel}","templated":true}]}}