{"id":725,"date":"2018-09-30T17:17:01","date_gmt":"2018-09-30T15:17:01","guid":{"rendered":"http:\/\/www.thehimalayantreasure.pl\/?post_type=product&#038;p=725"},"modified":"2025-11-08T17:40:26","modified_gmt":"2025-11-08T16:40:26","slug":"lemon-rice","status":"publish","type":"product","link":"https:\/\/thehimalayantreasure.pl\/en\/product\/lemon-rice\/","title":{"rendered":"Lemon Rice"},"content":{"rendered":"<p><span>Lemon rice is<\/span><span><span class=\"Apple-converted-space\">&nbsp;<\/span><\/span><mark class=\"QVRyCf\">a tangy, South Indian rice dish flavored with lemon juice, turmeric, and spices like mustard seeds, lentils, and curry leaves, often including peanuts and cashews for texture<\/mark><\/p>\n<p>Ry\u017c cytrynowy  po\u0142udniowoindyjskie danie ry\u017cowe doprawione sokiem z cytryny, kurkum\u0105 i przyprawami, takimi jak nasiona gorczycy, soczewica i li\u015bcie curry, cz\u0119sto z dodatkiem orzeszk\u00f3w ziemnych i nerkowc\u00f3w dla nadania tekstury<\/p>\n","protected":false},"excerpt":{"rendered":"<p>Fried rice with lemon, mustard leaves, curry leaves<\/p>\n<p>Sma\u017cony ry\u017c z cytryn\u0105, li\u015b\u0107mi musztardy i li\u015b\u0107mi curry<\/p>\n","protected":false},"featured_media":6247,"comment_status":"open","ping_status":"closed","template":"","meta":[],"product_brand":[],"product_cat":[81],"product_tag":[],"class_list":{"0":"post-725","1":"product","2":"type-product","3":"status-publish","4":"has-post-thumbnail","6":"product_cat-ryz","8":"first","9":"instock","10":"taxable","11":"shipping-taxable","12":"purchasable","13":"product-type-simple"},"jetpack_sharing_enabled":true,"_links":{"self":[{"href":"https:\/\/thehimalayantreasure.pl\/en\/wp-json\/wp\/v2\/product\/725","targetHints":{"allow":["GET"]}}],"collection":[{"href":"https:\/\/thehimalayantreasure.pl\/en\/wp-json\/wp\/v2\/product"}],"about":[{"href":"https:\/\/thehimalayantreasure.pl\/en\/wp-json\/wp\/v2\/types\/product"}],"replies":[{"embeddable":true,"href":"https:\/\/thehimalayantreasure.pl\/en\/wp-json\/wp\/v2\/comments?post=725"}],"wp:featuredmedia":[{"embeddable":true,"href":"https:\/\/thehimalayantreasure.pl\/en\/wp-json\/wp\/v2\/media\/6247"}],"wp:attachment":[{"href":"https:\/\/thehimalayantreasure.pl\/en\/wp-json\/wp\/v2\/media?parent=725"}],"wp:term":[{"taxonomy":"product_brand","embeddable":true,"href":"https:\/\/thehimalayantreasure.pl\/en\/wp-json\/wp\/v2\/product_brand?post=725"},{"taxonomy":"product_cat","embeddable":true,"href":"https:\/\/thehimalayantreasure.pl\/en\/wp-json\/wp\/v2\/product_cat?post=725"},{"taxonomy":"product_tag","embeddable":true,"href":"https:\/\/thehimalayantreasure.pl\/en\/wp-json\/wp\/v2\/product_tag?post=725"}],"curies":[{"name":"wp","href":"https:\/\/api.w.org\/{rel}","templated":true}]}}