{"id":731,"date":"2018-09-30T17:22:20","date_gmt":"2018-09-30T15:22:20","guid":{"rendered":"http:\/\/www.thehimalayantreasure.pl\/?post_type=product&#038;p=731"},"modified":"2025-11-08T17:35:52","modified_gmt":"2025-11-08T16:35:52","slug":"onion-rice","status":"publish","type":"product","link":"https:\/\/thehimalayantreasure.pl\/en\/product\/onion-rice\/","title":{"rendered":"Onion Rice"},"content":{"rendered":"<p><span>Onion rice isn&#8217;t a traditional Indian dish. It is one I invented, but it would sit comfortably alongside any meal my grandmothers might have made. It is<\/span><span><span class=\"Apple-converted-space\">&nbsp;<\/span><\/span><b>a simple pilaf flavored with sweet, caramelized onion and a few common spices<\/b><span>.<\/span><\/p>\n<p>Sma\u017cony ry\u017c z cebul\u0105 i kminkiem<\/p>\n","protected":false},"excerpt":{"rendered":"<p>Fried rice with onions and cumin<\/p>\n<p>Sma\u017cony ry\u017c z cebul\u0105 i kminkiem<\/p>\n","protected":false},"featured_media":6251,"comment_status":"open","ping_status":"closed","template":"","meta":[],"product_brand":[],"product_cat":[81],"product_tag":[],"class_list":{"0":"post-731","1":"product","2":"type-product","3":"status-publish","4":"has-post-thumbnail","6":"product_cat-ryz","8":"first","9":"instock","10":"taxable","11":"shipping-taxable","12":"purchasable","13":"product-type-simple"},"jetpack_sharing_enabled":true,"_links":{"self":[{"href":"https:\/\/thehimalayantreasure.pl\/en\/wp-json\/wp\/v2\/product\/731","targetHints":{"allow":["GET"]}}],"collection":[{"href":"https:\/\/thehimalayantreasure.pl\/en\/wp-json\/wp\/v2\/product"}],"about":[{"href":"https:\/\/thehimalayantreasure.pl\/en\/wp-json\/wp\/v2\/types\/product"}],"replies":[{"embeddable":true,"href":"https:\/\/thehimalayantreasure.pl\/en\/wp-json\/wp\/v2\/comments?post=731"}],"wp:featuredmedia":[{"embeddable":true,"href":"https:\/\/thehimalayantreasure.pl\/en\/wp-json\/wp\/v2\/media\/6251"}],"wp:attachment":[{"href":"https:\/\/thehimalayantreasure.pl\/en\/wp-json\/wp\/v2\/media?parent=731"}],"wp:term":[{"taxonomy":"product_brand","embeddable":true,"href":"https:\/\/thehimalayantreasure.pl\/en\/wp-json\/wp\/v2\/product_brand?post=731"},{"taxonomy":"product_cat","embeddable":true,"href":"https:\/\/thehimalayantreasure.pl\/en\/wp-json\/wp\/v2\/product_cat?post=731"},{"taxonomy":"product_tag","embeddable":true,"href":"https:\/\/thehimalayantreasure.pl\/en\/wp-json\/wp\/v2\/product_tag?post=731"}],"curies":[{"name":"wp","href":"https:\/\/api.w.org\/{rel}","templated":true}]}}