{"id":737,"date":"2018-09-30T17:29:00","date_gmt":"2018-09-30T15:29:00","guid":{"rendered":"http:\/\/www.thehimalayantreasure.pl\/?post_type=product&#038;p=737"},"modified":"2025-11-08T11:37:01","modified_gmt":"2025-11-08T10:37:01","slug":"garlic-coriander-naan","status":"publish","type":"product","link":"https:\/\/thehimalayantreasure.pl\/en\/product\/garlic-coriander-naan\/","title":{"rendered":"Garlic Naan"},"content":{"rendered":"<p>Garlic naan is a popular Indian-origin flatbread made from a leavened dough that is cooked and then brushed with garlic-infused butter or ghee. It has a soft, chewy, and fluffy texture with desirable crispy, charred spots, and a rich, savory flavor from the garlic and butter. Garlic naan is often served as a side dish to complement spicy curries and other Indian main courses.<\/p>\n<p>Naan czosnkowy to popularny, indyjski placek, przygotowywany z ciasta dro\u017cd\u017cowego, kt\u00f3re jest pieczone, a nast\u0119pnie smarowane mas\u0142em czosnkowym lub ghee. Ma mi\u0119kk\u0105, ci\u0105gn\u0105c\u0105 si\u0119 i puszyst\u0105 konsystencj\u0119 z po\u017c\u0105danymi, chrupi\u0105cymi, przypalonymi miejscami oraz bogaty, wytrawny smak czosnku i mas\u0142a. Naan czosnkowy jest cz\u0119sto podawany jako dodatek do pikantnych curry i innych indyjskich da\u0144 g\u0142\u00f3wnych.<\/p>\n","protected":false},"excerpt":{"rendered":"<p>Naan z dodatkiem czosnku I kolendry<\/p>\n","protected":false},"featured_media":6493,"comment_status":"open","ping_status":"closed","template":"","meta":[],"product_brand":[],"product_cat":[82],"product_tag":[],"class_list":{"0":"post-737","1":"product","2":"type-product","3":"status-publish","4":"has-post-thumbnail","6":"product_cat-naan","8":"first","9":"instock","10":"taxable","11":"shipping-taxable","12":"purchasable","13":"product-type-simple"},"jetpack_sharing_enabled":true,"_links":{"self":[{"href":"https:\/\/thehimalayantreasure.pl\/en\/wp-json\/wp\/v2\/product\/737","targetHints":{"allow":["GET"]}}],"collection":[{"href":"https:\/\/thehimalayantreasure.pl\/en\/wp-json\/wp\/v2\/product"}],"about":[{"href":"https:\/\/thehimalayantreasure.pl\/en\/wp-json\/wp\/v2\/types\/product"}],"replies":[{"embeddable":true,"href":"https:\/\/thehimalayantreasure.pl\/en\/wp-json\/wp\/v2\/comments?post=737"}],"wp:featuredmedia":[{"embeddable":true,"href":"https:\/\/thehimalayantreasure.pl\/en\/wp-json\/wp\/v2\/media\/6493"}],"wp:attachment":[{"href":"https:\/\/thehimalayantreasure.pl\/en\/wp-json\/wp\/v2\/media?parent=737"}],"wp:term":[{"taxonomy":"product_brand","embeddable":true,"href":"https:\/\/thehimalayantreasure.pl\/en\/wp-json\/wp\/v2\/product_brand?post=737"},{"taxonomy":"product_cat","embeddable":true,"href":"https:\/\/thehimalayantreasure.pl\/en\/wp-json\/wp\/v2\/product_cat?post=737"},{"taxonomy":"product_tag","embeddable":true,"href":"https:\/\/thehimalayantreasure.pl\/en\/wp-json\/wp\/v2\/product_tag?post=737"}],"curies":[{"name":"wp","href":"https:\/\/api.w.org\/{rel}","templated":true}]}}