{"id":740,"date":"2018-09-30T17:31:50","date_gmt":"2018-09-30T15:31:50","guid":{"rendered":"http:\/\/www.thehimalayantreasure.pl\/?post_type=product&#038;p=740"},"modified":"2025-11-08T11:31:11","modified_gmt":"2025-11-08T10:31:11","slug":"butter-naan","status":"publish","type":"product","link":"https:\/\/thehimalayantreasure.pl\/en\/product\/butter-naan\/","title":{"rendered":"Butter Naan"},"content":{"rendered":"<p>Butter Naan is a layered bread with a light and slightly fluffy texture and golden-brown spots from the baking process. It is made primarily from white flour or wheat flour and a leavening agent (usually yeast), which results in the formation of air pockets in the dough that impart fluffiness and softness.<\/p>\n<p>Butter Naan to chleb warstwowy o lekkiej i lekko puszystej konsystencji ze z\u0142ocistobr\u0105zowymi plamkami powsta\u0142ymi w procesie pieczenia. Wytwarzany jest g\u0142\u00f3wnie z bia\u0142ej m\u0105ki pszennej lub m\u0105ki pszennej i \u015brodka spulchniaj\u0105cego (zazwyczaj dro\u017cd\u017cy), kt\u00f3ry powoduje powstawanie p\u0119cherzyk\u00f3w powietrza w cie\u015bcie, nadaj\u0105cych mu puszysto\u015b\u0107 i mi\u0119kko\u015b\u0107.<\/p>\n","protected":false},"excerpt":{"rendered":"<p>Naan z dodatkiem mas\u0142a<\/p>\n","protected":false},"featured_media":5234,"comment_status":"open","ping_status":"closed","template":"","meta":[],"product_brand":[],"product_cat":[82],"product_tag":[],"class_list":{"0":"post-740","1":"product","2":"type-product","3":"status-publish","4":"has-post-thumbnail","6":"product_cat-naan","8":"first","9":"instock","10":"taxable","11":"shipping-taxable","12":"purchasable","13":"product-type-simple"},"jetpack_sharing_enabled":true,"_links":{"self":[{"href":"https:\/\/thehimalayantreasure.pl\/en\/wp-json\/wp\/v2\/product\/740","targetHints":{"allow":["GET"]}}],"collection":[{"href":"https:\/\/thehimalayantreasure.pl\/en\/wp-json\/wp\/v2\/product"}],"about":[{"href":"https:\/\/thehimalayantreasure.pl\/en\/wp-json\/wp\/v2\/types\/product"}],"replies":[{"embeddable":true,"href":"https:\/\/thehimalayantreasure.pl\/en\/wp-json\/wp\/v2\/comments?post=740"}],"wp:featuredmedia":[{"embeddable":true,"href":"https:\/\/thehimalayantreasure.pl\/en\/wp-json\/wp\/v2\/media\/5234"}],"wp:attachment":[{"href":"https:\/\/thehimalayantreasure.pl\/en\/wp-json\/wp\/v2\/media?parent=740"}],"wp:term":[{"taxonomy":"product_brand","embeddable":true,"href":"https:\/\/thehimalayantreasure.pl\/en\/wp-json\/wp\/v2\/product_brand?post=740"},{"taxonomy":"product_cat","embeddable":true,"href":"https:\/\/thehimalayantreasure.pl\/en\/wp-json\/wp\/v2\/product_cat?post=740"},{"taxonomy":"product_tag","embeddable":true,"href":"https:\/\/thehimalayantreasure.pl\/en\/wp-json\/wp\/v2\/product_tag?post=740"}],"curies":[{"name":"wp","href":"https:\/\/api.w.org\/{rel}","templated":true}]}}