{"id":746,"date":"2018-09-30T17:35:31","date_gmt":"2018-09-30T15:35:31","guid":{"rendered":"http:\/\/www.thehimalayantreasure.pl\/?post_type=product&#038;p=746"},"modified":"2025-09-04T20:24:05","modified_gmt":"2025-09-04T18:24:05","slug":"kashmiri-naan","status":"publish","type":"product","link":"https:\/\/thehimalayantreasure.pl\/en\/product\/kashmiri-naan\/","title":{"rendered":"Peshwari Naan"},"content":{"rendered":"<p><span>Peshwari naan is<\/span><span><span class=\"Apple-converted-space\">&nbsp;<\/span><\/span><span><mark class=\"QVRyCf\" style=\"background-image;background-position-x;background-position-y;background-size:200% 100%;background-repeat;background-attachment;background-origin;background-clip;background-color;color:inherit;font-weight:500;border-radius:4px;padding:0px 2px\">a sweet and rich leavened flatbread that originates from Peshawar, Pakistan, and is popular in Indian restaurants<\/mark><\/span><span>.<\/span><span><span class=\"Apple-converted-space\">&nbsp;<\/span><\/span><span>It&#8217;s distinct for its filling of<\/span><span><span class=\"Apple-converted-space\">&nbsp;<\/span><\/span><span><span class=\"M5tQyf\"><u><a class=\"DTlJ6d\" href=\"https:\/\/www.google.com\/search?sca_esv=7550878c098e0420&amp;rlz=1CDGOYI_enPL993PL993&amp;hl=en-GB&amp;cs=1&amp;q=desiccated+coconut&amp;sa=X&amp;ved=2ahUKEwj61P6K3b-PAxUSRfEDHeIGBcMQxccNegQIAxAB&amp;mstk=AUtExfB_RFNE6QvL5taCIDRg_K3SKtb2-R40-xxta-RGDq6lCi_0bPizpSE3yAXLg-B4CU_iROrrq7bco8X2ehMNG9lYBSMgNh0Mp8rwd2t7cPVMLcIhGsQD0PFueeQkAU46HtdzHmppRr5iM7PLqVTCR74-yZw3cVQ4XXWQGmlFq31RZ_Pq6xdVH-jy9crKLFsqocfxq2mH2Wq0X5aKF8sjldIfbQ&amp;csui=3\" data-hveid=\"CAMQAQ\" style=\"text-decoration: underline\">desiccated coconut<\/a><\/u><\/span><\/span><span><span class=\"M5tQyf\">,<\/span><\/span><span><span class=\"M5tQyf\"><u><a class=\"DTlJ6d\" href=\"https:\/\/www.google.com\/search?sca_esv=7550878c098e0420&amp;rlz=1CDGOYI_enPL993PL993&amp;hl=en-GB&amp;cs=1&amp;q=sultanas+%28raisins%29&amp;sa=X&amp;ved=2ahUKEwj61P6K3b-PAxUSRfEDHeIGBcMQxccNegQIAxAC&amp;mstk=AUtExfB_RFNE6QvL5taCIDRg_K3SKtb2-R40-xxta-RGDq6lCi_0bPizpSE3yAXLg-B4CU_iROrrq7bco8X2ehMNG9lYBSMgNh0Mp8rwd2t7cPVMLcIhGsQD0PFueeQkAU46HtdzHmppRr5iM7PLqVTCR74-yZw3cVQ4XXWQGmlFq31RZ_Pq6xdVH-jy9crKLFsqocfxq2mH2Wq0X5aKF8sjldIfbQ&amp;csui=3\" data-hveid=\"CAMQAg\" style=\"text-decoration: underline\">sultanas (raisins)<\/a><\/u><\/span><\/span><span><span class=\"M5tQyf\">,<\/span><\/span><span><span class=\"Apple-converted-space\">&nbsp;<\/span><\/span><span>and<\/span><span><span class=\"Apple-converted-space\">&nbsp;<\/span><\/span><span><u><a class=\"DTlJ6d\" href=\"https:\/\/www.google.com\/search?sca_esv=7550878c098e0420&amp;rlz=1CDGOYI_enPL993PL993&amp;hl=en-GB&amp;cs=1&amp;q=ground+almonds&amp;sa=X&amp;ved=2ahUKEwj61P6K3b-PAxUSRfEDHeIGBcMQxccNegQIAxAD&amp;mstk=AUtExfB_RFNE6QvL5taCIDRg_K3SKtb2-R40-xxta-RGDq6lCi_0bPizpSE3yAXLg-B4CU_iROrrq7bco8X2ehMNG9lYBSMgNh0Mp8rwd2t7cPVMLcIhGsQD0PFueeQkAU46HtdzHmppRr5iM7PLqVTCR74-yZw3cVQ4XXWQGmlFq31RZ_Pq6xdVH-jy9crKLFsqocfxq2mH2Wq0X5aKF8sjldIfbQ&amp;csui=3\" data-hveid=\"CAMQAw\" style=\"text-decoration: underline\">ground almonds<\/a><\/u><\/span><span><span class=\"Apple-converted-space\">&nbsp;<\/span><\/span><span>or pistachios, often combined with a bit of sugar and butter or honey.<\/span><span><span class=\"Apple-converted-space\">&nbsp;<\/span><\/span><span>The resulting soft, fluffy bread is cooked until golden and slightly crispy, then brushed with butter and served as a special treat alongside spicy curries.<\/span><\/p>\n<p>Indyjski chleb z m\u0105ki pszennej nadziewany twarogiem, rodzynkami, past\u0105 z orzech\u00f3w nerkowca i cukrem<\/p>\n","protected":false},"excerpt":{"rendered":"<p>Indian bread made of wheat flour stuffed with cottage cheese, raisins, cashew nut paste and sugar<\/p>\n<p>Indyjski chleb z m\u0105ki pszennej nadziewany twarogiem, rodzynkami, past\u0105 z orzech\u00f3w nerkowca i cukrem<\/p>\n","protected":false},"featured_media":5523,"comment_status":"open","ping_status":"closed","template":"","meta":[],"product_brand":[],"product_cat":[82],"product_tag":[],"class_list":{"0":"post-746","1":"product","2":"type-product","3":"status-publish","4":"has-post-thumbnail","6":"product_cat-naan","8":"first","9":"instock","10":"taxable","11":"shipping-taxable","12":"purchasable","13":"product-type-simple"},"jetpack_sharing_enabled":true,"_links":{"self":[{"href":"https:\/\/thehimalayantreasure.pl\/en\/wp-json\/wp\/v2\/product\/746","targetHints":{"allow":["GET"]}}],"collection":[{"href":"https:\/\/thehimalayantreasure.pl\/en\/wp-json\/wp\/v2\/product"}],"about":[{"href":"https:\/\/thehimalayantreasure.pl\/en\/wp-json\/wp\/v2\/types\/product"}],"replies":[{"embeddable":true,"href":"https:\/\/thehimalayantreasure.pl\/en\/wp-json\/wp\/v2\/comments?post=746"}],"wp:featuredmedia":[{"embeddable":true,"href":"https:\/\/thehimalayantreasure.pl\/en\/wp-json\/wp\/v2\/media\/5523"}],"wp:attachment":[{"href":"https:\/\/thehimalayantreasure.pl\/en\/wp-json\/wp\/v2\/media?parent=746"}],"wp:term":[{"taxonomy":"product_brand","embeddable":true,"href":"https:\/\/thehimalayantreasure.pl\/en\/wp-json\/wp\/v2\/product_brand?post=746"},{"taxonomy":"product_cat","embeddable":true,"href":"https:\/\/thehimalayantreasure.pl\/en\/wp-json\/wp\/v2\/product_cat?post=746"},{"taxonomy":"product_tag","embeddable":true,"href":"https:\/\/thehimalayantreasure.pl\/en\/wp-json\/wp\/v2\/product_tag?post=746"}],"curies":[{"name":"wp","href":"https:\/\/api.w.org\/{rel}","templated":true}]}}