{"id":749,"date":"2018-09-30T17:39:37","date_gmt":"2018-09-30T15:39:37","guid":{"rendered":"http:\/\/www.thehimalayantreasure.pl\/?post_type=product&#038;p=749"},"modified":"2025-11-08T11:37:47","modified_gmt":"2025-11-08T10:37:47","slug":"mutton-keema-naan","status":"publish","type":"product","link":"https:\/\/thehimalayantreasure.pl\/en\/product\/mutton-keema-naan\/","title":{"rendered":"Keema Naan"},"content":{"rendered":"<p>Keema naan is a popular Indian flatbread filled with &#8220;keema&#8221; (spiced minced or ground meat, typically lamb or goat). The dough, often leavened with yogurt, is stuffed with the seasoned meat mixture, then cooked on a griddle or in a tandoor (clay oven) until golden and soft. It&#8217;s a flavorful and hearty dish that can be enjoyed on its own or with accompaniments like yogurt or chutneys.<\/p>\n<p><em>Keema naan to popularny indyjski p\u0142aski chleb nadziewany \u201ekeema\u201d (przyprawionym mielonym mi\u0119sem, zazwyczaj jagni\u0119cin\u0105 lub kozin\u0105). Ciasto, cz\u0119sto zakwaszane jogurtem, jest nadziewane przyprawion\u0105 mieszank\u0105 mi\u0119sn\u0105, a nast\u0119pnie pieczone na patelni grillowej lub w piecu tandoor (piecu glinianym) do uzyskania z\u0142ocistego koloru i mi\u0119kko\u015bci. To aromatyczne i syc\u0105ce danie mo\u017cna je\u015b\u0107 samodzielnie lub z dodatkami, takimi jak jogurt lub chutney<\/em>.<\/p>\n","protected":false},"excerpt":{"rendered":"<p>Naan stuffed with mutton keema<\/p>\n<p>Naan nadziewany baranin\u0105<\/p>\n","protected":false},"featured_media":5519,"comment_status":"open","ping_status":"closed","template":"","meta":[],"product_brand":[],"product_cat":[82],"product_tag":[],"class_list":{"0":"post-749","1":"product","2":"type-product","3":"status-publish","4":"has-post-thumbnail","6":"product_cat-naan","8":"first","9":"instock","10":"taxable","11":"shipping-taxable","12":"purchasable","13":"product-type-simple"},"jetpack_sharing_enabled":true,"_links":{"self":[{"href":"https:\/\/thehimalayantreasure.pl\/en\/wp-json\/wp\/v2\/product\/749","targetHints":{"allow":["GET"]}}],"collection":[{"href":"https:\/\/thehimalayantreasure.pl\/en\/wp-json\/wp\/v2\/product"}],"about":[{"href":"https:\/\/thehimalayantreasure.pl\/en\/wp-json\/wp\/v2\/types\/product"}],"replies":[{"embeddable":true,"href":"https:\/\/thehimalayantreasure.pl\/en\/wp-json\/wp\/v2\/comments?post=749"}],"wp:featuredmedia":[{"embeddable":true,"href":"https:\/\/thehimalayantreasure.pl\/en\/wp-json\/wp\/v2\/media\/5519"}],"wp:attachment":[{"href":"https:\/\/thehimalayantreasure.pl\/en\/wp-json\/wp\/v2\/media?parent=749"}],"wp:term":[{"taxonomy":"product_brand","embeddable":true,"href":"https:\/\/thehimalayantreasure.pl\/en\/wp-json\/wp\/v2\/product_brand?post=749"},{"taxonomy":"product_cat","embeddable":true,"href":"https:\/\/thehimalayantreasure.pl\/en\/wp-json\/wp\/v2\/product_cat?post=749"},{"taxonomy":"product_tag","embeddable":true,"href":"https:\/\/thehimalayantreasure.pl\/en\/wp-json\/wp\/v2\/product_tag?post=749"}],"curies":[{"name":"wp","href":"https:\/\/api.w.org\/{rel}","templated":true}]}}