{"id":752,"date":"2018-09-30T17:41:46","date_gmt":"2018-09-30T15:41:46","guid":{"rendered":"http:\/\/www.thehimalayantreasure.pl\/?post_type=product&#038;p=752"},"modified":"2025-11-08T17:36:31","modified_gmt":"2025-11-08T16:36:31","slug":"masala-kulcha","status":"publish","type":"product","link":"https:\/\/thehimalayantreasure.pl\/en\/product\/masala-kulcha\/","title":{"rendered":"Masala Kulcha"},"content":{"rendered":"<p>Masala Kulcha is a popular Indian flatbread from North Indian and Punjabi cuisine, featuring a soft, fluffy, yeast-infused dough stuffed with a flavorful mixture of spiced potatoes, paneer (Indian cheese), or other vegetables and spices. This savory, aromatic bread is often cooked in a tandoor oven but can also be prepared on a tawa (griddle). Masala Kulcha is a versatile dish, enjoyed as a street food snack or served as an accompaniment to various curries, gravies, and chana masala.<\/p>\n<p>Masala Kulcha to popularny indyjski p\u0142aski chleb z kuchni p\u00f3\u0142nocnoindyjskiej i pend\u017cabskiej, charakteryzuj\u0105cy si\u0119 mi\u0119kkim, puszystym ciastem dro\u017cd\u017cowym nadziewanym aromatyczn\u0105 mieszank\u0105 przyprawionych ziemniak\u00f3w, indyjskiego sera paneer lub innych warzyw i przypraw. Ten aromatyczny chleb jest cz\u0119sto pieczony w piecu tandoor, ale mo\u017cna go r\u00f3wnie\u017c przygotowa\u0107 na tawie (patelni). Masala Kulcha to wszechstronne danie, kt\u00f3re mo\u017cna je\u015b\u0107 jako przek\u0105sk\u0119 uliczn\u0105 lub jako dodatek do r\u00f3\u017cnych curry, sos\u00f3w i ciecierzycy masala.<\/p>\n","protected":false},"excerpt":{"rendered":"<p>Spicy and tasty naan with stuffed onions and Indian spices<\/p>\n<p>Pikantny i smaczny naan nadziewany cebul\u0105 i indyjskimi przyprawami<\/p>\n","protected":false},"featured_media":6421,"comment_status":"open","ping_status":"closed","template":"","meta":[],"product_brand":[],"product_cat":[82],"product_tag":[],"class_list":{"0":"post-752","1":"product","2":"type-product","3":"status-publish","4":"has-post-thumbnail","6":"product_cat-naan","8":"first","9":"instock","10":"taxable","11":"shipping-taxable","12":"purchasable","13":"product-type-simple"},"jetpack_sharing_enabled":true,"_links":{"self":[{"href":"https:\/\/thehimalayantreasure.pl\/en\/wp-json\/wp\/v2\/product\/752","targetHints":{"allow":["GET"]}}],"collection":[{"href":"https:\/\/thehimalayantreasure.pl\/en\/wp-json\/wp\/v2\/product"}],"about":[{"href":"https:\/\/thehimalayantreasure.pl\/en\/wp-json\/wp\/v2\/types\/product"}],"replies":[{"embeddable":true,"href":"https:\/\/thehimalayantreasure.pl\/en\/wp-json\/wp\/v2\/comments?post=752"}],"wp:featuredmedia":[{"embeddable":true,"href":"https:\/\/thehimalayantreasure.pl\/en\/wp-json\/wp\/v2\/media\/6421"}],"wp:attachment":[{"href":"https:\/\/thehimalayantreasure.pl\/en\/wp-json\/wp\/v2\/media?parent=752"}],"wp:term":[{"taxonomy":"product_brand","embeddable":true,"href":"https:\/\/thehimalayantreasure.pl\/en\/wp-json\/wp\/v2\/product_brand?post=752"},{"taxonomy":"product_cat","embeddable":true,"href":"https:\/\/thehimalayantreasure.pl\/en\/wp-json\/wp\/v2\/product_cat?post=752"},{"taxonomy":"product_tag","embeddable":true,"href":"https:\/\/thehimalayantreasure.pl\/en\/wp-json\/wp\/v2\/product_tag?post=752"}],"curies":[{"name":"wp","href":"https:\/\/api.w.org\/{rel}","templated":true}]}}