{"id":756,"date":"2018-09-30T17:47:02","date_gmt":"2018-09-30T15:47:02","guid":{"rendered":"http:\/\/www.thehimalayantreasure.pl\/?post_type=product&#038;p=756"},"modified":"2025-09-04T20:26:17","modified_gmt":"2025-09-04T18:26:17","slug":"tandoori-roti","status":"publish","type":"product","link":"https:\/\/thehimalayantreasure.pl\/en\/product\/tandoori-roti\/","title":{"rendered":"Plain Roti"},"content":{"rendered":"<p><span>Plain roti is<\/span><span><span class=\"Apple-converted-space\">&nbsp;<\/span><\/span><span><mark class=\"QVRyCf\" style=\"background-image;background-position-x;background-position-y;background-size:200% 100%;background-repeat;background-attachment;background-origin;background-clip;background-color;color:inherit;font-weight:500;border-radius:4px;padding:0px 2px\">an unleavened flatbread, common in South Asia, made primarily from whole wheat flour and water, and cooked on a hot griddle (tawa)<\/mark><\/span><span> or tandoor.It&#8217;s a simple, healthy, and versatile bread, often served with curries, vegetables, or dals.<\/span><span><span class=\"Apple-converted-space\">&nbsp;<\/span><\/span><span>Plain roti is also known by other names, such as chapati or phulka, with slight variations in thickness or cooking method.<\/span><\/p>\n<p>Indyjski p\u0142aski chleb z m\u0105ki pe\u0142noziarnistej przygotowany w piecu tandoor<\/p>\n","protected":false},"excerpt":{"rendered":"<p>Indian flat bread made in tandoor from whole-wheat flour<\/p>\n<p>Indyjski p\u0142aski chleb z m\u0105ki pe\u0142noziarnistej przygotowany w piecu tandoor<\/p>\n","protected":false},"featured_media":757,"comment_status":"open","ping_status":"closed","template":"","meta":[],"product_brand":[],"product_cat":[88],"product_tag":[],"class_list":{"0":"post-756","1":"product","2":"type-product","3":"status-publish","4":"has-post-thumbnail","6":"product_cat-rotti","8":"first","9":"instock","10":"taxable","11":"shipping-taxable","12":"purchasable","13":"product-type-simple"},"jetpack_sharing_enabled":true,"_links":{"self":[{"href":"https:\/\/thehimalayantreasure.pl\/en\/wp-json\/wp\/v2\/product\/756","targetHints":{"allow":["GET"]}}],"collection":[{"href":"https:\/\/thehimalayantreasure.pl\/en\/wp-json\/wp\/v2\/product"}],"about":[{"href":"https:\/\/thehimalayantreasure.pl\/en\/wp-json\/wp\/v2\/types\/product"}],"replies":[{"embeddable":true,"href":"https:\/\/thehimalayantreasure.pl\/en\/wp-json\/wp\/v2\/comments?post=756"}],"wp:featuredmedia":[{"embeddable":true,"href":"https:\/\/thehimalayantreasure.pl\/en\/wp-json\/wp\/v2\/media\/757"}],"wp:attachment":[{"href":"https:\/\/thehimalayantreasure.pl\/en\/wp-json\/wp\/v2\/media?parent=756"}],"wp:term":[{"taxonomy":"product_brand","embeddable":true,"href":"https:\/\/thehimalayantreasure.pl\/en\/wp-json\/wp\/v2\/product_brand?post=756"},{"taxonomy":"product_cat","embeddable":true,"href":"https:\/\/thehimalayantreasure.pl\/en\/wp-json\/wp\/v2\/product_cat?post=756"},{"taxonomy":"product_tag","embeddable":true,"href":"https:\/\/thehimalayantreasure.pl\/en\/wp-json\/wp\/v2\/product_tag?post=756"}],"curies":[{"name":"wp","href":"https:\/\/api.w.org\/{rel}","templated":true}]}}