{"id":765,"date":"2018-09-30T17:56:03","date_gmt":"2018-09-30T15:56:03","guid":{"rendered":"http:\/\/www.thehimalayantreasure.pl\/?post_type=product&#038;p=765"},"modified":"2025-11-08T11:39:13","modified_gmt":"2025-11-08T10:39:13","slug":"lachha-paratha","status":"publish","type":"product","link":"https:\/\/thehimalayantreasure.pl\/en\/product\/lachha-paratha\/","title":{"rendered":"Lachha Paratha"},"content":{"rendered":"<p><span>Laccha paratha is a very popular flatbread from North India. It is usually made with whole wheat flour and derives its name thanks to the all the crispy, flaky layers that form while cooking this paratha. This paratha pairs really well with almost all Indian veg and non-veg curries.<\/span><\/p>\n<p>Laccha paratha to bardzo popularny p\u0142aski chleb z p\u00f3\u0142nocnych Indii. Zazwyczaj jest przygotowywany z m\u0105ki pe\u0142noziarnistej i zawdzi\u0119cza swoj\u0105 nazw\u0119 chrupi\u0105cym, listkowatym warstwom, kt\u00f3re tworz\u0105 si\u0119 podczas pieczenia. Paratha doskonale komponuje si\u0119 z niemal wszystkimi indyjskimi curry, zar\u00f3wno wegetaria\u0144skimi, jak i mi\u0119snymi.<\/p>\n","protected":false},"excerpt":{"rendered":"<p>Layered bread<\/p>\n<p>Chleb warstwowy<\/p>\n","protected":false},"featured_media":6439,"comment_status":"open","ping_status":"closed","template":"","meta":[],"product_brand":[],"product_cat":[88],"product_tag":[],"class_list":{"0":"post-765","1":"product","2":"type-product","3":"status-publish","4":"has-post-thumbnail","6":"product_cat-rotti","8":"first","9":"instock","10":"taxable","11":"shipping-taxable","12":"purchasable","13":"product-type-simple"},"jetpack_sharing_enabled":true,"_links":{"self":[{"href":"https:\/\/thehimalayantreasure.pl\/en\/wp-json\/wp\/v2\/product\/765","targetHints":{"allow":["GET"]}}],"collection":[{"href":"https:\/\/thehimalayantreasure.pl\/en\/wp-json\/wp\/v2\/product"}],"about":[{"href":"https:\/\/thehimalayantreasure.pl\/en\/wp-json\/wp\/v2\/types\/product"}],"replies":[{"embeddable":true,"href":"https:\/\/thehimalayantreasure.pl\/en\/wp-json\/wp\/v2\/comments?post=765"}],"wp:featuredmedia":[{"embeddable":true,"href":"https:\/\/thehimalayantreasure.pl\/en\/wp-json\/wp\/v2\/media\/6439"}],"wp:attachment":[{"href":"https:\/\/thehimalayantreasure.pl\/en\/wp-json\/wp\/v2\/media?parent=765"}],"wp:term":[{"taxonomy":"product_brand","embeddable":true,"href":"https:\/\/thehimalayantreasure.pl\/en\/wp-json\/wp\/v2\/product_brand?post=765"},{"taxonomy":"product_cat","embeddable":true,"href":"https:\/\/thehimalayantreasure.pl\/en\/wp-json\/wp\/v2\/product_cat?post=765"},{"taxonomy":"product_tag","embeddable":true,"href":"https:\/\/thehimalayantreasure.pl\/en\/wp-json\/wp\/v2\/product_tag?post=765"}],"curies":[{"name":"wp","href":"https:\/\/api.w.org\/{rel}","templated":true}]}}