{"id":771,"date":"2018-09-30T18:03:52","date_gmt":"2018-09-30T16:03:52","guid":{"rendered":"http:\/\/www.thehimalayantreasure.pl\/?post_type=product&#038;p=771"},"modified":"2025-11-08T11:29:22","modified_gmt":"2025-11-08T10:29:22","slug":"stuffed-paratha","status":"publish","type":"product","link":"https:\/\/thehimalayantreasure.pl\/en\/product\/stuffed-paratha\/","title":{"rendered":"Aloo Paratha"},"content":{"rendered":"<p><span>Aloo Paratha are popular Indian flatbreads stuffed with a delicious spiced potato mixture. In Hindi, Aloo means \u201cPotatoes\u201d and Paratha means \u201cLayered Flatbreads\u201d. So Aloo Parathas literally <\/span><span>means<\/span><span> parathas that are stuffed with boiled, mashed and spiced potatoes in between the layers.<\/span><\/p>\n<p>Aloo Paratha to popularne indyjskie placki nadziewane pyszn\u0105, przyprawion\u0105 mieszank\u0105 ziemniak\u00f3w. W j\u0119zyku hindi Aloo oznacza \u201eziemniaki\u201d, a Paratha \u2013 \u201ewarstwowe placki\u201d. Zatem Aloo Paratha dos\u0142ownie oznacza parathy nadziewane gotowanymi, puree ziemniaczanym i przyprawionymi ziemniakami pomi\u0119dzy warstwami.<\/p>\n","protected":false},"excerpt":{"rendered":"<p>Indian bread stuffed with potatoes, onions and Indian spices<\/p>\n<p>Indyjski chleb nadziewany ziemniakami, cebul\u0105 i indyjskimi przyprawami<\/p>\n","protected":false},"featured_media":6395,"comment_status":"open","ping_status":"closed","template":"","meta":[],"product_brand":[],"product_cat":[88],"product_tag":[],"class_list":{"0":"post-771","1":"product","2":"type-product","3":"status-publish","4":"has-post-thumbnail","6":"product_cat-rotti","8":"first","9":"instock","10":"taxable","11":"shipping-taxable","12":"purchasable","13":"product-type-simple"},"jetpack_sharing_enabled":true,"_links":{"self":[{"href":"https:\/\/thehimalayantreasure.pl\/en\/wp-json\/wp\/v2\/product\/771","targetHints":{"allow":["GET"]}}],"collection":[{"href":"https:\/\/thehimalayantreasure.pl\/en\/wp-json\/wp\/v2\/product"}],"about":[{"href":"https:\/\/thehimalayantreasure.pl\/en\/wp-json\/wp\/v2\/types\/product"}],"replies":[{"embeddable":true,"href":"https:\/\/thehimalayantreasure.pl\/en\/wp-json\/wp\/v2\/comments?post=771"}],"wp:featuredmedia":[{"embeddable":true,"href":"https:\/\/thehimalayantreasure.pl\/en\/wp-json\/wp\/v2\/media\/6395"}],"wp:attachment":[{"href":"https:\/\/thehimalayantreasure.pl\/en\/wp-json\/wp\/v2\/media?parent=771"}],"wp:term":[{"taxonomy":"product_brand","embeddable":true,"href":"https:\/\/thehimalayantreasure.pl\/en\/wp-json\/wp\/v2\/product_brand?post=771"},{"taxonomy":"product_cat","embeddable":true,"href":"https:\/\/thehimalayantreasure.pl\/en\/wp-json\/wp\/v2\/product_cat?post=771"},{"taxonomy":"product_tag","embeddable":true,"href":"https:\/\/thehimalayantreasure.pl\/en\/wp-json\/wp\/v2\/product_tag?post=771"}],"curies":[{"name":"wp","href":"https:\/\/api.w.org\/{rel}","templated":true}]}}