{"id":776,"date":"2018-09-30T18:09:32","date_gmt":"2018-09-30T16:09:32","guid":{"rendered":"http:\/\/www.thehimalayantreasure.pl\/?post_type=product&#038;p=776"},"modified":"2025-07-04T11:26:14","modified_gmt":"2025-07-04T09:26:14","slug":"green-salad","status":"publish","type":"product","link":"https:\/\/thehimalayantreasure.pl\/en\/product\/green-salad\/","title":{"rendered":"Green Salad"},"content":{"rendered":"<p>Diced cut green salad with tomatoes, lettuce leaf, cucumber, red onion and carrots seasoned with olive oil<\/p>\n<p>Pokrojona w kostk\u0119 zielona sa\u0142ata z pomidorami, li\u015bciem sa\u0142aty, og\u00f3rkiem, czerwon\u0105 cebul\u0105 i marchewk\u0105 doprawiona oliw\u0105<\/p>\n","protected":false},"excerpt":{"rendered":"<p>Diced cut green salad with tomatoes, lettuce leaf, cucumber, red onion and carrots seasoned with olive oil<\/p>\n<p>Pokrojona w kostk\u0119 zielona sa\u0142ata z pomidorami, li\u015bciem sa\u0142aty, og\u00f3rkiem, czerwon\u0105 cebul\u0105 i marchewk\u0105 doprawiona oliw\u0105<\/p>\n","protected":false},"featured_media":777,"comment_status":"open","ping_status":"closed","template":"","meta":[],"product_brand":[],"product_cat":[83],"product_tag":[],"class_list":{"0":"post-776","1":"product","2":"type-product","3":"status-publish","4":"has-post-thumbnail","6":"product_cat-salatki","8":"first","9":"instock","10":"taxable","11":"shipping-taxable","12":"purchasable","13":"product-type-simple"},"jetpack_sharing_enabled":true,"_links":{"self":[{"href":"https:\/\/thehimalayantreasure.pl\/en\/wp-json\/wp\/v2\/product\/776","targetHints":{"allow":["GET"]}}],"collection":[{"href":"https:\/\/thehimalayantreasure.pl\/en\/wp-json\/wp\/v2\/product"}],"about":[{"href":"https:\/\/thehimalayantreasure.pl\/en\/wp-json\/wp\/v2\/types\/product"}],"replies":[{"embeddable":true,"href":"https:\/\/thehimalayantreasure.pl\/en\/wp-json\/wp\/v2\/comments?post=776"}],"wp:featuredmedia":[{"embeddable":true,"href":"https:\/\/thehimalayantreasure.pl\/en\/wp-json\/wp\/v2\/media\/777"}],"wp:attachment":[{"href":"https:\/\/thehimalayantreasure.pl\/en\/wp-json\/wp\/v2\/media?parent=776"}],"wp:term":[{"taxonomy":"product_brand","embeddable":true,"href":"https:\/\/thehimalayantreasure.pl\/en\/wp-json\/wp\/v2\/product_brand?post=776"},{"taxonomy":"product_cat","embeddable":true,"href":"https:\/\/thehimalayantreasure.pl\/en\/wp-json\/wp\/v2\/product_cat?post=776"},{"taxonomy":"product_tag","embeddable":true,"href":"https:\/\/thehimalayantreasure.pl\/en\/wp-json\/wp\/v2\/product_tag?post=776"}],"curies":[{"name":"wp","href":"https:\/\/api.w.org\/{rel}","templated":true}]}}