{"id":787,"date":"2018-09-30T18:24:27","date_gmt":"2018-09-30T16:24:27","guid":{"rendered":"http:\/\/www.thehimalayantreasure.pl\/?post_type=product&#038;p=787"},"modified":"2025-08-24T11:37:29","modified_gmt":"2025-08-24T09:37:29","slug":"gulab-jamun-2-pcs","status":"publish","type":"product","link":"https:\/\/thehimalayantreasure.pl\/en\/product\/gulab-jamun-2-pcs\/","title":{"rendered":"Gulab Jamun (2 Pcs.)"},"content":{"rendered":"<p>Gulab jamun is a popular milk-solid-based dessert from the Indian subcontinent, made from dough balls, traditionally from khoya (reduced milk solids), that are deep-fried and then soaked in a sweet, rosewater-scented syrup. The balls are deep-fried at a low temperature until golden brown and then immersed in a sugary syrup, often flavored with cardamom and saffron, creating a moist, aromatic, and sweet confection.<\/p>\n<p>Gulab jamun to popularny deser na bazie mleka w proszku z subkontynentu indyjskiego. Wytwarza si\u0119 go z kulek ciasta, tradycyjnie z khoya (mleko w proszku o obni\u017conej zawarto\u015bci), sma\u017conych w g\u0142\u0119bokim t\u0142uszczu, a nast\u0119pnie moczonych w s\u0142odkim syropie o zapachu wody r\u00f3\u017canej. Kulki sma\u017cone s\u0105 w niskiej temperaturze do uzyskania z\u0142ocistego koloru, a nast\u0119pnie zanurzane w s\u0142odkim syropie, cz\u0119sto aromatyzowanym kardamonem i szafranem, tworz\u0105c wilgotny, aromatyczny i s\u0142odki deser.<\/p>\n","protected":false},"excerpt":{"rendered":"<p>Sweet desert made from milk powder and cream after forming it into small balls then fried in oil and served after dipping into hot sugar-water mixture<\/p>\n<p>S\u0142odki deser sporz\u0105dzony z mleka w proszku i \u015bmietany, uformowany w kszta\u0142ty ma\u0142ych kulek, nast\u0119pnie sma\u017cony w oleju i podawany po zanurzeniu w gor\u0105cej wodzie z cukrem<\/p>\n","protected":false},"featured_media":788,"comment_status":"open","ping_status":"closed","template":"","meta":[],"product_brand":[],"product_cat":[84],"product_tag":[],"class_list":{"0":"post-787","1":"product","2":"type-product","3":"status-publish","4":"has-post-thumbnail","6":"product_cat-desery","8":"first","9":"instock","10":"taxable","11":"shipping-taxable","12":"purchasable","13":"product-type-simple"},"jetpack_sharing_enabled":true,"_links":{"self":[{"href":"https:\/\/thehimalayantreasure.pl\/en\/wp-json\/wp\/v2\/product\/787","targetHints":{"allow":["GET"]}}],"collection":[{"href":"https:\/\/thehimalayantreasure.pl\/en\/wp-json\/wp\/v2\/product"}],"about":[{"href":"https:\/\/thehimalayantreasure.pl\/en\/wp-json\/wp\/v2\/types\/product"}],"replies":[{"embeddable":true,"href":"https:\/\/thehimalayantreasure.pl\/en\/wp-json\/wp\/v2\/comments?post=787"}],"wp:featuredmedia":[{"embeddable":true,"href":"https:\/\/thehimalayantreasure.pl\/en\/wp-json\/wp\/v2\/media\/788"}],"wp:attachment":[{"href":"https:\/\/thehimalayantreasure.pl\/en\/wp-json\/wp\/v2\/media?parent=787"}],"wp:term":[{"taxonomy":"product_brand","embeddable":true,"href":"https:\/\/thehimalayantreasure.pl\/en\/wp-json\/wp\/v2\/product_brand?post=787"},{"taxonomy":"product_cat","embeddable":true,"href":"https:\/\/thehimalayantreasure.pl\/en\/wp-json\/wp\/v2\/product_cat?post=787"},{"taxonomy":"product_tag","embeddable":true,"href":"https:\/\/thehimalayantreasure.pl\/en\/wp-json\/wp\/v2\/product_tag?post=787"}],"curies":[{"name":"wp","href":"https:\/\/api.w.org\/{rel}","templated":true}]}}