{"id":813,"date":"2018-09-30T18:55:33","date_gmt":"2018-09-30T16:55:33","guid":{"rendered":"http:\/\/www.thehimalayantreasure.pl\/?post_type=product&#038;p=813"},"modified":"2025-08-24T10:55:41","modified_gmt":"2025-08-24T08:55:41","slug":"fruit-lassi","status":"publish","type":"product","link":"https:\/\/thehimalayantreasure.pl\/en\/product\/fruit-lassi\/","title":{"rendered":"Banana Lassi"},"content":{"rendered":"<p>Banana Lassi is a tasty, refreshing yogurt-based blended drink. Whiz up this easy recipe in minutes with just a few simple ingredients. Banana Lassi is a sweet smoothie-like drink that originated in India.<\/p>\n<p>Simply blend up bananas with yogurt, sugar (optional) and ice in this recipe for a cold smoothie that\u2019s perfect for the summer months and great for kids!<\/p>\n<p>Banana Lassi to smaczny, orze\u017awiaj\u0105cy nap\u00f3j na bazie jogurtu. Przygotuj ten prosty przepis w kilka minut, u\u017cywaj\u0105c zaledwie kilku prostych sk\u0142adnik\u00f3w. Banana Lassi to s\u0142odki nap\u00f3j o konsystencji smoothie, kt\u00f3ry pochodzi z Indii.<\/p>\n<p>Po prostu zmiksuj banany z jogurtem, cukrem (opcjonalnie) i lodem w tym przepisie, aby uzyska\u0107 zimny koktajl idealny na letnie miesi\u0105ce i \u015bwietny dla dzieci!<\/p>\n","protected":false},"excerpt":{"rendered":"<p>Sweet lassi with bananas<\/p>\n<p>Sweet lassi z bananem<\/p>\n","protected":false},"featured_media":6323,"comment_status":"open","ping_status":"closed","template":"","meta":[],"product_brand":[],"product_cat":[86],"product_tag":[],"class_list":{"0":"post-813","1":"product","2":"type-product","3":"status-publish","4":"has-post-thumbnail","6":"product_cat-napoje-indyjskie-nepalskie","8":"first","9":"instock","10":"taxable","11":"shipping-taxable","12":"purchasable","13":"product-type-simple"},"jetpack_sharing_enabled":true,"_links":{"self":[{"href":"https:\/\/thehimalayantreasure.pl\/en\/wp-json\/wp\/v2\/product\/813","targetHints":{"allow":["GET"]}}],"collection":[{"href":"https:\/\/thehimalayantreasure.pl\/en\/wp-json\/wp\/v2\/product"}],"about":[{"href":"https:\/\/thehimalayantreasure.pl\/en\/wp-json\/wp\/v2\/types\/product"}],"replies":[{"embeddable":true,"href":"https:\/\/thehimalayantreasure.pl\/en\/wp-json\/wp\/v2\/comments?post=813"}],"wp:featuredmedia":[{"embeddable":true,"href":"https:\/\/thehimalayantreasure.pl\/en\/wp-json\/wp\/v2\/media\/6323"}],"wp:attachment":[{"href":"https:\/\/thehimalayantreasure.pl\/en\/wp-json\/wp\/v2\/media?parent=813"}],"wp:term":[{"taxonomy":"product_brand","embeddable":true,"href":"https:\/\/thehimalayantreasure.pl\/en\/wp-json\/wp\/v2\/product_brand?post=813"},{"taxonomy":"product_cat","embeddable":true,"href":"https:\/\/thehimalayantreasure.pl\/en\/wp-json\/wp\/v2\/product_cat?post=813"},{"taxonomy":"product_tag","embeddable":true,"href":"https:\/\/thehimalayantreasure.pl\/en\/wp-json\/wp\/v2\/product_tag?post=813"}],"curies":[{"name":"wp","href":"https:\/\/api.w.org\/{rel}","templated":true}]}}